{"id":19113,"date":"2026-02-27T00:43:06","date_gmt":"2026-02-27T00:43:06","guid":{"rendered":"https:\/\/nordicmart.andreevmaster.com\/product\/songmics-bilderram-7-pack-med-sparfria-vaggkrokar-askgra\/"},"modified":"2026-02-27T08:30:56","modified_gmt":"2026-02-27T08:30:56","slug":"songmics-bilderram-7-pack-med-sparfria-vaggkrokar-askgra","status":"publish","type":"product","link":"https:\/\/nordicmart.andreevmaster.com\/sv\/produkt\/songmics-bilderram-7-pack-med-sparfria-vaggkrokar-askgra\/","title":{"rendered":"SONGMICS Bilderram 7-pack med sp\u00e5rfria v\u00e4ggkrokar askgr\u00e5"},"content":{"rendered":"<p>SONGMICS fotoram 10 passepartouter, 7-pack fotoramar, en 20 x 25 cm, tv\u00e5 13 x 18 cm, fyra 10 x 15 cm, h\u00e4nga upp, st\u00e4lla upp, MDF, glas, 9 sp\u00e5rfria v\u00e4ggkrokar, askgr\u00e5 RPF047B01<br \/>\nF\u00e4rg: Askgr\u00e5<br \/>\nMaterial: MDF (medeldensitetsfiberplatta), glas<br \/>\nStorlek p\u00e5 den stora ramen: 23 x 28 cm<br \/>\nStorlek p\u00e5 den medelstora ramen: 15,3 x 20,4 cm<br \/>\nStorlek p\u00e5 den lilla ramen: 12,8 x 17,9 cm<br \/>\nRamens tjocklek: 1,5 cm<br \/>\nVikt f\u00f6r 7 ramar: 1,7 kg<\/p>\n","protected":false},"excerpt":{"rendered":"<p>SONGMICS fotoram 10 passepartouter, 7-pack fotoramar, en 20 x 25 cm, tv\u00e5 13 x 18 cm, fyra 10 x 15 cm, h\u00e4nga upp, st\u00e4lla upp, MDF, glas, 9 sp\u00e5rfria v\u00e4ggkrokar, askgr\u00e5 RPF047B01<\/p>\n","protected":false},"featured_media":46065,"comment_status":"open","ping_status":"closed","template":"","meta":[],"product_brand":[],"product_cat":[33],"product_tag":[],"class_list":{"0":"post-19113","1":"product","2":"type-product","3":"status-publish","4":"has-post-thumbnail","6":"product_cat-okategoriserad","8":"first","9":"instock","10":"shipping-taxable","11":"purchasable","12":"product-type-simple"},"_links":{"self":[{"href":"https:\/\/nordicmart.andreevmaster.com\/sv\/wp-json\/wp\/v2\/product\/19113","targetHints":{"allow":["GET"]}}],"collection":[{"href":"https:\/\/nordicmart.andreevmaster.com\/sv\/wp-json\/wp\/v2\/product"}],"about":[{"href":"https:\/\/nordicmart.andreevmaster.com\/sv\/wp-json\/wp\/v2\/types\/product"}],"replies":[{"embeddable":true,"href":"https:\/\/nordicmart.andreevmaster.com\/sv\/wp-json\/wp\/v2\/comments?post=19113"}],"wp:featuredmedia":[{"embeddable":true,"href":"https:\/\/nordicmart.andreevmaster.com\/sv\/wp-json\/wp\/v2\/media\/46065"}],"wp:attachment":[{"href":"https:\/\/nordicmart.andreevmaster.com\/sv\/wp-json\/wp\/v2\/media?parent=19113"}],"wp:term":[{"taxonomy":"product_brand","embeddable":true,"href":"https:\/\/nordicmart.andreevmaster.com\/sv\/wp-json\/wp\/v2\/product_brand?post=19113"},{"taxonomy":"product_cat","embeddable":true,"href":"https:\/\/nordicmart.andreevmaster.com\/sv\/wp-json\/wp\/v2\/product_cat?post=19113"},{"taxonomy":"product_tag","embeddable":true,"href":"https:\/\/nordicmart.andreevmaster.com\/sv\/wp-json\/wp\/v2\/product_tag?post=19113"}],"curies":[{"name":"wp","href":"https:\/\/api.w.org\/{rel}","templated":true}]}}