{"id":19112,"date":"2026-02-27T00:43:06","date_gmt":"2026-02-27T00:43:06","guid":{"rendered":"https:\/\/nordicmart.andreevmaster.com\/product\/songmics-fotoram-3-pack-med-passepartout\/"},"modified":"2026-02-27T08:30:55","modified_gmt":"2026-02-27T08:30:55","slug":"songmics-fotoram-3-pack-med-passepartout","status":"publish","type":"product","link":"https:\/\/nordicmart.andreevmaster.com\/sv\/produkt\/songmics-fotoram-3-pack-med-passepartout\/","title":{"rendered":"SONGMICS fotoram 3-pack med passepartout"},"content":{"rendered":"<p>Stort format f\u00f6r h\u00f6g belastning Detta set inneh\u00e5ller 3 stora ramar f\u00f6r bilder i A3-format, som du kan anv\u00e4nda f\u00f6r att visa landskap, konstverk eller certifikat; perfekt f\u00f6r anv\u00e4ndning hemma och p\u00e5 kontoret. Som en bonus ing\u00e5r passepartout\/fotorammatta, s\u00e5 att du kan visa bilder i tv\u00e5 storlekar: A3, 29,7 x 42 cm (utan matta), eller A4, 21 x 29,7 cm (med matta). Enkel men elegant dekoration Dessa fotoramar \u00e4r tillverkade av tr\u00e4fiberplattor med en klar silhuett och sl\u00e4t yta och passar b\u00e5de klassiska och moderna verk. De \u00e4r diskreta f\u00f6r att komplettera dina foton eller konstverk utan att \u00f6verv\u00e4ldiga fotot eller konsten i sig. F\u00f6rtjockade ramkanter (1,8 cm) \u00f6kar den stereoskopiska effekten och g\u00f6r den mer dekorativ. Allt f\u00f6r din bekv\u00e4mlighet Dessa fotoramar \u00e4r utrustade med en bakre st\u00e4llning och 2 upph\u00e4ngningsanordningar f\u00f6r presentation p\u00e5 bord eller p\u00e5 v\u00e4ggen. Dessutom kan de visas antingen horisontellt eller vertikalt f\u00f6r \u00f6kad m\u00e5ngsidighet. Produktdetaljer:  &#8211; F\u00e4rg: vit &#8211; Material: MDF, glas &#8211; Fotots m\u00e5tt: 29,7 x 42 cm (utan passepartout), 21 x 29,7 cm (med passepartout) &#8211; Kantbredd: 2 cm &#8211; Kanttjocklek: 1,8 cm &#8211; Vikt: 4,2 kg Leveransomfattning:  &#8211; 3 x fotoram SONGMICS Anm\u00e4rkningar:  &#8211; Undvik att placera v\u00e4rdesaker under en fotoram. &#8211; V\u00e4ggskruvar ing\u00e5r inte i leveransen, eftersom olika v\u00e4ggmaterial kr\u00e4ver olika typer av f\u00e4stning. Kontakta en lokal j\u00e4rnhandlare om det beh\u00f6vs.<\/p>\n","protected":false},"excerpt":{"rendered":"<p>SONGMICS fotoram 3-pack, f\u00f6r DIN A3 (29,7 x 42 cm) utan passepartout, f\u00f6r A4 (21 x 29,7 cm) med passepartout, fotoram, glasskiva, rambredd 2 cm, MDF, vit RPF03WT<\/p>\n","protected":false},"featured_media":46064,"comment_status":"open","ping_status":"closed","template":"","meta":[],"product_brand":[],"product_cat":[33],"product_tag":[],"class_list":{"0":"post-19112","1":"product","2":"type-product","3":"status-publish","4":"has-post-thumbnail","6":"product_cat-okategoriserad","8":"first","9":"instock","10":"shipping-taxable","11":"purchasable","12":"product-type-simple"},"_links":{"self":[{"href":"https:\/\/nordicmart.andreevmaster.com\/sv\/wp-json\/wp\/v2\/product\/19112","targetHints":{"allow":["GET"]}}],"collection":[{"href":"https:\/\/nordicmart.andreevmaster.com\/sv\/wp-json\/wp\/v2\/product"}],"about":[{"href":"https:\/\/nordicmart.andreevmaster.com\/sv\/wp-json\/wp\/v2\/types\/product"}],"replies":[{"embeddable":true,"href":"https:\/\/nordicmart.andreevmaster.com\/sv\/wp-json\/wp\/v2\/comments?post=19112"}],"wp:featuredmedia":[{"embeddable":true,"href":"https:\/\/nordicmart.andreevmaster.com\/sv\/wp-json\/wp\/v2\/media\/46064"}],"wp:attachment":[{"href":"https:\/\/nordicmart.andreevmaster.com\/sv\/wp-json\/wp\/v2\/media?parent=19112"}],"wp:term":[{"taxonomy":"product_brand","embeddable":true,"href":"https:\/\/nordicmart.andreevmaster.com\/sv\/wp-json\/wp\/v2\/product_brand?post=19112"},{"taxonomy":"product_cat","embeddable":true,"href":"https:\/\/nordicmart.andreevmaster.com\/sv\/wp-json\/wp\/v2\/product_cat?post=19112"},{"taxonomy":"product_tag","embeddable":true,"href":"https:\/\/nordicmart.andreevmaster.com\/sv\/wp-json\/wp\/v2\/product_tag?post=19112"}],"curies":[{"name":"wp","href":"https:\/\/api.w.org\/{rel}","templated":true}]}}