{"id":19111,"date":"2026-02-27T00:43:05","date_gmt":"2026-02-27T00:43:05","guid":{"rendered":"https:\/\/nordicmart.andreevmaster.com\/product\/songmics-fotoramcollage-for-9-foton-vit\/"},"modified":"2026-02-27T08:30:55","modified_gmt":"2026-02-27T08:30:55","slug":"songmics-fotoramcollage-for-9-foton-vit","status":"publish","type":"product","link":"https:\/\/nordicmart.andreevmaster.com\/sv\/produkt\/songmics-fotoramcollage-for-9-foton-vit\/","title":{"rendered":"SONGMICS fotoramcollage f\u00f6r 9 foton Vit"},"content":{"rendered":"<p>Vill du alltid kunna se dina barns s\u00f6ta leenden, dela dina lyckligaste stunder med andra eller st\u00e4lla ut ett konstverk? Denna fotoramcollage fr\u00e5n SONGMICS skyddar dina selfies, konstverk eller fotografier och lyfter fram dem p\u00e5 ett unikt s\u00e4tt.   Individualitet och raffinement H\u00e4ng upp fantastiska landskap eller uttrycksfulla portr\u00e4tt p\u00e5 dina v\u00e4ggar och ge din bostad en personlig touch. De \u00f6verlappande ramarna drar blickarna till sig som genom magi och riktar dem mot dina vackraste foton.   H\u00f6jdpunkterna i denna collage: &#8211; Passar f\u00f6r nio foton i storleken 10 x 15 cm &#8211; Kan h\u00e4ngas upp horisontellt eller vertikalt &#8211; Glasskivor utan vassa kanter &#8211; En fantastisk present till dina n\u00e4ra och k\u00e4ra &#8211; Hakeh\u00e4ngare f\u00f6r snabb v\u00e4ggmontering &#8211; Vridbara kl\u00e4mmor f\u00f6r enkelt byte av bilder &#8211; Tydliga monteringsanvisningar och numrerade delar f\u00f6r enkel montering Produktdetaljer:- F\u00e4rg: Vit &#8211; Material: MDF (medeldensitetsfiberplatta), glas &#8211; Storlek: 47,4 x 2,4 x 47 cm (L x B x H) &#8211; Passande fotostorlek: 10 x 15 cm &#8211; Faktiskt synligt: 9,5 x 14,5 cm &#8211; Vikt: 1,65 kg Leveransomfattning:- 1 x fotoramcollage SONGMICS Anm\u00e4rkningar: &#8211; Alla glaskantarna har slipats med sand s\u00e5 att du s\u00e4kert kan byta ut dina foton. Collaget b\u00f6r \u00e4nd\u00e5 f\u00f6rvaras utom r\u00e4ckh\u00e5ll f\u00f6r barn. &#8211; Se till att collaget \u00e4r ordentligt fastsatt p\u00e5 v\u00e4ggen.<\/p>\n","protected":false},"excerpt":{"rendered":"<p>SONGMICS bildramcollage f\u00f6r 9 foton, bildram, fotoram, fotocollage, passar f\u00f6r 10 x 15 cm (4 x 6 tum) stora bilder, v\u00e4ggmontering, familjefoton, MDF, glas, vit RPF029W01<\/p>\n","protected":false},"featured_media":46063,"comment_status":"open","ping_status":"closed","template":"","meta":[],"product_brand":[],"product_cat":[33],"product_tag":[],"class_list":{"0":"post-19111","1":"product","2":"type-product","3":"status-publish","4":"has-post-thumbnail","6":"product_cat-okategoriserad","8":"first","9":"instock","10":"shipping-taxable","11":"purchasable","12":"product-type-simple"},"_links":{"self":[{"href":"https:\/\/nordicmart.andreevmaster.com\/sv\/wp-json\/wp\/v2\/product\/19111","targetHints":{"allow":["GET"]}}],"collection":[{"href":"https:\/\/nordicmart.andreevmaster.com\/sv\/wp-json\/wp\/v2\/product"}],"about":[{"href":"https:\/\/nordicmart.andreevmaster.com\/sv\/wp-json\/wp\/v2\/types\/product"}],"replies":[{"embeddable":true,"href":"https:\/\/nordicmart.andreevmaster.com\/sv\/wp-json\/wp\/v2\/comments?post=19111"}],"wp:featuredmedia":[{"embeddable":true,"href":"https:\/\/nordicmart.andreevmaster.com\/sv\/wp-json\/wp\/v2\/media\/46063"}],"wp:attachment":[{"href":"https:\/\/nordicmart.andreevmaster.com\/sv\/wp-json\/wp\/v2\/media?parent=19111"}],"wp:term":[{"taxonomy":"product_brand","embeddable":true,"href":"https:\/\/nordicmart.andreevmaster.com\/sv\/wp-json\/wp\/v2\/product_brand?post=19111"},{"taxonomy":"product_cat","embeddable":true,"href":"https:\/\/nordicmart.andreevmaster.com\/sv\/wp-json\/wp\/v2\/product_cat?post=19111"},{"taxonomy":"product_tag","embeddable":true,"href":"https:\/\/nordicmart.andreevmaster.com\/sv\/wp-json\/wp\/v2\/product_tag?post=19111"}],"curies":[{"name":"wp","href":"https:\/\/api.w.org\/{rel}","templated":true}]}}