{"id":19109,"date":"2026-02-27T00:43:05","date_gmt":"2026-02-27T00:43:05","guid":{"rendered":"https:\/\/nordicmart.andreevmaster.com\/product\/songmics-4-fotoramar-for-10-x-15-cm-bilder-vaggdekoration\/"},"modified":"2026-02-27T08:30:55","modified_gmt":"2026-02-27T08:30:55","slug":"songmics-4-fotoramar-for-10-x-15-cm-bilder-vaggdekoration","status":"publish","type":"product","link":"https:\/\/nordicmart.andreevmaster.com\/sv\/produkt\/songmics-4-fotoramar-for-10-x-15-cm-bilder-vaggdekoration\/","title":{"rendered":"SONGMICS 4 fotoramar f\u00f6r 10 x 15 cm bilder V\u00e4ggdekoration"},"content":{"rendered":"<p>SONGMICS fotoramcollage f\u00f6r 4 foton (10 x 15 cm), med glasskiva, v\u00e4ggmontering, fotogalleri, vintagebrun RPF025X01<br \/>\nF\u00e4rg: Ljusguld<br \/>\nMaterial: MDF-ram (medeldensitetsfiberplatta), glasskiva<br \/>\nStorlek: 30,5 x 30,5 cm (L x B)<br \/>\nPassande fotostorlekar: 10 x 15 cm<br \/>\nTjocklek p\u00e5 collageramen: 1,2 cm<br \/>\nVikt: 0,9 kg<\/p>\n","protected":false},"excerpt":{"rendered":"<p>SONGMICS fotoramcollage f\u00f6r 4 foton (10 x 15 cm), med glasskiva, v\u00e4ggmontering, fotogalleri, vintagebrun RPF025X01<\/p>\n","protected":false},"featured_media":46061,"comment_status":"open","ping_status":"closed","template":"","meta":[],"product_brand":[],"product_cat":[33],"product_tag":[],"class_list":{"0":"post-19109","1":"product","2":"type-product","3":"status-publish","4":"has-post-thumbnail","6":"product_cat-okategoriserad","8":"first","9":"instock","10":"shipping-taxable","11":"purchasable","12":"product-type-simple"},"_links":{"self":[{"href":"https:\/\/nordicmart.andreevmaster.com\/sv\/wp-json\/wp\/v2\/product\/19109","targetHints":{"allow":["GET"]}}],"collection":[{"href":"https:\/\/nordicmart.andreevmaster.com\/sv\/wp-json\/wp\/v2\/product"}],"about":[{"href":"https:\/\/nordicmart.andreevmaster.com\/sv\/wp-json\/wp\/v2\/types\/product"}],"replies":[{"embeddable":true,"href":"https:\/\/nordicmart.andreevmaster.com\/sv\/wp-json\/wp\/v2\/comments?post=19109"}],"wp:featuredmedia":[{"embeddable":true,"href":"https:\/\/nordicmart.andreevmaster.com\/sv\/wp-json\/wp\/v2\/media\/46061"}],"wp:attachment":[{"href":"https:\/\/nordicmart.andreevmaster.com\/sv\/wp-json\/wp\/v2\/media?parent=19109"}],"wp:term":[{"taxonomy":"product_brand","embeddable":true,"href":"https:\/\/nordicmart.andreevmaster.com\/sv\/wp-json\/wp\/v2\/product_brand?post=19109"},{"taxonomy":"product_cat","embeddable":true,"href":"https:\/\/nordicmart.andreevmaster.com\/sv\/wp-json\/wp\/v2\/product_cat?post=19109"},{"taxonomy":"product_tag","embeddable":true,"href":"https:\/\/nordicmart.andreevmaster.com\/sv\/wp-json\/wp\/v2\/product_tag?post=19109"}],"curies":[{"name":"wp","href":"https:\/\/api.w.org\/{rel}","templated":true}]}}