{"id":19103,"date":"2026-02-27T00:43:03","date_gmt":"2026-02-27T00:43:03","guid":{"rendered":"https:\/\/nordicmart.andreevmaster.com\/product\/songmics-12-fotoramar-for-10-x-15-cm-bilder-vaggdekoration\/"},"modified":"2026-02-27T08:30:53","modified_gmt":"2026-02-27T08:30:53","slug":"songmics-12-fotoramar-for-10-x-15-cm-bilder-vaggdekoration","status":"publish","type":"product","link":"https:\/\/nordicmart.andreevmaster.com\/sv\/produkt\/songmics-12-fotoramar-for-10-x-15-cm-bilder-vaggdekoration\/","title":{"rendered":"SONGMICS 12 fotoramar f\u00f6r 10 x 15 cm bilder, v\u00e4ggdekoration"},"content":{"rendered":"<p>SONGMICS Bildramcollage, 12 fotoramar f\u00f6r 10 x 15 cm bilder, fotocollage, v\u00e4ggcollage, multiramar, v\u00e4ggdekoration<br \/>\nF\u00e4rg: Naturbeige<br \/>\nMaterial: MDF-ram (medeldensitetsfiberplatta), glasskiva<br \/>\nStorlek: 63,3 x 63,3 cm (L x B)<br \/>\nPassande fotostorlekar: 10 x 15 cm<br \/>\nTjocklek p\u00e5 collageramen: 3,6 cm<br \/>\nVikt: 2,2 kg<\/p>\n","protected":false},"excerpt":{"rendered":"<p>SONGMICS Bildramcollage, 12 fotoramar f\u00f6r 10 x 15 cm bilder, fotocollage, v\u00e4ggcollage, multiramar, v\u00e4ggdekoration<\/p>\n","protected":false},"featured_media":46055,"comment_status":"open","ping_status":"closed","template":"","meta":[],"product_brand":[],"product_cat":[33],"product_tag":[],"class_list":{"0":"post-19103","1":"product","2":"type-product","3":"status-publish","4":"has-post-thumbnail","6":"product_cat-okategoriserad","8":"first","9":"instock","10":"shipping-taxable","11":"purchasable","12":"product-type-simple"},"_links":{"self":[{"href":"https:\/\/nordicmart.andreevmaster.com\/sv\/wp-json\/wp\/v2\/product\/19103","targetHints":{"allow":["GET"]}}],"collection":[{"href":"https:\/\/nordicmart.andreevmaster.com\/sv\/wp-json\/wp\/v2\/product"}],"about":[{"href":"https:\/\/nordicmart.andreevmaster.com\/sv\/wp-json\/wp\/v2\/types\/product"}],"replies":[{"embeddable":true,"href":"https:\/\/nordicmart.andreevmaster.com\/sv\/wp-json\/wp\/v2\/comments?post=19103"}],"wp:featuredmedia":[{"embeddable":true,"href":"https:\/\/nordicmart.andreevmaster.com\/sv\/wp-json\/wp\/v2\/media\/46055"}],"wp:attachment":[{"href":"https:\/\/nordicmart.andreevmaster.com\/sv\/wp-json\/wp\/v2\/media?parent=19103"}],"wp:term":[{"taxonomy":"product_brand","embeddable":true,"href":"https:\/\/nordicmart.andreevmaster.com\/sv\/wp-json\/wp\/v2\/product_brand?post=19103"},{"taxonomy":"product_cat","embeddable":true,"href":"https:\/\/nordicmart.andreevmaster.com\/sv\/wp-json\/wp\/v2\/product_cat?post=19103"},{"taxonomy":"product_tag","embeddable":true,"href":"https:\/\/nordicmart.andreevmaster.com\/sv\/wp-json\/wp\/v2\/product_tag?post=19103"}],"curies":[{"name":"wp","href":"https:\/\/api.w.org\/{rel}","templated":true}]}}