{"id":19100,"date":"2026-02-27T00:43:02","date_gmt":"2026-02-27T00:43:02","guid":{"rendered":"https:\/\/nordicmart.andreevmaster.com\/product\/songmics-bildramcollage-for-10-x-15-cm-bilder-naturbeige\/"},"modified":"2026-02-27T08:30:53","modified_gmt":"2026-02-27T08:30:53","slug":"songmics-bildramcollage-for-10-x-15-cm-bilder-naturbeige","status":"publish","type":"product","link":"https:\/\/nordicmart.andreevmaster.com\/sv\/produkt\/songmics-bildramcollage-for-10-x-15-cm-bilder-naturbeige\/","title":{"rendered":"SONGMICS bildramcollage f\u00f6r 10 x 15 cm bilder naturbeige"},"content":{"rendered":"<p>SONGMICS fotoramcollage, f\u00f6r 10 foton \u00e0 10 x 15 cm (4 x 6 tum), tillverkad av MDF-skivor, montering kr\u00e4vs, vintagebrun RPF020X01<\/p>\n<p>F\u00e4rg: Naturbeige<br \/>\nMaterial: MDF-ram (medeldensitetsfiberplatta), PS-plastskiva (polystyren)<br \/>\nStorlek: 60 x 49,3 cm (L x B)<br \/>\nPassande fotostorlekar: 10 x 15 cm<br \/>\nTjocklek p\u00e5 collageramen: 3,6 cm<br \/>\nVikt: 1,8 kg<\/p>\n","protected":false},"excerpt":{"rendered":"<p>SONGMICS fotoramcollage, f\u00f6r 10 foton \u00e0 10 x 15 cm (4 x 6 tum), tillverkad av MDF-skivor, montering kr\u00e4vs, vintagebrun RPF020X01<\/p>\n","protected":false},"featured_media":46053,"comment_status":"open","ping_status":"closed","template":"","meta":[],"product_brand":[],"product_cat":[33],"product_tag":[],"class_list":{"0":"post-19100","1":"product","2":"type-product","3":"status-publish","4":"has-post-thumbnail","6":"product_cat-okategoriserad","8":"first","9":"instock","10":"shipping-taxable","11":"purchasable","12":"product-type-simple"},"_links":{"self":[{"href":"https:\/\/nordicmart.andreevmaster.com\/sv\/wp-json\/wp\/v2\/product\/19100","targetHints":{"allow":["GET"]}}],"collection":[{"href":"https:\/\/nordicmart.andreevmaster.com\/sv\/wp-json\/wp\/v2\/product"}],"about":[{"href":"https:\/\/nordicmart.andreevmaster.com\/sv\/wp-json\/wp\/v2\/types\/product"}],"replies":[{"embeddable":true,"href":"https:\/\/nordicmart.andreevmaster.com\/sv\/wp-json\/wp\/v2\/comments?post=19100"}],"wp:featuredmedia":[{"embeddable":true,"href":"https:\/\/nordicmart.andreevmaster.com\/sv\/wp-json\/wp\/v2\/media\/46053"}],"wp:attachment":[{"href":"https:\/\/nordicmart.andreevmaster.com\/sv\/wp-json\/wp\/v2\/media?parent=19100"}],"wp:term":[{"taxonomy":"product_brand","embeddable":true,"href":"https:\/\/nordicmart.andreevmaster.com\/sv\/wp-json\/wp\/v2\/product_brand?post=19100"},{"taxonomy":"product_cat","embeddable":true,"href":"https:\/\/nordicmart.andreevmaster.com\/sv\/wp-json\/wp\/v2\/product_cat?post=19100"},{"taxonomy":"product_tag","embeddable":true,"href":"https:\/\/nordicmart.andreevmaster.com\/sv\/wp-json\/wp\/v2\/product_tag?post=19100"}],"curies":[{"name":"wp","href":"https:\/\/api.w.org\/{rel}","templated":true}]}}