{"id":19094,"date":"2026-02-27T00:43:00","date_gmt":"2026-02-27T00:43:00","guid":{"rendered":"https:\/\/nordicmart.andreevmaster.com\/product\/songmics-fotoram-med-snore-vit\/"},"modified":"2026-02-27T08:30:51","modified_gmt":"2026-02-27T08:30:51","slug":"songmics-fotoram-med-snore-vit","status":"publish","type":"product","link":"https:\/\/nordicmart.andreevmaster.com\/sv\/produkt\/songmics-fotoram-med-snore-vit\/","title":{"rendered":"SONGMICS fotoram med sn\u00f6re Vit"},"content":{"rendered":"<p>Med denna fotoram kan du bevara minnena av din familj, din barndom eller en speciell resa i ditt hj\u00e4rta \u2013 dina minnen framh\u00e4vs p\u00e5 ett kreativt s\u00e4tt och pryder v\u00e4ggen i din hall, vardagsrum eller arbetsrum. H\u00f6jdpunkterna i denna fotoram: &#8211; Med 3 sm\u00e5 kl\u00e4dnypor och 10 n\u00e5lar &#8211; S\u00e4tter dina foton, teckningar, vykort etc. i r\u00e4tt ljus &#8211; Linneytryck med vadderad baksida som ger fotoramen en stilfull touch. &#8211; Genomskinlig glasskiva med slipade kanter; g\u00f6r att du kan se skarpa bilder; skyddar dina h\u00e4nder fr\u00e5n skador &#8211; Vridbara kl\u00e4mmor f\u00f6r enkelt byte av bilder &#8211; En fantastisk present till dina n\u00e4ra och k\u00e4ra &#8211; Hake p\u00e5 baksidan f\u00f6r snabb v\u00e4ggmontering Produktdetaljer:- F\u00e4rg: Vit &#8211; Material: MDF (medeldensitetsfiberplatta), glas &#8211; Storlek: 22,5 x 4 x 27,5 cm (L x B x H) &#8211; Innerm\u00e5tt (utan ram): 19,5 x 24,5 cm &#8211; Vikt: 0,75 kg Leveransomfattning: &#8211; 1 x fotoram SONGICS Anm\u00e4rkningar:- Alla kanter p\u00e5 glasskivan \u00e4r slipade f\u00f6r att garantera din s\u00e4kerhet n\u00e4r du byter bilder. Du b\u00f6r \u00e4nd\u00e5 h\u00e5lla barn borta fr\u00e5n denna produkt. &#8211; Placera produkten p\u00e5 en plan yta eller f\u00e4st den stadigt p\u00e5 v\u00e4ggen.<\/p>\n","protected":false},"excerpt":{"rendered":"<p>SONGMICS fotoram 3D, l\u00e5da, fotoram med sn\u00f6re, sm\u00e5 kl\u00e4dnypor och n\u00e5lar, DIY, linneytor och stoppning p\u00e5 insidan av baksidan, glasskiva, tillverkad av MDF, vit RPF007W01<\/p>\n","protected":false},"featured_media":46047,"comment_status":"open","ping_status":"closed","template":"","meta":[],"product_brand":[],"product_cat":[33],"product_tag":[],"class_list":{"0":"post-19094","1":"product","2":"type-product","3":"status-publish","4":"has-post-thumbnail","6":"product_cat-okategoriserad","8":"first","9":"instock","10":"shipping-taxable","11":"purchasable","12":"product-type-simple"},"_links":{"self":[{"href":"https:\/\/nordicmart.andreevmaster.com\/sv\/wp-json\/wp\/v2\/product\/19094","targetHints":{"allow":["GET"]}}],"collection":[{"href":"https:\/\/nordicmart.andreevmaster.com\/sv\/wp-json\/wp\/v2\/product"}],"about":[{"href":"https:\/\/nordicmart.andreevmaster.com\/sv\/wp-json\/wp\/v2\/types\/product"}],"replies":[{"embeddable":true,"href":"https:\/\/nordicmart.andreevmaster.com\/sv\/wp-json\/wp\/v2\/comments?post=19094"}],"wp:featuredmedia":[{"embeddable":true,"href":"https:\/\/nordicmart.andreevmaster.com\/sv\/wp-json\/wp\/v2\/media\/46047"}],"wp:attachment":[{"href":"https:\/\/nordicmart.andreevmaster.com\/sv\/wp-json\/wp\/v2\/media?parent=19094"}],"wp:term":[{"taxonomy":"product_brand","embeddable":true,"href":"https:\/\/nordicmart.andreevmaster.com\/sv\/wp-json\/wp\/v2\/product_brand?post=19094"},{"taxonomy":"product_cat","embeddable":true,"href":"https:\/\/nordicmart.andreevmaster.com\/sv\/wp-json\/wp\/v2\/product_cat?post=19094"},{"taxonomy":"product_tag","embeddable":true,"href":"https:\/\/nordicmart.andreevmaster.com\/sv\/wp-json\/wp\/v2\/product_tag?post=19094"}],"curies":[{"name":"wp","href":"https:\/\/api.w.org\/{rel}","templated":true}]}}