{"id":19093,"date":"2026-02-27T00:43:00","date_gmt":"2026-02-27T00:43:00","guid":{"rendered":"https:\/\/nordicmart.andreevmaster.com\/product\/songmics-bilderrahmen-diy-geschenkidee-schwarz\/"},"modified":"2026-02-27T08:30:51","modified_gmt":"2026-02-27T08:30:51","slug":"songmics-bilderrahmen-diy-geschenkidee-schwarz","status":"publish","type":"product","link":"https:\/\/nordicmart.andreevmaster.com\/sv\/produkt\/songmics-bilderrahmen-diy-geschenkidee-schwarz\/","title":{"rendered":"SONGMICS Bilderrahmen DIY Geschenkidee schwarz"},"content":{"rendered":"<p>SONGMICS fotoram 3D, l\u00e5da, fotoram med sn\u00f6re, sm\u00e5 kl\u00e4dnypor och n\u00e5lar, DIY, linneytor och stoppning p\u00e5 insidan av baksidan, glasskiva, tillverkad av MDF, vit RPF007W01<br \/>\nF\u00e4rg: Svart<br \/>\nMaterial: MDF (medeldensitetsfiberplatta), glas<br \/>\nStorlek: 30,4 x 5,5 x 38 cm (L x B x H)<br \/>\nInre djup: 3,5 cm<br \/>\nVikt: 1,3 kg<\/p>\n","protected":false},"excerpt":{"rendered":"<p>SONGMICS fotoram 3D, l\u00e5da, fotoram med sn\u00f6re, sm\u00e5 kl\u00e4dnypor och n\u00e5lar, DIY, linneytor och stoppning p\u00e5 insidan av baksidan, glasskiva, tillverkad av MDF, vit RPF007W01<\/p>\n","protected":false},"featured_media":46046,"comment_status":"open","ping_status":"closed","template":"","meta":[],"product_brand":[],"product_cat":[33],"product_tag":[],"class_list":{"0":"post-19093","1":"product","2":"type-product","3":"status-publish","4":"has-post-thumbnail","6":"product_cat-okategoriserad","8":"first","9":"instock","10":"shipping-taxable","11":"purchasable","12":"product-type-simple"},"_links":{"self":[{"href":"https:\/\/nordicmart.andreevmaster.com\/sv\/wp-json\/wp\/v2\/product\/19093","targetHints":{"allow":["GET"]}}],"collection":[{"href":"https:\/\/nordicmart.andreevmaster.com\/sv\/wp-json\/wp\/v2\/product"}],"about":[{"href":"https:\/\/nordicmart.andreevmaster.com\/sv\/wp-json\/wp\/v2\/types\/product"}],"replies":[{"embeddable":true,"href":"https:\/\/nordicmart.andreevmaster.com\/sv\/wp-json\/wp\/v2\/comments?post=19093"}],"wp:featuredmedia":[{"embeddable":true,"href":"https:\/\/nordicmart.andreevmaster.com\/sv\/wp-json\/wp\/v2\/media\/46046"}],"wp:attachment":[{"href":"https:\/\/nordicmart.andreevmaster.com\/sv\/wp-json\/wp\/v2\/media?parent=19093"}],"wp:term":[{"taxonomy":"product_brand","embeddable":true,"href":"https:\/\/nordicmart.andreevmaster.com\/sv\/wp-json\/wp\/v2\/product_brand?post=19093"},{"taxonomy":"product_cat","embeddable":true,"href":"https:\/\/nordicmart.andreevmaster.com\/sv\/wp-json\/wp\/v2\/product_cat?post=19093"},{"taxonomy":"product_tag","embeddable":true,"href":"https:\/\/nordicmart.andreevmaster.com\/sv\/wp-json\/wp\/v2\/product_tag?post=19093"}],"curies":[{"name":"wp","href":"https:\/\/api.w.org\/{rel}","templated":true}]}}