{"id":19091,"date":"2026-02-27T00:42:59","date_gmt":"2026-02-27T00:42:59","guid":{"rendered":"https:\/\/nordicmart.andreevmaster.com\/product\/songmics-forvaringsbox-3-pack-med-lock\/"},"modified":"2026-02-27T08:30:51","modified_gmt":"2026-02-27T08:30:51","slug":"songmics-forvaringsbox-3-pack-med-lock","status":"publish","type":"product","link":"https:\/\/nordicmart.andreevmaster.com\/sv\/produkt\/songmics-forvaringsbox-3-pack-med-lock\/","title":{"rendered":"SONGMICS f\u00f6rvaringsbox 3-pack med lock"},"content":{"rendered":"<p>SONGMICS f\u00f6rvaringsl\u00e5da, 3-pack, plastorganiserare, med lock, 5 d\u00f6rrar, hopf\u00e4llbar, 53 x 36 x 30 cm, 44 liter<br \/>\nF\u00e4rg: molnvit-skiffergr\u00e5<br \/>\nMaterial: PP (polypropen), HIPS (h\u00f6gslagfast polystyren)<br \/>\nYtterm\u00e5tt f\u00f6r varje l\u00e5da: 61 x 42,5 x 33,5 cm (L x B x H)<br \/>\nInnerm\u00e5tt f\u00f6r varje l\u00e5da: 54,5 x 39 x 32 cm (L x B x H)<br \/>\nTotalvikt: 7,5 kg<br \/>\nMax. statisk belastningskapacitet per l\u00e5da: 15 kg<br \/>\nMax. statisk belastningskapacitet p\u00e5 ovansidan: 10 kg<br \/>\nMax. statisk total belastningskapacitet vid stapling: 55 kg<br \/>\nVolym: 68 liter<\/p>\n","protected":false},"excerpt":{"rendered":"<p>SONGMICS f\u00f6rvaringsl\u00e5da, 3-pack, plastorganiserare, med lock, 5 d\u00f6rrar, hopf\u00e4llbar, 53 x 36 x 30 cm, 44 liter<\/p>\n","protected":false},"featured_media":46044,"comment_status":"open","ping_status":"closed","template":"","meta":[],"product_brand":[],"product_cat":[33],"product_tag":[],"class_list":{"0":"post-19091","1":"product","2":"type-product","3":"status-publish","4":"has-post-thumbnail","6":"product_cat-okategoriserad","8":"first","9":"instock","10":"shipping-taxable","11":"purchasable","12":"product-type-simple"},"_links":{"self":[{"href":"https:\/\/nordicmart.andreevmaster.com\/sv\/wp-json\/wp\/v2\/product\/19091","targetHints":{"allow":["GET"]}}],"collection":[{"href":"https:\/\/nordicmart.andreevmaster.com\/sv\/wp-json\/wp\/v2\/product"}],"about":[{"href":"https:\/\/nordicmart.andreevmaster.com\/sv\/wp-json\/wp\/v2\/types\/product"}],"replies":[{"embeddable":true,"href":"https:\/\/nordicmart.andreevmaster.com\/sv\/wp-json\/wp\/v2\/comments?post=19091"}],"wp:featuredmedia":[{"embeddable":true,"href":"https:\/\/nordicmart.andreevmaster.com\/sv\/wp-json\/wp\/v2\/media\/46044"}],"wp:attachment":[{"href":"https:\/\/nordicmart.andreevmaster.com\/sv\/wp-json\/wp\/v2\/media?parent=19091"}],"wp:term":[{"taxonomy":"product_brand","embeddable":true,"href":"https:\/\/nordicmart.andreevmaster.com\/sv\/wp-json\/wp\/v2\/product_brand?post=19091"},{"taxonomy":"product_cat","embeddable":true,"href":"https:\/\/nordicmart.andreevmaster.com\/sv\/wp-json\/wp\/v2\/product_cat?post=19091"},{"taxonomy":"product_tag","embeddable":true,"href":"https:\/\/nordicmart.andreevmaster.com\/sv\/wp-json\/wp\/v2\/product_tag?post=19091"}],"curies":[{"name":"wp","href":"https:\/\/api.w.org\/{rel}","templated":true}]}}