{"id":19085,"date":"2026-02-27T00:42:58","date_gmt":"2026-02-27T00:42:58","guid":{"rendered":"https:\/\/nordicmart.andreevmaster.com\/product\/songmics-forvaringsbox-8-pack-i-non-woven-tyg-30-x-30-x-30-cm\/"},"modified":"2026-02-27T08:30:49","modified_gmt":"2026-02-27T08:30:49","slug":"songmics-forvaringsbox-8-pack-i-non-woven-tyg-30-x-30-x-30-cm","status":"publish","type":"product","link":"https:\/\/nordicmart.andreevmaster.com\/sv\/produkt\/songmics-forvaringsbox-8-pack-i-non-woven-tyg-30-x-30-x-30-cm\/","title":{"rendered":"SONGMICS f\u00f6rvaringsbox 8-pack i non-woven-tyg 30 x 30 x 30 cm"},"content":{"rendered":"<p>SONGMICS f\u00f6rvaringsbox, 8-pack, f\u00f6rvaringsboxar av non-woven-tyg med handtag, 26 x 26 x 28 cm, gr\u00e5 melerad ROB826G01<\/p>\n","protected":false},"excerpt":{"rendered":"<p>SONGMICS f\u00f6rvaringsbox, 8-pack, f\u00f6rvaringsboxar av non-woven-tyg med handtag, 26 x 26 x 28 cm, gr\u00e5 melerad ROB826G01<\/p>\n","protected":false},"featured_media":46038,"comment_status":"open","ping_status":"closed","template":"","meta":[],"product_brand":[],"product_cat":[33],"product_tag":[],"class_list":{"0":"post-19085","1":"product","2":"type-product","3":"status-publish","4":"has-post-thumbnail","6":"product_cat-okategoriserad","8":"first","9":"instock","10":"shipping-taxable","11":"purchasable","12":"product-type-simple"},"_links":{"self":[{"href":"https:\/\/nordicmart.andreevmaster.com\/sv\/wp-json\/wp\/v2\/product\/19085","targetHints":{"allow":["GET"]}}],"collection":[{"href":"https:\/\/nordicmart.andreevmaster.com\/sv\/wp-json\/wp\/v2\/product"}],"about":[{"href":"https:\/\/nordicmart.andreevmaster.com\/sv\/wp-json\/wp\/v2\/types\/product"}],"replies":[{"embeddable":true,"href":"https:\/\/nordicmart.andreevmaster.com\/sv\/wp-json\/wp\/v2\/comments?post=19085"}],"wp:featuredmedia":[{"embeddable":true,"href":"https:\/\/nordicmart.andreevmaster.com\/sv\/wp-json\/wp\/v2\/media\/46038"}],"wp:attachment":[{"href":"https:\/\/nordicmart.andreevmaster.com\/sv\/wp-json\/wp\/v2\/media?parent=19085"}],"wp:term":[{"taxonomy":"product_brand","embeddable":true,"href":"https:\/\/nordicmart.andreevmaster.com\/sv\/wp-json\/wp\/v2\/product_brand?post=19085"},{"taxonomy":"product_cat","embeddable":true,"href":"https:\/\/nordicmart.andreevmaster.com\/sv\/wp-json\/wp\/v2\/product_cat?post=19085"},{"taxonomy":"product_tag","embeddable":true,"href":"https:\/\/nordicmart.andreevmaster.com\/sv\/wp-json\/wp\/v2\/product_tag?post=19085"}],"curies":[{"name":"wp","href":"https:\/\/api.w.org\/{rel}","templated":true}]}}