{"id":19084,"date":"2026-02-27T00:42:58","date_gmt":"2026-02-27T00:42:58","guid":{"rendered":"https:\/\/nordicmart.andreevmaster.com\/product\/songmics-forvaringsboxar-set-med-8-stycken-28-cm-stora-behallare-av-non-woven-material-sandbeige\/"},"modified":"2026-02-27T08:30:49","modified_gmt":"2026-02-27T08:30:49","slug":"songmics-forvaringsboxar-set-med-8-stycken-28-cm-stora-behallare-av-non-woven-material-sandbeige","status":"publish","type":"product","link":"https:\/\/nordicmart.andreevmaster.com\/sv\/produkt\/songmics-forvaringsboxar-set-med-8-stycken-28-cm-stora-behallare-av-non-woven-material-sandbeige\/","title":{"rendered":"SONGMICS f\u00f6rvaringsboxar, set med 8 stycken 28 cm stora beh\u00e5llare av non-woven-material, sandbeige"},"content":{"rendered":"<p>SONGMICS f\u00f6rvaringsbox, 8-pack, f\u00f6rvaringsboxar av non-woven-tyg med handtag, 26 x 26 x 28 cm, gr\u00e5 melerad ROB826G01<br \/>\n&#8211; F\u00e4rg: Cattail Grey<br \/>\n&#8211; Material: 80 g\/m\u00b2 non-woven tyg, PP-plast<br \/>\n&#8211; Produktstorlek: 26 x 26 x 28 cm (L x B x H).<br \/>\n&#8211; Totalvikt: 2 kg.<br \/>\n&#8211; Volym per l\u00e5da: 5 gallon, 19 liter<br \/>\n&#8211; Max. statisk belastningskapacitet f\u00f6r varje l\u00e5da: 5 kg.<\/p>\n","protected":false},"excerpt":{"rendered":"<p>SONGMICS f\u00f6rvaringsbox, 8-pack, f\u00f6rvaringsboxar av non-woven-tyg med handtag, 26 x 26 x 28 cm, gr\u00e5 melerad ROB826G01<\/p>\n","protected":false},"featured_media":46037,"comment_status":"open","ping_status":"closed","template":"","meta":[],"product_brand":[],"product_cat":[33],"product_tag":[],"class_list":{"0":"post-19084","1":"product","2":"type-product","3":"status-publish","4":"has-post-thumbnail","6":"product_cat-okategoriserad","8":"first","9":"instock","10":"shipping-taxable","11":"purchasable","12":"product-type-simple"},"_links":{"self":[{"href":"https:\/\/nordicmart.andreevmaster.com\/sv\/wp-json\/wp\/v2\/product\/19084","targetHints":{"allow":["GET"]}}],"collection":[{"href":"https:\/\/nordicmart.andreevmaster.com\/sv\/wp-json\/wp\/v2\/product"}],"about":[{"href":"https:\/\/nordicmart.andreevmaster.com\/sv\/wp-json\/wp\/v2\/types\/product"}],"replies":[{"embeddable":true,"href":"https:\/\/nordicmart.andreevmaster.com\/sv\/wp-json\/wp\/v2\/comments?post=19084"}],"wp:featuredmedia":[{"embeddable":true,"href":"https:\/\/nordicmart.andreevmaster.com\/sv\/wp-json\/wp\/v2\/media\/46037"}],"wp:attachment":[{"href":"https:\/\/nordicmart.andreevmaster.com\/sv\/wp-json\/wp\/v2\/media?parent=19084"}],"wp:term":[{"taxonomy":"product_brand","embeddable":true,"href":"https:\/\/nordicmart.andreevmaster.com\/sv\/wp-json\/wp\/v2\/product_brand?post=19084"},{"taxonomy":"product_cat","embeddable":true,"href":"https:\/\/nordicmart.andreevmaster.com\/sv\/wp-json\/wp\/v2\/product_cat?post=19084"},{"taxonomy":"product_tag","embeddable":true,"href":"https:\/\/nordicmart.andreevmaster.com\/sv\/wp-json\/wp\/v2\/product_tag?post=19084"}],"curies":[{"name":"wp","href":"https:\/\/api.w.org\/{rel}","templated":true}]}}