{"id":19081,"date":"2026-02-27T00:42:57","date_gmt":"2026-02-27T00:42:57","guid":{"rendered":"https:\/\/nordicmart.andreevmaster.com\/product\/songmics-forvaringsbox-3-pack-50-x-30-x-30-cm-black-svart\/"},"modified":"2026-02-27T08:30:49","modified_gmt":"2026-02-27T08:30:49","slug":"songmics-forvaringsbox-3-pack-50-x-30-x-30-cm-black-svart","status":"publish","type":"product","link":"https:\/\/nordicmart.andreevmaster.com\/sv\/produkt\/songmics-forvaringsbox-3-pack-50-x-30-x-30-cm-black-svart\/","title":{"rendered":"SONGMICS f\u00f6rvaringsbox 3-pack 50 x 30 x 30 cm bl\u00e4ck svart"},"content":{"rendered":"<p>SONGMICS f\u00f6rvaringsbox 3-pack, hopf\u00e4llbar, tygboxar f\u00f6r f\u00f6rvaring, 30 x 20 x 15 cm, f\u00f6r garderob, 2 handtag, etikett, f\u00f6r sovrum och vardagsrum, bl\u00e4ck svart ROB415B01<br \/>\nF\u00e4rg: Bl\u00e4ksvart<br \/>\nMaterial: non-woven-tyg, PP-plast (polypropen)<br \/>\nStorlek per l\u00e5da: 50 x 30 x 30 cm (L x B x H)<br \/>\nTotalvikt: 1,3 kg<br \/>\nKapacitet per l\u00e5da: 45 l<br \/>\nMax. statisk belastningskapacitet per l\u00e5da: 3 kg<\/p>\n","protected":false},"excerpt":{"rendered":"<p>SONGMICS f\u00f6rvaringsbox 3-pack, hopf\u00e4llbar, tygboxar f\u00f6r f\u00f6rvaring, 30 x 20 x 15 cm, f\u00f6r garderob, 2 handtag, etikett, f\u00f6r sovrum och vardagsrum, bl\u00e4ck svart ROB415B01<\/p>\n","protected":false},"featured_media":46034,"comment_status":"open","ping_status":"closed","template":"","meta":[],"product_brand":[],"product_cat":[33],"product_tag":[],"class_list":{"0":"post-19081","1":"product","2":"type-product","3":"status-publish","4":"has-post-thumbnail","6":"product_cat-okategoriserad","8":"first","9":"instock","10":"shipping-taxable","11":"purchasable","12":"product-type-simple"},"_links":{"self":[{"href":"https:\/\/nordicmart.andreevmaster.com\/sv\/wp-json\/wp\/v2\/product\/19081","targetHints":{"allow":["GET"]}}],"collection":[{"href":"https:\/\/nordicmart.andreevmaster.com\/sv\/wp-json\/wp\/v2\/product"}],"about":[{"href":"https:\/\/nordicmart.andreevmaster.com\/sv\/wp-json\/wp\/v2\/types\/product"}],"replies":[{"embeddable":true,"href":"https:\/\/nordicmart.andreevmaster.com\/sv\/wp-json\/wp\/v2\/comments?post=19081"}],"wp:featuredmedia":[{"embeddable":true,"href":"https:\/\/nordicmart.andreevmaster.com\/sv\/wp-json\/wp\/v2\/media\/46034"}],"wp:attachment":[{"href":"https:\/\/nordicmart.andreevmaster.com\/sv\/wp-json\/wp\/v2\/media?parent=19081"}],"wp:term":[{"taxonomy":"product_brand","embeddable":true,"href":"https:\/\/nordicmart.andreevmaster.com\/sv\/wp-json\/wp\/v2\/product_brand?post=19081"},{"taxonomy":"product_cat","embeddable":true,"href":"https:\/\/nordicmart.andreevmaster.com\/sv\/wp-json\/wp\/v2\/product_cat?post=19081"},{"taxonomy":"product_tag","embeddable":true,"href":"https:\/\/nordicmart.andreevmaster.com\/sv\/wp-json\/wp\/v2\/product_tag?post=19081"}],"curies":[{"name":"wp","href":"https:\/\/api.w.org\/{rel}","templated":true}]}}