{"id":19075,"date":"2026-02-27T00:42:55","date_gmt":"2026-02-27T00:42:55","guid":{"rendered":"https:\/\/nordicmart.andreevmaster.com\/product\/songmics-hopfallbara-forvaringslador-6-pack\/"},"modified":"2026-02-27T08:30:47","modified_gmt":"2026-02-27T08:30:47","slug":"songmics-hopfallbara-forvaringslador-6-pack","status":"publish","type":"product","link":"https:\/\/nordicmart.andreevmaster.com\/sv\/produkt\/songmics-hopfallbara-forvaringslador-6-pack\/","title":{"rendered":"SONGMICS hopf\u00e4llbara f\u00f6rvaringsl\u00e5dor, 6-pack"},"content":{"rendered":"<p>F\u00f6r att erbjuda dig en flexibel f\u00f6rvaringsl\u00f6sning har SONGMICS utvecklat detta f\u00f6rvaringsboxset. Med olika sidor i 3 olika f\u00e4rger (gr\u00e5, brun, svart) ger boxen din bostad en speciell touch och passar perfekt ihop med annan inredning. L\u00e5dorna kan f\u00f6rvaras i sk\u00e5pet, p\u00e5 hyllan eller p\u00e5 bordet och erbjuder dig m\u00e5nga olika f\u00f6rvaringsm\u00f6jligheter. De kan inte bara anv\u00e4ndas f\u00f6r att f\u00f6rvara kl\u00e4der och leksaker, utan ocks\u00e5 som tv\u00e4ttkorg f\u00f6r att samla din smutsiga tv\u00e4tt. Klicka nu p\u00e5 &#8221;l\u00e4gg i varukorgen&#8221; och skapa ordning i ditt hem med dessa f\u00f6rvaringsl\u00e5dor! Produktdetaljer: &#8211; F\u00e4rg: gr\u00e5, brun, svart &#8211; Material: imiterat linne, non-woven, kartong &#8211; M\u00e5tt: 30 x 30 x 30 cm (B x H x D) &#8211; Vikt: 3,54 kg Leveransomfattning: &#8211; 6 x hopf\u00e4llbara f\u00f6rvaringsl\u00e5dor SONGMICS Anvisningar:- Torka av produkten med en fuktig trasa och l\u00e5t den lufttorka. &#8211; Det kan h\u00e4nda att produkten luktar &#8221;nytt&#8221; n\u00e4r du packar upp den. Placera den i ett v\u00e4lventilerat rum s\u00e5 f\u00f6rsvinner lukten inom n\u00e5gra timmar. Produktbeskrivning<\/p>\n","protected":false},"excerpt":{"rendered":"<p>SONGMICS f\u00f6rvaringsl\u00e5dor, 6-pack, vikbara tygl\u00e5dor f\u00f6r kl\u00e4der, vikbara l\u00e5dor, leksaksorganiserare, 30 x 30 x 30 cm, sidor i 3, brun-gr\u00e5-svart ROB30GB<\/p>\n","protected":false},"featured_media":46028,"comment_status":"open","ping_status":"closed","template":"","meta":[],"product_brand":[],"product_cat":[33],"product_tag":[],"class_list":{"0":"post-19075","1":"product","2":"type-product","3":"status-publish","4":"has-post-thumbnail","6":"product_cat-okategoriserad","8":"first","9":"instock","10":"shipping-taxable","11":"purchasable","12":"product-type-simple"},"_links":{"self":[{"href":"https:\/\/nordicmart.andreevmaster.com\/sv\/wp-json\/wp\/v2\/product\/19075","targetHints":{"allow":["GET"]}}],"collection":[{"href":"https:\/\/nordicmart.andreevmaster.com\/sv\/wp-json\/wp\/v2\/product"}],"about":[{"href":"https:\/\/nordicmart.andreevmaster.com\/sv\/wp-json\/wp\/v2\/types\/product"}],"replies":[{"embeddable":true,"href":"https:\/\/nordicmart.andreevmaster.com\/sv\/wp-json\/wp\/v2\/comments?post=19075"}],"wp:featuredmedia":[{"embeddable":true,"href":"https:\/\/nordicmart.andreevmaster.com\/sv\/wp-json\/wp\/v2\/media\/46028"}],"wp:attachment":[{"href":"https:\/\/nordicmart.andreevmaster.com\/sv\/wp-json\/wp\/v2\/media?parent=19075"}],"wp:term":[{"taxonomy":"product_brand","embeddable":true,"href":"https:\/\/nordicmart.andreevmaster.com\/sv\/wp-json\/wp\/v2\/product_brand?post=19075"},{"taxonomy":"product_cat","embeddable":true,"href":"https:\/\/nordicmart.andreevmaster.com\/sv\/wp-json\/wp\/v2\/product_cat?post=19075"},{"taxonomy":"product_tag","embeddable":true,"href":"https:\/\/nordicmart.andreevmaster.com\/sv\/wp-json\/wp\/v2\/product_tag?post=19075"}],"curies":[{"name":"wp","href":"https:\/\/api.w.org\/{rel}","templated":true}]}}