{"id":19065,"date":"2026-02-27T00:42:52","date_gmt":"2026-02-27T00:42:52","guid":{"rendered":"https:\/\/nordicmart.andreevmaster.com\/product\/songmics-forvaringsbox-4-pack-30-x-30-x-30-cm-duvgra\/"},"modified":"2026-02-27T08:30:45","modified_gmt":"2026-02-27T08:30:45","slug":"songmics-forvaringsbox-4-pack-30-x-30-x-30-cm-duvgra","status":"publish","type":"product","link":"https:\/\/nordicmart.andreevmaster.com\/sv\/produkt\/songmics-forvaringsbox-4-pack-30-x-30-x-30-cm-duvgra\/","title":{"rendered":"SONGMICS f\u00f6rvaringsbox 4-pack 30 x 30 x 30 cm duvgr\u00e5"},"content":{"rendered":"<p>SONGMICS f\u00f6rvaringsbox, 4-pack, ordningsboxar, 33 x 33 x 33 cm, 2 handtag, hopf\u00e4llbar, Oxford-tyg, imiterat linne, l\u00e4ttsk\u00f6tt, metalletikettf\u00e4ste, f\u00f6r kubhyllor<br \/>\nF\u00e4rg: Duvgr\u00e5<br \/>\nMaterial: imiterat linne, oxfordtyg, PP-plast (polypropen)<br \/>\nStorlek per l\u00e5da: 30 x 30 x 30 cm (D x B x H)<br \/>\nVikt per l\u00e5da: 1,7 kg<br \/>\nKapacitet per l\u00e5da: 27 l<br \/>\nMax. statisk belastningskapacitet per l\u00e5da: 5 kg<\/p>\n","protected":false},"excerpt":{"rendered":"<p>SONGMICS f\u00f6rvaringsbox, 4-pack, ordningsboxar, 33 x 33 x 33 cm, 2 handtag, hopf\u00e4llbar, Oxford-tyg, imiterat linne, l\u00e4ttsk\u00f6tt, metalletikettf\u00e4ste, f\u00f6r kubhyllor<\/p>\n","protected":false},"featured_media":46018,"comment_status":"open","ping_status":"closed","template":"","meta":[],"product_brand":[],"product_cat":[33],"product_tag":[],"class_list":{"0":"post-19065","1":"product","2":"type-product","3":"status-publish","4":"has-post-thumbnail","6":"product_cat-okategoriserad","8":"first","9":"instock","10":"shipping-taxable","11":"purchasable","12":"product-type-simple"},"_links":{"self":[{"href":"https:\/\/nordicmart.andreevmaster.com\/sv\/wp-json\/wp\/v2\/product\/19065","targetHints":{"allow":["GET"]}}],"collection":[{"href":"https:\/\/nordicmart.andreevmaster.com\/sv\/wp-json\/wp\/v2\/product"}],"about":[{"href":"https:\/\/nordicmart.andreevmaster.com\/sv\/wp-json\/wp\/v2\/types\/product"}],"replies":[{"embeddable":true,"href":"https:\/\/nordicmart.andreevmaster.com\/sv\/wp-json\/wp\/v2\/comments?post=19065"}],"wp:featuredmedia":[{"embeddable":true,"href":"https:\/\/nordicmart.andreevmaster.com\/sv\/wp-json\/wp\/v2\/media\/46018"}],"wp:attachment":[{"href":"https:\/\/nordicmart.andreevmaster.com\/sv\/wp-json\/wp\/v2\/media?parent=19065"}],"wp:term":[{"taxonomy":"product_brand","embeddable":true,"href":"https:\/\/nordicmart.andreevmaster.com\/sv\/wp-json\/wp\/v2\/product_brand?post=19065"},{"taxonomy":"product_cat","embeddable":true,"href":"https:\/\/nordicmart.andreevmaster.com\/sv\/wp-json\/wp\/v2\/product_cat?post=19065"},{"taxonomy":"product_tag","embeddable":true,"href":"https:\/\/nordicmart.andreevmaster.com\/sv\/wp-json\/wp\/v2\/product_tag?post=19065"}],"curies":[{"name":"wp","href":"https:\/\/api.w.org\/{rel}","templated":true}]}}