{"id":19061,"date":"2026-02-27T00:42:51","date_gmt":"2026-02-27T00:42:51","guid":{"rendered":"https:\/\/nordicmart.andreevmaster.com\/product\/vasagle-sangram-160-x-200-cm-sangram\/"},"modified":"2026-02-27T08:30:44","modified_gmt":"2026-02-27T08:30:44","slug":"vasagle-sangram-160-x-200-cm-sangram","status":"publish","type":"product","link":"https:\/\/nordicmart.andreevmaster.com\/sv\/produkt\/vasagle-sangram-160-x-200-cm-sangram\/","title":{"rendered":"VASAGLE s\u00e4ngram, 160 x 200 cm, s\u00e4ngram"},"content":{"rendered":"<p>S\u00e4ngram, 160 x 200 cm, s\u00e4ngram, dubbels\u00e4ng i metall, med f\u00f6rvaringshyllor, g\u00e4sts\u00e4ng, enkel montering, svart<br \/>\nProduktdetaljer:<br \/>\n&#8211; F\u00e4rg: Svart<br \/>\n&#8211; Material: Pulverlackerad metall<br \/>\n&#8211; Storlek: 200 x 160 x 41,3 cm (L x B x H)<br \/>\n&#8211; Vikt: 19,6 kg<br \/>\n&#8211; Max. statisk belastningskapacitet per st\u00f6dbalk: 140 kg<br \/>\n&#8211; Max. statisk belastningskapacitet totalt: 450 kg<\/p>\n<p>Leveransomfattning:<br \/>\n&#8211; 1 x s\u00e4ngram<br \/>\n&#8211; 1 x tillbeh\u00f6rspaket<br \/>\n&#8211; 1 x bruksanvisning<\/p>\n<p>Anvisningar:<br \/>\n&#8211; Se till att alla delar och skruvar \u00e4r ordentligt fastsatta f\u00f6re anv\u00e4ndning.<br \/>\n&#8211; Madrass ing\u00e5r inte i leveransen.<\/p>\n","protected":false},"excerpt":{"rendered":"<p>S\u00e4ngram, 160 x 200 cm, s\u00e4ngram, dubbels\u00e4ng i metall, med f\u00f6rvaringshyllor, g\u00e4sts\u00e4ng, enkel montering, svart<\/p>\n","protected":false},"featured_media":46014,"comment_status":"open","ping_status":"closed","template":"","meta":[],"product_brand":[],"product_cat":[33],"product_tag":[],"class_list":{"0":"post-19061","1":"product","2":"type-product","3":"status-publish","4":"has-post-thumbnail","6":"product_cat-okategoriserad","8":"first","9":"instock","10":"shipping-taxable","11":"purchasable","12":"product-type-simple"},"_links":{"self":[{"href":"https:\/\/nordicmart.andreevmaster.com\/sv\/wp-json\/wp\/v2\/product\/19061","targetHints":{"allow":["GET"]}}],"collection":[{"href":"https:\/\/nordicmart.andreevmaster.com\/sv\/wp-json\/wp\/v2\/product"}],"about":[{"href":"https:\/\/nordicmart.andreevmaster.com\/sv\/wp-json\/wp\/v2\/types\/product"}],"replies":[{"embeddable":true,"href":"https:\/\/nordicmart.andreevmaster.com\/sv\/wp-json\/wp\/v2\/comments?post=19061"}],"wp:featuredmedia":[{"embeddable":true,"href":"https:\/\/nordicmart.andreevmaster.com\/sv\/wp-json\/wp\/v2\/media\/46014"}],"wp:attachment":[{"href":"https:\/\/nordicmart.andreevmaster.com\/sv\/wp-json\/wp\/v2\/media?parent=19061"}],"wp:term":[{"taxonomy":"product_brand","embeddable":true,"href":"https:\/\/nordicmart.andreevmaster.com\/sv\/wp-json\/wp\/v2\/product_brand?post=19061"},{"taxonomy":"product_cat","embeddable":true,"href":"https:\/\/nordicmart.andreevmaster.com\/sv\/wp-json\/wp\/v2\/product_cat?post=19061"},{"taxonomy":"product_tag","embeddable":true,"href":"https:\/\/nordicmart.andreevmaster.com\/sv\/wp-json\/wp\/v2\/product_tag?post=19061"}],"curies":[{"name":"wp","href":"https:\/\/api.w.org\/{rel}","templated":true}]}}