{"id":19057,"date":"2026-02-27T00:42:50","date_gmt":"2026-02-27T00:42:50","guid":{"rendered":"https:\/\/nordicmart.andreevmaster.com\/product\/vasagle-sang-140-x-190-cm-gastsang-dubbelsang-i-metall\/"},"modified":"2026-02-27T08:30:44","modified_gmt":"2026-02-27T08:30:44","slug":"vasagle-sang-140-x-190-cm-gastsang-dubbelsang-i-metall","status":"publish","type":"product","link":"https:\/\/nordicmart.andreevmaster.com\/sv\/produkt\/vasagle-sang-140-x-190-cm-gastsang-dubbelsang-i-metall\/","title":{"rendered":"VASAGLE S\u00e4ng 140 x 190 cm, g\u00e4sts\u00e4ng, dubbels\u00e4ng i metall"},"content":{"rendered":"<p>H\u00e5llbara materialDen stabila, h\u00e5llbara och pulverlackerade metallramen ger s\u00e4ngen h\u00f6g stabilitet och t\u00e5l en belastning p\u00e5 upp till 225 kg.Charmig lookDen raffinerade matta ytan, de rena linjerna och det sv\u00e4ngda m\u00f6nstret passar perfekt till din inredningsstil och ger rummet en touch av glamour.Enkel att montera Tack vare l\u00e4ttf\u00f6rst\u00e5eliga instruktioner och tydligt m\u00e4rkta delar kan du montera denna s\u00e4ngram p\u00e5 nolltid. Halkskydd inkluderade De medf\u00f6ljande fotskydden \u00f6kar stabiliteten och skyddar samtidigt ditt golv fr\u00e5n repor. Produktdetaljer:- F\u00e4rg: Svart &#8211; Material: Pulverlackerad metall &#8211; Storlek: 198 x 141,8 x 86,4 cm (L x B x H) &#8211; Vikt: 19,8 kg &#8211; Max. statisk belastningskapacitet: 225 kg VASAGLE Anm\u00e4rkningar:- Barn f\u00e5r inte sticka in huvudet i mellanrummen mellan metallr\u00f6ren. &#8211; Se till att alla delar och skruvar \u00e4r ordentligt fastsatta f\u00f6re anv\u00e4ndning. &#8211; Madrass ing\u00e5r inte i leveransen.<\/p>\n","protected":false},"excerpt":{"rendered":"<p>S\u00e4ng 140 x 190 cm, g\u00e4sts\u00e4ng, dubbels\u00e4ng i metall, s\u00e4ngram, s\u00e4ngstomme, metalls\u00e4ng, enkel montering, svart<\/p>\n","protected":false},"featured_media":46010,"comment_status":"open","ping_status":"closed","template":"","meta":[],"product_brand":[],"product_cat":[33],"product_tag":[],"class_list":{"0":"post-19057","1":"product","2":"type-product","3":"status-publish","4":"has-post-thumbnail","6":"product_cat-okategoriserad","8":"first","9":"instock","10":"shipping-taxable","11":"purchasable","12":"product-type-simple"},"_links":{"self":[{"href":"https:\/\/nordicmart.andreevmaster.com\/sv\/wp-json\/wp\/v2\/product\/19057","targetHints":{"allow":["GET"]}}],"collection":[{"href":"https:\/\/nordicmart.andreevmaster.com\/sv\/wp-json\/wp\/v2\/product"}],"about":[{"href":"https:\/\/nordicmart.andreevmaster.com\/sv\/wp-json\/wp\/v2\/types\/product"}],"replies":[{"embeddable":true,"href":"https:\/\/nordicmart.andreevmaster.com\/sv\/wp-json\/wp\/v2\/comments?post=19057"}],"wp:featuredmedia":[{"embeddable":true,"href":"https:\/\/nordicmart.andreevmaster.com\/sv\/wp-json\/wp\/v2\/media\/46010"}],"wp:attachment":[{"href":"https:\/\/nordicmart.andreevmaster.com\/sv\/wp-json\/wp\/v2\/media?parent=19057"}],"wp:term":[{"taxonomy":"product_brand","embeddable":true,"href":"https:\/\/nordicmart.andreevmaster.com\/sv\/wp-json\/wp\/v2\/product_brand?post=19057"},{"taxonomy":"product_cat","embeddable":true,"href":"https:\/\/nordicmart.andreevmaster.com\/sv\/wp-json\/wp\/v2\/product_cat?post=19057"},{"taxonomy":"product_tag","embeddable":true,"href":"https:\/\/nordicmart.andreevmaster.com\/sv\/wp-json\/wp\/v2\/product_tag?post=19057"}],"curies":[{"name":"wp","href":"https:\/\/api.w.org\/{rel}","templated":true}]}}