{"id":19055,"date":"2026-02-27T00:42:49","date_gmt":"2026-02-27T00:42:49","guid":{"rendered":"https:\/\/nordicmart.andreevmaster.com\/product\/vasagle-enkelsangsram-gastsang-sangram\/"},"modified":"2026-02-27T08:30:43","modified_gmt":"2026-02-27T08:30:43","slug":"vasagle-enkelsangsram-gastsang-sangram","status":"publish","type":"product","link":"https:\/\/nordicmart.andreevmaster.com\/sv\/produkt\/vasagle-enkelsangsram-gastsang-sangram\/","title":{"rendered":"VASAGLE Enkels\u00e4ngsram, g\u00e4sts\u00e4ng, s\u00e4ngram"},"content":{"rendered":"<p>Enkels\u00e4ngsram, g\u00e4sts\u00e4ng, s\u00e4ngram, passar till madrass 190 x 90 cm, enkels\u00e4ng i metall, s\u00e4ngram, enkel montering, bl\u00e4ck svart<br \/>\nProduktdetaljer:<br \/>\n&#8211; F\u00e4rg: bl\u00e4ck svart<br \/>\n&#8211; Material: Pulverlackerad metall<br \/>\n&#8211; Storlek: 198 x 91,8 x 86,4 cm (L x B x H)<br \/>\n&#8211; Vikt: 14,2 kg<br \/>\n&#8211; Max. statisk belastningskapacitet: 220 kg<\/p>\n<p>Leveransomfattning:<br \/>\n&#8211; 1 x s\u00e4ngram<br \/>\n&#8211; 1 x tillbeh\u00f6rspaket<br \/>\n&#8211; 1 x bruksanvisning<\/p>\n<p>Anvisningar:<br \/>\n&#8211; Se till att alla delar och skruvar \u00e4r ordentligt fastsatta f\u00f6re anv\u00e4ndning.<br \/>\n&#8211; Madrass ing\u00e5r inte i leveransen.<\/p>\n","protected":false},"excerpt":{"rendered":"<p>Enkels\u00e4ngsram, g\u00e4sts\u00e4ng, s\u00e4ngram, passar till madrass 190 x 90 cm, enkels\u00e4ng i metall, s\u00e4ngram, enkel montering, bl\u00e4ck svart<\/p>\n","protected":false},"featured_media":46008,"comment_status":"open","ping_status":"closed","template":"","meta":[],"product_brand":[],"product_cat":[33],"product_tag":[],"class_list":{"0":"post-19055","1":"product","2":"type-product","3":"status-publish","4":"has-post-thumbnail","6":"product_cat-okategoriserad","8":"first","9":"instock","10":"shipping-taxable","11":"purchasable","12":"product-type-simple"},"_links":{"self":[{"href":"https:\/\/nordicmart.andreevmaster.com\/sv\/wp-json\/wp\/v2\/product\/19055","targetHints":{"allow":["GET"]}}],"collection":[{"href":"https:\/\/nordicmart.andreevmaster.com\/sv\/wp-json\/wp\/v2\/product"}],"about":[{"href":"https:\/\/nordicmart.andreevmaster.com\/sv\/wp-json\/wp\/v2\/types\/product"}],"replies":[{"embeddable":true,"href":"https:\/\/nordicmart.andreevmaster.com\/sv\/wp-json\/wp\/v2\/comments?post=19055"}],"wp:featuredmedia":[{"embeddable":true,"href":"https:\/\/nordicmart.andreevmaster.com\/sv\/wp-json\/wp\/v2\/media\/46008"}],"wp:attachment":[{"href":"https:\/\/nordicmart.andreevmaster.com\/sv\/wp-json\/wp\/v2\/media?parent=19055"}],"wp:term":[{"taxonomy":"product_brand","embeddable":true,"href":"https:\/\/nordicmart.andreevmaster.com\/sv\/wp-json\/wp\/v2\/product_brand?post=19055"},{"taxonomy":"product_cat","embeddable":true,"href":"https:\/\/nordicmart.andreevmaster.com\/sv\/wp-json\/wp\/v2\/product_cat?post=19055"},{"taxonomy":"product_tag","embeddable":true,"href":"https:\/\/nordicmart.andreevmaster.com\/sv\/wp-json\/wp\/v2\/product_tag?post=19055"}],"curies":[{"name":"wp","href":"https:\/\/api.w.org\/{rel}","templated":true}]}}