{"id":19053,"date":"2026-02-27T00:42:49","date_gmt":"2026-02-27T00:42:49","guid":{"rendered":"https:\/\/nordicmart.andreevmaster.com\/product\/vasagle-dubbelsangram-140-x-200-cm-med-stalribbor-i-duvgratt\/"},"modified":"2026-02-27T08:30:43","modified_gmt":"2026-02-27T08:30:43","slug":"vasagle-dubbelsangram-140-x-200-cm-med-stalribbor-i-duvgratt","status":"publish","type":"product","link":"https:\/\/nordicmart.andreevmaster.com\/sv\/produkt\/vasagle-dubbelsangram-140-x-200-cm-med-stalribbor-i-duvgratt\/","title":{"rendered":"VASAGLE dubbels\u00e4ngram 140 x 200 cm med st\u00e5lribbor i duvgr\u00e5tt"},"content":{"rendered":"<p>VASAGLE dubbels\u00e4ngram, s\u00e4ngram, 140 x 200 cm, med vadderat huvudgavel, s\u00e4ngram, st\u00e5lribbor, b\u00e4r upp till 500 kg, enkel montering, duvgr\u00e5 RMB974G01<br \/>\nF\u00e4rg: Duvgr\u00e5<br \/>\nMaterial: st\u00e5l, skumplast, polyesterfiber<br \/>\nTotal storlek (med huvudgavel): 207 x 141,5 x 104 cm (L x B x H)<br \/>\nVikt: 17,7 kg<br \/>\nMax. statisk totalbelastning: 500 kg<\/p>\n","protected":false},"excerpt":{"rendered":"<p>VASAGLE dubbels\u00e4ngram, s\u00e4ngram, 140 x 200 cm, med vadderat huvudgavel, s\u00e4ngram, st\u00e5lribbor, b\u00e4r upp till 500 kg, enkel montering, duvgr\u00e5 RMB974G01<\/p>\n","protected":false},"featured_media":46006,"comment_status":"open","ping_status":"closed","template":"","meta":[],"product_brand":[],"product_cat":[33],"product_tag":[],"class_list":{"0":"post-19053","1":"product","2":"type-product","3":"status-publish","4":"has-post-thumbnail","6":"product_cat-okategoriserad","8":"first","9":"instock","10":"shipping-taxable","11":"purchasable","12":"product-type-simple"},"_links":{"self":[{"href":"https:\/\/nordicmart.andreevmaster.com\/sv\/wp-json\/wp\/v2\/product\/19053","targetHints":{"allow":["GET"]}}],"collection":[{"href":"https:\/\/nordicmart.andreevmaster.com\/sv\/wp-json\/wp\/v2\/product"}],"about":[{"href":"https:\/\/nordicmart.andreevmaster.com\/sv\/wp-json\/wp\/v2\/types\/product"}],"replies":[{"embeddable":true,"href":"https:\/\/nordicmart.andreevmaster.com\/sv\/wp-json\/wp\/v2\/comments?post=19053"}],"wp:featuredmedia":[{"embeddable":true,"href":"https:\/\/nordicmart.andreevmaster.com\/sv\/wp-json\/wp\/v2\/media\/46006"}],"wp:attachment":[{"href":"https:\/\/nordicmart.andreevmaster.com\/sv\/wp-json\/wp\/v2\/media?parent=19053"}],"wp:term":[{"taxonomy":"product_brand","embeddable":true,"href":"https:\/\/nordicmart.andreevmaster.com\/sv\/wp-json\/wp\/v2\/product_brand?post=19053"},{"taxonomy":"product_cat","embeddable":true,"href":"https:\/\/nordicmart.andreevmaster.com\/sv\/wp-json\/wp\/v2\/product_cat?post=19053"},{"taxonomy":"product_tag","embeddable":true,"href":"https:\/\/nordicmart.andreevmaster.com\/sv\/wp-json\/wp\/v2\/product_tag?post=19053"}],"curies":[{"name":"wp","href":"https:\/\/api.w.org\/{rel}","templated":true}]}}