{"id":19052,"date":"2026-02-27T00:42:48","date_gmt":"2026-02-27T00:42:48","guid":{"rendered":"https:\/\/nordicmart.andreevmaster.com\/product\/vasagle-enkelsangsram-90-x-200-cm-med-duvgra-stalbottenplatta\/"},"modified":"2026-02-27T08:30:42","modified_gmt":"2026-02-27T08:30:42","slug":"vasagle-enkelsangsram-90-x-200-cm-med-duvgra-stalbottenplatta","status":"publish","type":"product","link":"https:\/\/nordicmart.andreevmaster.com\/sv\/produkt\/vasagle-enkelsangsram-90-x-200-cm-med-duvgra-stalbottenplatta\/","title":{"rendered":"VASAGLE enkels\u00e4ngsram 90 x 200 cm med duvgr\u00e5 st\u00e5lbottenplatta"},"content":{"rendered":"<p>VASAGLE dubbels\u00e4ngram, s\u00e4ngram, 140 x 200 cm, med vadderat huvudgavel, s\u00e4ngram, st\u00e5lribbor, b\u00e4r upp till 500 kg, enkel montering, duvgr\u00e5 RMB974G01<br \/>\nF\u00e4rg: duvgr\u00e5<br \/>\nMaterial: st\u00e5l, skumplast, polyesterfiber<br \/>\nTotal storlek (med huvudgavel): 206,2 x 91,5 x 104 cm (L x B x H)<br \/>\nVikt: 12,6 kg<br \/>\nMax. total statisk belastningskapacitet: 250 kg<\/p>\n","protected":false},"excerpt":{"rendered":"<p>VASAGLE dubbels\u00e4ngram, s\u00e4ngram, 140 x 200 cm, med vadderat huvudgavel, s\u00e4ngram, st\u00e5lribbor, b\u00e4r upp till 500 kg, enkel montering, duvgr\u00e5 RMB974G01<\/p>\n","protected":false},"featured_media":46005,"comment_status":"open","ping_status":"closed","template":"","meta":[],"product_brand":[],"product_cat":[33],"product_tag":[],"class_list":{"0":"post-19052","1":"product","2":"type-product","3":"status-publish","4":"has-post-thumbnail","6":"product_cat-okategoriserad","8":"first","9":"instock","10":"shipping-taxable","11":"purchasable","12":"product-type-simple"},"_links":{"self":[{"href":"https:\/\/nordicmart.andreevmaster.com\/sv\/wp-json\/wp\/v2\/product\/19052","targetHints":{"allow":["GET"]}}],"collection":[{"href":"https:\/\/nordicmart.andreevmaster.com\/sv\/wp-json\/wp\/v2\/product"}],"about":[{"href":"https:\/\/nordicmart.andreevmaster.com\/sv\/wp-json\/wp\/v2\/types\/product"}],"replies":[{"embeddable":true,"href":"https:\/\/nordicmart.andreevmaster.com\/sv\/wp-json\/wp\/v2\/comments?post=19052"}],"wp:featuredmedia":[{"embeddable":true,"href":"https:\/\/nordicmart.andreevmaster.com\/sv\/wp-json\/wp\/v2\/media\/46005"}],"wp:attachment":[{"href":"https:\/\/nordicmart.andreevmaster.com\/sv\/wp-json\/wp\/v2\/media?parent=19052"}],"wp:term":[{"taxonomy":"product_brand","embeddable":true,"href":"https:\/\/nordicmart.andreevmaster.com\/sv\/wp-json\/wp\/v2\/product_brand?post=19052"},{"taxonomy":"product_cat","embeddable":true,"href":"https:\/\/nordicmart.andreevmaster.com\/sv\/wp-json\/wp\/v2\/product_cat?post=19052"},{"taxonomy":"product_tag","embeddable":true,"href":"https:\/\/nordicmart.andreevmaster.com\/sv\/wp-json\/wp\/v2\/product_tag?post=19052"}],"curies":[{"name":"wp","href":"https:\/\/api.w.org\/{rel}","templated":true}]}}