{"id":19051,"date":"2026-02-27T00:42:48","date_gmt":"2026-02-27T00:42:48","guid":{"rendered":"https:\/\/nordicmart.andreevmaster.com\/product\/vasagle-sangram-med-led-belysning-och-laddningsstation-160-x-200-cm\/"},"modified":"2026-02-27T08:30:42","modified_gmt":"2026-02-27T08:30:42","slug":"vasagle-sangram-med-led-belysning-och-laddningsstation-160-x-200-cm","status":"publish","type":"product","link":"https:\/\/nordicmart.andreevmaster.com\/sv\/produkt\/vasagle-sangram-med-led-belysning-och-laddningsstation-160-x-200-cm\/","title":{"rendered":"VASAGLE S\u00e4ngram med LED-belysning och laddningsstation 160 x 200 cm"},"content":{"rendered":"<p>VASAGLE s\u00e4ngram, dubbels\u00e4ngram, 140 x 200 cm, sv\u00e4vande visuell effekt, s\u00e4ng med LED-belysning, h\u00f6gt huvudgavel, laddningsstation, modern, molnvit RMB864W01<br \/>\nF\u00e4rg: molnvit<br \/>\nMaterial: st\u00e5l, PU-konstl\u00e4der<br \/>\nStorlek: 213 x 167 x 90 cm (L x B x H)<br \/>\nVikt: 42 kg<br \/>\nL\u00e4mplig madrass tjocklek: 15-36 cm<br \/>\nMax. total statisk belastningskapacitet: 455 kg<\/p>\n","protected":false},"excerpt":{"rendered":"<p>VASAGLE s\u00e4ngram, dubbels\u00e4ngram, 140 x 200 cm, sv\u00e4vande visuell effekt, s\u00e4ng med LED-belysning, h\u00f6gt huvudgavel, laddningsstation, modern, molnvit RMB864W01<\/p>\n","protected":false},"featured_media":0,"comment_status":"open","ping_status":"closed","template":"","meta":[],"product_brand":[],"product_cat":[33],"product_tag":[],"class_list":{"0":"post-19051","1":"product","2":"type-product","3":"status-publish","5":"product_cat-okategoriserad","7":"first","8":"instock","9":"shipping-taxable","10":"purchasable","11":"product-type-simple"},"_links":{"self":[{"href":"https:\/\/nordicmart.andreevmaster.com\/sv\/wp-json\/wp\/v2\/product\/19051","targetHints":{"allow":["GET"]}}],"collection":[{"href":"https:\/\/nordicmart.andreevmaster.com\/sv\/wp-json\/wp\/v2\/product"}],"about":[{"href":"https:\/\/nordicmart.andreevmaster.com\/sv\/wp-json\/wp\/v2\/types\/product"}],"replies":[{"embeddable":true,"href":"https:\/\/nordicmart.andreevmaster.com\/sv\/wp-json\/wp\/v2\/comments?post=19051"}],"wp:attachment":[{"href":"https:\/\/nordicmart.andreevmaster.com\/sv\/wp-json\/wp\/v2\/media?parent=19051"}],"wp:term":[{"taxonomy":"product_brand","embeddable":true,"href":"https:\/\/nordicmart.andreevmaster.com\/sv\/wp-json\/wp\/v2\/product_brand?post=19051"},{"taxonomy":"product_cat","embeddable":true,"href":"https:\/\/nordicmart.andreevmaster.com\/sv\/wp-json\/wp\/v2\/product_cat?post=19051"},{"taxonomy":"product_tag","embeddable":true,"href":"https:\/\/nordicmart.andreevmaster.com\/sv\/wp-json\/wp\/v2\/product_tag?post=19051"}],"curies":[{"name":"wp","href":"https:\/\/api.w.org\/{rel}","templated":true}]}}