{"id":19049,"date":"2026-02-27T00:42:48","date_gmt":"2026-02-27T00:42:48","guid":{"rendered":"https:\/\/nordicmart.andreevmaster.com\/product\/songmics-dubbelsang-160-x-200-cm-med-led-och-4-lador-och-laddningsstation\/"},"modified":"2026-02-27T08:30:42","modified_gmt":"2026-02-27T08:30:42","slug":"songmics-dubbelsang-160-x-200-cm-med-led-och-4-lador-och-laddningsstation","status":"publish","type":"product","link":"https:\/\/nordicmart.andreevmaster.com\/sv\/produkt\/songmics-dubbelsang-160-x-200-cm-med-led-och-4-lador-och-laddningsstation\/","title":{"rendered":"SONGMICS dubbels\u00e4ng 160 x 200 cm med LED och 4 l\u00e5dor och laddningsstation"},"content":{"rendered":"<p>VASAGLE dubbels\u00e4ng, s\u00e4ngram, 160 x 200 cm, LED, metallb\u00e4dd, 4 l\u00e5dor, laddningsstation, justerbart vadderat huvudgavel, skiffergr\u00e5-matt svart RMB828G02<br \/>\nF\u00e4rg: Skiffergr\u00e5-matt svart<br \/>\nMaterial: st\u00e5l, skumplast, imiterat linne<br \/>\nStorlek: 210 x 167 x 88,3\/94,7 cm (L x B x H)<br \/>\nVikt: 40,4 kg<br \/>\nMax. statisk belastningskapacitet: 455 kg<\/p>\n","protected":false},"excerpt":{"rendered":"<p>VASAGLE dubbels\u00e4ng, s\u00e4ngram, 160 x 200 cm, LED, metallb\u00e4dd, 4 l\u00e5dor, laddningsstation, justerbart vadderat huvudgavel, skiffergr\u00e5-matt svart RMB828G02<\/p>\n","protected":false},"featured_media":46004,"comment_status":"open","ping_status":"closed","template":"","meta":[],"product_brand":[],"product_cat":[33],"product_tag":[],"class_list":{"0":"post-19049","1":"product","2":"type-product","3":"status-publish","4":"has-post-thumbnail","6":"product_cat-okategoriserad","8":"first","9":"instock","10":"shipping-taxable","11":"purchasable","12":"product-type-simple"},"_links":{"self":[{"href":"https:\/\/nordicmart.andreevmaster.com\/sv\/wp-json\/wp\/v2\/product\/19049","targetHints":{"allow":["GET"]}}],"collection":[{"href":"https:\/\/nordicmart.andreevmaster.com\/sv\/wp-json\/wp\/v2\/product"}],"about":[{"href":"https:\/\/nordicmart.andreevmaster.com\/sv\/wp-json\/wp\/v2\/types\/product"}],"replies":[{"embeddable":true,"href":"https:\/\/nordicmart.andreevmaster.com\/sv\/wp-json\/wp\/v2\/comments?post=19049"}],"wp:featuredmedia":[{"embeddable":true,"href":"https:\/\/nordicmart.andreevmaster.com\/sv\/wp-json\/wp\/v2\/media\/46004"}],"wp:attachment":[{"href":"https:\/\/nordicmart.andreevmaster.com\/sv\/wp-json\/wp\/v2\/media?parent=19049"}],"wp:term":[{"taxonomy":"product_brand","embeddable":true,"href":"https:\/\/nordicmart.andreevmaster.com\/sv\/wp-json\/wp\/v2\/product_brand?post=19049"},{"taxonomy":"product_cat","embeddable":true,"href":"https:\/\/nordicmart.andreevmaster.com\/sv\/wp-json\/wp\/v2\/product_cat?post=19049"},{"taxonomy":"product_tag","embeddable":true,"href":"https:\/\/nordicmart.andreevmaster.com\/sv\/wp-json\/wp\/v2\/product_tag?post=19049"}],"curies":[{"name":"wp","href":"https:\/\/api.w.org\/{rel}","templated":true}]}}