{"id":19048,"date":"2026-02-27T00:42:47","date_gmt":"2026-02-27T00:42:47","guid":{"rendered":"https:\/\/nordicmart.andreevmaster.com\/product\/songmics-dubbelsangram-for-140-x-200-cm-madrass-med-huvudgavel-skiffergra\/"},"modified":"2026-02-27T08:30:42","modified_gmt":"2026-02-27T08:30:42","slug":"songmics-dubbelsangram-for-140-x-200-cm-madrass-med-huvudgavel-skiffergra","status":"publish","type":"product","link":"https:\/\/nordicmart.andreevmaster.com\/sv\/produkt\/songmics-dubbelsangram-for-140-x-200-cm-madrass-med-huvudgavel-skiffergra\/","title":{"rendered":"SONGMICS dubbels\u00e4ngram f\u00f6r 140 x 200 cm madrass med huvudgavel, skiffergr\u00e5"},"content":{"rendered":"<p>VASAGLE dubbels\u00e4ng, s\u00e4ngram, 160 x 200 cm, LED, metallb\u00e4dd, 4 l\u00e5dor, laddningsstation, justerbart vadderat huvudgavel, skiffergr\u00e5-matt svart RMB828G02<br \/>\nF\u00e4rg: Skiffergr\u00e5<br \/>\nMaterial: st\u00e5l, skumplast, imiterat linne<br \/>\nStorlek: 211,2 x 146 x 94,2\/100,6 cm (L x B x H)<br \/>\nVikt: 39,8 kg<br \/>\nMax. statisk belastningskapacitet: 455 kg<\/p>\n","protected":false},"excerpt":{"rendered":"<p>VASAGLE dubbels\u00e4ng, s\u00e4ngram, 160 x 200 cm, LED, metallb\u00e4dd, 4 l\u00e5dor, laddningsstation, justerbart vadderat huvudgavel, skiffergr\u00e5-matt svart RMB828G02<\/p>\n","protected":false},"featured_media":0,"comment_status":"open","ping_status":"closed","template":"","meta":[],"product_brand":[],"product_cat":[33],"product_tag":[],"class_list":{"0":"post-19048","1":"product","2":"type-product","3":"status-publish","5":"product_cat-okategoriserad","7":"first","8":"instock","9":"shipping-taxable","10":"purchasable","11":"product-type-simple"},"_links":{"self":[{"href":"https:\/\/nordicmart.andreevmaster.com\/sv\/wp-json\/wp\/v2\/product\/19048","targetHints":{"allow":["GET"]}}],"collection":[{"href":"https:\/\/nordicmart.andreevmaster.com\/sv\/wp-json\/wp\/v2\/product"}],"about":[{"href":"https:\/\/nordicmart.andreevmaster.com\/sv\/wp-json\/wp\/v2\/types\/product"}],"replies":[{"embeddable":true,"href":"https:\/\/nordicmart.andreevmaster.com\/sv\/wp-json\/wp\/v2\/comments?post=19048"}],"wp:attachment":[{"href":"https:\/\/nordicmart.andreevmaster.com\/sv\/wp-json\/wp\/v2\/media?parent=19048"}],"wp:term":[{"taxonomy":"product_brand","embeddable":true,"href":"https:\/\/nordicmart.andreevmaster.com\/sv\/wp-json\/wp\/v2\/product_brand?post=19048"},{"taxonomy":"product_cat","embeddable":true,"href":"https:\/\/nordicmart.andreevmaster.com\/sv\/wp-json\/wp\/v2\/product_cat?post=19048"},{"taxonomy":"product_tag","embeddable":true,"href":"https:\/\/nordicmart.andreevmaster.com\/sv\/wp-json\/wp\/v2\/product_tag?post=19048"}],"curies":[{"name":"wp","href":"https:\/\/api.w.org\/{rel}","templated":true}]}}