{"id":19047,"date":"2026-02-27T00:42:47","date_gmt":"2026-02-27T00:42:47","guid":{"rendered":"https:\/\/nordicmart.andreevmaster.com\/product\/songmics-sang-140-x-200-cm-med-laddningsstation-ljusgra-matt-svart\/"},"modified":"2026-02-27T08:30:41","modified_gmt":"2026-02-27T08:30:41","slug":"songmics-sang-140-x-200-cm-med-laddningsstation-ljusgra-matt-svart","status":"publish","type":"product","link":"https:\/\/nordicmart.andreevmaster.com\/sv\/produkt\/songmics-sang-140-x-200-cm-med-laddningsstation-ljusgra-matt-svart\/","title":{"rendered":"SONGMICS S\u00e4ng 140 x 200 cm med laddningsstation ljusgr\u00e5-matt svart"},"content":{"rendered":"<p>VASAGLE dubbels\u00e4ng, s\u00e4ngram, 160 x 200 cm, LED, metallb\u00e4dd, 4 l\u00e5dor, laddningsstation, justerbart vadderat huvudgavel, skiffergr\u00e5-matt svart RMB828G02<br \/>\nF\u00e4rg: Ljusgr\u00e5-matt svart<br \/>\nMaterial: st\u00e5l, skumplast, imiterat linne<br \/>\nStorlek: 200 x 140 x 94,2\/100,6 cm (L x B x H)<br \/>\nVikt: 39,8 kg<br \/>\nMax. statisk belastningskapacitet: 455 kg<\/p>\n","protected":false},"excerpt":{"rendered":"<p>VASAGLE dubbels\u00e4ng, s\u00e4ngram, 160 x 200 cm, LED, metallb\u00e4dd, 4 l\u00e5dor, laddningsstation, justerbart vadderat huvudgavel, skiffergr\u00e5-matt svart RMB828G02<\/p>\n","protected":false},"featured_media":46003,"comment_status":"open","ping_status":"closed","template":"","meta":[],"product_brand":[],"product_cat":[33],"product_tag":[],"class_list":{"0":"post-19047","1":"product","2":"type-product","3":"status-publish","4":"has-post-thumbnail","6":"product_cat-okategoriserad","8":"first","9":"instock","10":"shipping-taxable","11":"purchasable","12":"product-type-simple"},"_links":{"self":[{"href":"https:\/\/nordicmart.andreevmaster.com\/sv\/wp-json\/wp\/v2\/product\/19047","targetHints":{"allow":["GET"]}}],"collection":[{"href":"https:\/\/nordicmart.andreevmaster.com\/sv\/wp-json\/wp\/v2\/product"}],"about":[{"href":"https:\/\/nordicmart.andreevmaster.com\/sv\/wp-json\/wp\/v2\/types\/product"}],"replies":[{"embeddable":true,"href":"https:\/\/nordicmart.andreevmaster.com\/sv\/wp-json\/wp\/v2\/comments?post=19047"}],"wp:featuredmedia":[{"embeddable":true,"href":"https:\/\/nordicmart.andreevmaster.com\/sv\/wp-json\/wp\/v2\/media\/46003"}],"wp:attachment":[{"href":"https:\/\/nordicmart.andreevmaster.com\/sv\/wp-json\/wp\/v2\/media?parent=19047"}],"wp:term":[{"taxonomy":"product_brand","embeddable":true,"href":"https:\/\/nordicmart.andreevmaster.com\/sv\/wp-json\/wp\/v2\/product_brand?post=19047"},{"taxonomy":"product_cat","embeddable":true,"href":"https:\/\/nordicmart.andreevmaster.com\/sv\/wp-json\/wp\/v2\/product_cat?post=19047"},{"taxonomy":"product_tag","embeddable":true,"href":"https:\/\/nordicmart.andreevmaster.com\/sv\/wp-json\/wp\/v2\/product_tag?post=19047"}],"curies":[{"name":"wp","href":"https:\/\/api.w.org\/{rel}","templated":true}]}}