{"id":19042,"date":"2026-02-27T00:42:46","date_gmt":"2026-02-27T00:42:46","guid":{"rendered":"https:\/\/nordicmart.andreevmaster.com\/product\/vasagle-sangram-med-fallbar-ribbotten-och-forvaring-under-sangen\/"},"modified":"2026-02-27T08:30:40","modified_gmt":"2026-02-27T08:30:40","slug":"vasagle-sangram-med-fallbar-ribbotten-och-forvaring-under-sangen","status":"publish","type":"product","link":"https:\/\/nordicmart.andreevmaster.com\/sv\/produkt\/vasagle-sangram-med-fallbar-ribbotten-och-forvaring-under-sangen\/","title":{"rendered":"VASAGLE s\u00e4ngram med f\u00e4llbar ribbotten och f\u00f6rvaring under s\u00e4ngen"},"content":{"rendered":"<p>VASAGLE S\u00e4ngram, s\u00e4ng, 160 x 200 cm, hopf\u00e4llbar ribbotten, f\u00f6rvaring under s\u00e4ngen, huvudgavel, hydrauliskt system, modern, enkel montering, m\u00f6rkgr\u00e5 RMB615G02<br \/>\nF\u00e4rg: M\u00f6rkgr\u00e5<br \/>\nMaterial: st\u00e5l, plywood, sp\u00e5nskiva, h\u00f6gdensitetsfoam, imiterat linne<br \/>\nTotal storlek: 209,3 x 93,4 x 110 cm (L x B x B x H)<br \/>\nVikt: 36,3 kg<br \/>\nRekommenderad madrass tjocklek: 22 cm<br \/>\nMax. total statisk belastningskapacitet: 454 kg<\/p>\n","protected":false},"excerpt":{"rendered":"<p>VASAGLE S\u00e4ngram, s\u00e4ng, 160 x 200 cm, hopf\u00e4llbar ribbotten, f\u00f6rvaring under s\u00e4ngen, huvudgavel, hydrauliskt system, modern, enkel montering, m\u00f6rkgr\u00e5 RMB615G02<\/p>\n","protected":false},"featured_media":0,"comment_status":"open","ping_status":"closed","template":"","meta":[],"product_brand":[],"product_cat":[33],"product_tag":[],"class_list":{"0":"post-19042","1":"product","2":"type-product","3":"status-publish","5":"product_cat-okategoriserad","7":"first","8":"instock","9":"shipping-taxable","10":"purchasable","11":"product-type-simple"},"_links":{"self":[{"href":"https:\/\/nordicmart.andreevmaster.com\/sv\/wp-json\/wp\/v2\/product\/19042","targetHints":{"allow":["GET"]}}],"collection":[{"href":"https:\/\/nordicmart.andreevmaster.com\/sv\/wp-json\/wp\/v2\/product"}],"about":[{"href":"https:\/\/nordicmart.andreevmaster.com\/sv\/wp-json\/wp\/v2\/types\/product"}],"replies":[{"embeddable":true,"href":"https:\/\/nordicmart.andreevmaster.com\/sv\/wp-json\/wp\/v2\/comments?post=19042"}],"wp:attachment":[{"href":"https:\/\/nordicmart.andreevmaster.com\/sv\/wp-json\/wp\/v2\/media?parent=19042"}],"wp:term":[{"taxonomy":"product_brand","embeddable":true,"href":"https:\/\/nordicmart.andreevmaster.com\/sv\/wp-json\/wp\/v2\/product_brand?post=19042"},{"taxonomy":"product_cat","embeddable":true,"href":"https:\/\/nordicmart.andreevmaster.com\/sv\/wp-json\/wp\/v2\/product_cat?post=19042"},{"taxonomy":"product_tag","embeddable":true,"href":"https:\/\/nordicmart.andreevmaster.com\/sv\/wp-json\/wp\/v2\/product_tag?post=19042"}],"curies":[{"name":"wp","href":"https:\/\/api.w.org\/{rel}","templated":true}]}}