{"id":19040,"date":"2026-02-27T00:42:45","date_gmt":"2026-02-27T00:42:45","guid":{"rendered":"https:\/\/nordicmart.andreevmaster.com\/product\/vasagle-dubbelsangsram-for-160-x-200-cm-madrass-skiffergra\/"},"modified":"2026-02-27T08:30:40","modified_gmt":"2026-02-27T08:30:40","slug":"vasagle-dubbelsangsram-for-160-x-200-cm-madrass-skiffergra","status":"publish","type":"product","link":"https:\/\/nordicmart.andreevmaster.com\/sv\/produkt\/vasagle-dubbelsangsram-for-160-x-200-cm-madrass-skiffergra\/","title":{"rendered":"VASAGLE dubbels\u00e4ngsram f\u00f6r 160 x 200 cm madrass, skiffergr\u00e5"},"content":{"rendered":"<p>VASAGLE dubbels\u00e4ngram, passar en madrass p\u00e5 140 x 190 cm, justerbart vadderat huvudgavel, metall, massivt tr\u00e4, modern, skiffergr\u00e5 RMB503G01<br \/>\nF\u00e4rg: Skiffergr\u00e5<br \/>\nMaterial: st\u00e5l, imiterat linne, poppeltr\u00e4, skumplast<br \/>\nStorlek: 202 x 146 x 110\/116,5 cm (L x B x H)<br \/>\nVikt: 25,8 kg<br \/>\nMax. statisk belastningskapacitet: 500 kg<\/p>\n","protected":false},"excerpt":{"rendered":"<p>VASAGLE dubbels\u00e4ngram, passar en madrass p\u00e5 140 x 190 cm, justerbart vadderat huvudgavel, metall, massivt tr\u00e4, modern, skiffergr\u00e5 RMB503G01<\/p>\n","protected":false},"featured_media":45998,"comment_status":"open","ping_status":"closed","template":"","meta":[],"product_brand":[],"product_cat":[33],"product_tag":[],"class_list":{"0":"post-19040","1":"product","2":"type-product","3":"status-publish","4":"has-post-thumbnail","6":"product_cat-okategoriserad","8":"first","9":"instock","10":"shipping-taxable","11":"purchasable","12":"product-type-simple"},"_links":{"self":[{"href":"https:\/\/nordicmart.andreevmaster.com\/sv\/wp-json\/wp\/v2\/product\/19040","targetHints":{"allow":["GET"]}}],"collection":[{"href":"https:\/\/nordicmart.andreevmaster.com\/sv\/wp-json\/wp\/v2\/product"}],"about":[{"href":"https:\/\/nordicmart.andreevmaster.com\/sv\/wp-json\/wp\/v2\/types\/product"}],"replies":[{"embeddable":true,"href":"https:\/\/nordicmart.andreevmaster.com\/sv\/wp-json\/wp\/v2\/comments?post=19040"}],"wp:featuredmedia":[{"embeddable":true,"href":"https:\/\/nordicmart.andreevmaster.com\/sv\/wp-json\/wp\/v2\/media\/45998"}],"wp:attachment":[{"href":"https:\/\/nordicmart.andreevmaster.com\/sv\/wp-json\/wp\/v2\/media?parent=19040"}],"wp:term":[{"taxonomy":"product_brand","embeddable":true,"href":"https:\/\/nordicmart.andreevmaster.com\/sv\/wp-json\/wp\/v2\/product_brand?post=19040"},{"taxonomy":"product_cat","embeddable":true,"href":"https:\/\/nordicmart.andreevmaster.com\/sv\/wp-json\/wp\/v2\/product_cat?post=19040"},{"taxonomy":"product_tag","embeddable":true,"href":"https:\/\/nordicmart.andreevmaster.com\/sv\/wp-json\/wp\/v2\/product_tag?post=19040"}],"curies":[{"name":"wp","href":"https:\/\/api.w.org\/{rel}","templated":true}]}}