{"id":19038,"date":"2026-02-27T00:42:45","date_gmt":"2026-02-27T00:42:45","guid":{"rendered":"https:\/\/nordicmart.andreevmaster.com\/product\/vasagle-dubbelsang-160-x-200-cm-med-huvudgavel-matt-svart\/"},"modified":"2026-02-27T08:30:40","modified_gmt":"2026-02-27T08:30:40","slug":"vasagle-dubbelsang-160-x-200-cm-med-huvudgavel-matt-svart","status":"publish","type":"product","link":"https:\/\/nordicmart.andreevmaster.com\/sv\/produkt\/vasagle-dubbelsang-160-x-200-cm-med-huvudgavel-matt-svart\/","title":{"rendered":"VASAGLE dubbels\u00e4ng 160 x 200 cm med huvudgavel matt svart"},"content":{"rendered":"<p>VASAGLE dubbels\u00e4ng, s\u00e4ng, 160 x 200 cm, metalls\u00e4ng, s\u00e4ngram, med huvudgavel, modern, med f\u00f6rvaringshyllor, g\u00e4sts\u00e4ng, f\u00f6r ton\u00e5ringar, matt svart RMB195B01<br \/>\nF\u00e4rg: Matt svart<br \/>\nMaterial: St\u00e5l<br \/>\nStorlek: 207,6 x 161 x 87 cm (L x B x H)<br \/>\nVikt: 22 kg<br \/>\nMax. statisk totalbelastning: 450 kg<\/p>\n","protected":false},"excerpt":{"rendered":"<p>VASAGLE dubbels\u00e4ng, s\u00e4ng, 160 x 200 cm, metalls\u00e4ng, s\u00e4ngram, med huvudgavel, modern, med f\u00f6rvaringshyllor, g\u00e4sts\u00e4ng, f\u00f6r ton\u00e5ringar, matt svart RMB195B01<\/p>\n","protected":false},"featured_media":0,"comment_status":"open","ping_status":"closed","template":"","meta":[],"product_brand":[],"product_cat":[33],"product_tag":[],"class_list":{"0":"post-19038","1":"product","2":"type-product","3":"status-publish","5":"product_cat-okategoriserad","7":"first","8":"instock","9":"shipping-taxable","10":"purchasable","11":"product-type-simple"},"_links":{"self":[{"href":"https:\/\/nordicmart.andreevmaster.com\/sv\/wp-json\/wp\/v2\/product\/19038","targetHints":{"allow":["GET"]}}],"collection":[{"href":"https:\/\/nordicmart.andreevmaster.com\/sv\/wp-json\/wp\/v2\/product"}],"about":[{"href":"https:\/\/nordicmart.andreevmaster.com\/sv\/wp-json\/wp\/v2\/types\/product"}],"replies":[{"embeddable":true,"href":"https:\/\/nordicmart.andreevmaster.com\/sv\/wp-json\/wp\/v2\/comments?post=19038"}],"wp:attachment":[{"href":"https:\/\/nordicmart.andreevmaster.com\/sv\/wp-json\/wp\/v2\/media?parent=19038"}],"wp:term":[{"taxonomy":"product_brand","embeddable":true,"href":"https:\/\/nordicmart.andreevmaster.com\/sv\/wp-json\/wp\/v2\/product_brand?post=19038"},{"taxonomy":"product_cat","embeddable":true,"href":"https:\/\/nordicmart.andreevmaster.com\/sv\/wp-json\/wp\/v2\/product_cat?post=19038"},{"taxonomy":"product_tag","embeddable":true,"href":"https:\/\/nordicmart.andreevmaster.com\/sv\/wp-json\/wp\/v2\/product_tag?post=19038"}],"curies":[{"name":"wp","href":"https:\/\/api.w.org\/{rel}","templated":true}]}}