{"id":19035,"date":"2026-02-27T00:42:44","date_gmt":"2026-02-27T00:42:44","guid":{"rendered":"https:\/\/nordicmart.andreevmaster.com\/product\/vasagle-enkelsangsram-i-metall-90-x-200-cm-modern-black-svart\/"},"modified":"2026-02-27T08:30:39","modified_gmt":"2026-02-27T08:30:39","slug":"vasagle-enkelsangsram-i-metall-90-x-200-cm-modern-black-svart","status":"publish","type":"product","link":"https:\/\/nordicmart.andreevmaster.com\/sv\/produkt\/vasagle-enkelsangsram-i-metall-90-x-200-cm-modern-black-svart\/","title":{"rendered":"VASAGLE Enkels\u00e4ngsram i metall 90 x 200 cm modern bl\u00e4ck svart"},"content":{"rendered":"<p>VASAGLE Enkels\u00e4ngsram, s\u00e4ng, 90 x 200 cm, metalls\u00e4ng, s\u00e4ngram, f\u00f6rvaring under s\u00e4ngen, modern, g\u00e4sts\u00e4ng, enkel montering, bl\u00e4ck svart RMB132B01<br \/>\nF\u00e4rg: bl\u00e4ck svart<br \/>\nMaterial: st\u00e5l<br \/>\nStorlek: 200 x 90 x 35,6 cm (L x B x H)<br \/>\nVikt: 10,5 kg<br \/>\nMax. statisk totalbelastning: 250 kg<\/p>\n","protected":false},"excerpt":{"rendered":"<p>VASAGLE Enkels\u00e4ngsram, s\u00e4ng, 90 x 200 cm, metalls\u00e4ng, s\u00e4ngram, f\u00f6rvaring under s\u00e4ngen, modern, g\u00e4sts\u00e4ng, enkel montering, bl\u00e4ck svart RMB132B01<\/p>\n","protected":false},"featured_media":45994,"comment_status":"open","ping_status":"closed","template":"","meta":[],"product_brand":[],"product_cat":[33],"product_tag":[],"class_list":{"0":"post-19035","1":"product","2":"type-product","3":"status-publish","4":"has-post-thumbnail","6":"product_cat-okategoriserad","8":"first","9":"instock","10":"shipping-taxable","11":"purchasable","12":"product-type-simple"},"_links":{"self":[{"href":"https:\/\/nordicmart.andreevmaster.com\/sv\/wp-json\/wp\/v2\/product\/19035","targetHints":{"allow":["GET"]}}],"collection":[{"href":"https:\/\/nordicmart.andreevmaster.com\/sv\/wp-json\/wp\/v2\/product"}],"about":[{"href":"https:\/\/nordicmart.andreevmaster.com\/sv\/wp-json\/wp\/v2\/types\/product"}],"replies":[{"embeddable":true,"href":"https:\/\/nordicmart.andreevmaster.com\/sv\/wp-json\/wp\/v2\/comments?post=19035"}],"wp:featuredmedia":[{"embeddable":true,"href":"https:\/\/nordicmart.andreevmaster.com\/sv\/wp-json\/wp\/v2\/media\/45994"}],"wp:attachment":[{"href":"https:\/\/nordicmart.andreevmaster.com\/sv\/wp-json\/wp\/v2\/media?parent=19035"}],"wp:term":[{"taxonomy":"product_brand","embeddable":true,"href":"https:\/\/nordicmart.andreevmaster.com\/sv\/wp-json\/wp\/v2\/product_brand?post=19035"},{"taxonomy":"product_cat","embeddable":true,"href":"https:\/\/nordicmart.andreevmaster.com\/sv\/wp-json\/wp\/v2\/product_cat?post=19035"},{"taxonomy":"product_tag","embeddable":true,"href":"https:\/\/nordicmart.andreevmaster.com\/sv\/wp-json\/wp\/v2\/product_tag?post=19035"}],"curies":[{"name":"wp","href":"https:\/\/api.w.org\/{rel}","templated":true}]}}