{"id":19033,"date":"2026-02-27T00:42:43","date_gmt":"2026-02-27T00:42:43","guid":{"rendered":"https:\/\/nordicmart.andreevmaster.com\/product\/vasagle-sang-140-x-200-cm-med-forvaringshyllor-i-metall\/"},"modified":"2026-02-27T08:30:39","modified_gmt":"2026-02-27T08:30:39","slug":"vasagle-sang-140-x-200-cm-med-forvaringshyllor-i-metall","status":"publish","type":"product","link":"https:\/\/nordicmart.andreevmaster.com\/sv\/produkt\/vasagle-sang-140-x-200-cm-med-forvaringshyllor-i-metall\/","title":{"rendered":"VASAGLE s\u00e4ng 140 x 200 cm med f\u00f6rvaringshyllor i metall"},"content":{"rendered":"<p>VASAGLE dubbels\u00e4ng, s\u00e4ngram, s\u00e4ngram i metall, med f\u00f6rvaringshyllor, g\u00e4sts\u00e4ng, passar till madrass 190 x 140 cm, enkel montering, klassiskt svart RMB093B01<br \/>\nF\u00e4rg: klassiskt svart<br \/>\nMaterial: Pulverlackerad metall<br \/>\nStorlek: 200 x 140 x 41,3 cm (L x B x H)<br \/>\nVikt: 19,2 kg<br \/>\nMax. statisk belastningskapacitet per 2 st\u00f6dbalkar: 140 kg<br \/>\nMax. statisk belastningskapacitet totalt: 454 kg<\/p>\n","protected":false},"excerpt":{"rendered":"<p>VASAGLE dubbels\u00e4ng, s\u00e4ngram, s\u00e4ngram i metall, med f\u00f6rvaringshyllor, g\u00e4sts\u00e4ng, passar till madrass 190 x 140 cm, enkel montering, klassiskt svart RMB093B01<\/p>\n","protected":false},"featured_media":45992,"comment_status":"open","ping_status":"closed","template":"","meta":[],"product_brand":[],"product_cat":[33],"product_tag":[],"class_list":{"0":"post-19033","1":"product","2":"type-product","3":"status-publish","4":"has-post-thumbnail","6":"product_cat-okategoriserad","8":"first","9":"instock","10":"shipping-taxable","11":"purchasable","12":"product-type-simple"},"_links":{"self":[{"href":"https:\/\/nordicmart.andreevmaster.com\/sv\/wp-json\/wp\/v2\/product\/19033","targetHints":{"allow":["GET"]}}],"collection":[{"href":"https:\/\/nordicmart.andreevmaster.com\/sv\/wp-json\/wp\/v2\/product"}],"about":[{"href":"https:\/\/nordicmart.andreevmaster.com\/sv\/wp-json\/wp\/v2\/types\/product"}],"replies":[{"embeddable":true,"href":"https:\/\/nordicmart.andreevmaster.com\/sv\/wp-json\/wp\/v2\/comments?post=19033"}],"wp:featuredmedia":[{"embeddable":true,"href":"https:\/\/nordicmart.andreevmaster.com\/sv\/wp-json\/wp\/v2\/media\/45992"}],"wp:attachment":[{"href":"https:\/\/nordicmart.andreevmaster.com\/sv\/wp-json\/wp\/v2\/media?parent=19033"}],"wp:term":[{"taxonomy":"product_brand","embeddable":true,"href":"https:\/\/nordicmart.andreevmaster.com\/sv\/wp-json\/wp\/v2\/product_brand?post=19033"},{"taxonomy":"product_cat","embeddable":true,"href":"https:\/\/nordicmart.andreevmaster.com\/sv\/wp-json\/wp\/v2\/product_cat?post=19033"},{"taxonomy":"product_tag","embeddable":true,"href":"https:\/\/nordicmart.andreevmaster.com\/sv\/wp-json\/wp\/v2\/product_tag?post=19033"}],"curies":[{"name":"wp","href":"https:\/\/api.w.org\/{rel}","templated":true}]}}