{"id":19032,"date":"2026-02-27T00:42:43","date_gmt":"2026-02-27T00:42:43","guid":{"rendered":"https:\/\/nordicmart.andreevmaster.com\/product\/vasagle-dubbel-sangram-i-metall-for-190-x-140-cm-madrass\/"},"modified":"2026-02-27T08:30:38","modified_gmt":"2026-02-27T08:30:38","slug":"vasagle-dubbel-sangram-i-metall-for-190-x-140-cm-madrass","status":"publish","type":"product","link":"https:\/\/nordicmart.andreevmaster.com\/sv\/produkt\/vasagle-dubbel-sangram-i-metall-for-190-x-140-cm-madrass\/","title":{"rendered":"VASAGLE Dubbel s\u00e4ngram i metall f\u00f6r 190 x 140 cm madrass"},"content":{"rendered":"<p>VASAGLE dubbels\u00e4ng, s\u00e4ngram, s\u00e4ngram i metall, med f\u00f6rvaringshyllor, g\u00e4sts\u00e4ng, passar till madrass 190 x 140 cm, enkel montering, klassiskt svart RMB093B01<\/p>\n<p>F\u00e4rg: klassiskt svart<br \/>\nMaterial: Pulverlackerad metall<br \/>\nStorlek: 190 x 140 x 41,3 cm (L x B x H)<br \/>\nVikt: 18,8 kg<br \/>\nMax. statisk belastningskapacitet per st\u00f6dbalk: 140 kg<br \/>\nMax. statisk belastningskapacitet totalt: 450 kg<\/p>\n","protected":false},"excerpt":{"rendered":"<p>VASAGLE dubbels\u00e4ng, s\u00e4ngram, s\u00e4ngram i metall, med f\u00f6rvaringshyllor, g\u00e4sts\u00e4ng, passar till madrass 190 x 140 cm, enkel montering, klassiskt svart RMB093B01<\/p>\n","protected":false},"featured_media":45991,"comment_status":"open","ping_status":"closed","template":"","meta":[],"product_brand":[],"product_cat":[33],"product_tag":[],"class_list":{"0":"post-19032","1":"product","2":"type-product","3":"status-publish","4":"has-post-thumbnail","6":"product_cat-okategoriserad","8":"first","9":"instock","10":"shipping-taxable","11":"purchasable","12":"product-type-simple"},"_links":{"self":[{"href":"https:\/\/nordicmart.andreevmaster.com\/sv\/wp-json\/wp\/v2\/product\/19032","targetHints":{"allow":["GET"]}}],"collection":[{"href":"https:\/\/nordicmart.andreevmaster.com\/sv\/wp-json\/wp\/v2\/product"}],"about":[{"href":"https:\/\/nordicmart.andreevmaster.com\/sv\/wp-json\/wp\/v2\/types\/product"}],"replies":[{"embeddable":true,"href":"https:\/\/nordicmart.andreevmaster.com\/sv\/wp-json\/wp\/v2\/comments?post=19032"}],"wp:featuredmedia":[{"embeddable":true,"href":"https:\/\/nordicmart.andreevmaster.com\/sv\/wp-json\/wp\/v2\/media\/45991"}],"wp:attachment":[{"href":"https:\/\/nordicmart.andreevmaster.com\/sv\/wp-json\/wp\/v2\/media?parent=19032"}],"wp:term":[{"taxonomy":"product_brand","embeddable":true,"href":"https:\/\/nordicmart.andreevmaster.com\/sv\/wp-json\/wp\/v2\/product_brand?post=19032"},{"taxonomy":"product_cat","embeddable":true,"href":"https:\/\/nordicmart.andreevmaster.com\/sv\/wp-json\/wp\/v2\/product_cat?post=19032"},{"taxonomy":"product_tag","embeddable":true,"href":"https:\/\/nordicmart.andreevmaster.com\/sv\/wp-json\/wp\/v2\/product_tag?post=19032"}],"curies":[{"name":"wp","href":"https:\/\/api.w.org\/{rel}","templated":true}]}}