{"id":19030,"date":"2026-02-27T00:42:42","date_gmt":"2026-02-27T00:42:42","guid":{"rendered":"https:\/\/nordicmart.andreevmaster.com\/product\/vasagle-sangram-i-metall\/"},"modified":"2026-02-27T08:30:38","modified_gmt":"2026-02-27T08:30:38","slug":"vasagle-sangram-i-metall","status":"publish","type":"product","link":"https:\/\/nordicmart.andreevmaster.com\/sv\/produkt\/vasagle-sangram-i-metall\/","title":{"rendered":"VASAGLE s\u00e4ngram i metall"},"content":{"rendered":"<p>Slut p\u00e5 s\u00f6mnl\u00f6shet \u2013 s\u00f6ta dr\u00f6mmar v\u00e4ntar: Skillnaden mellan en s\u00f6mnl\u00f6s natt och en natt full av s\u00f6ta dr\u00f6mmar beror ofta p\u00e5 s\u00e4ngramen och madrassen som du ligger p\u00e5 hela natten. Som man b\u00e4ddar, s\u00e5 ligger man!  H\u00f6jdpunkter fr\u00e5n denna VASAGLE s\u00e4ngram i metall: &#8211; Praktisk: Ingen boxspring beh\u00f6vs; denna s\u00e4ngram st\u00f6der din madrass direkt. &#8211; Enkel montering: Inga extra verktyg beh\u00f6vs f\u00f6r montering, allt ing\u00e5r i paketet! &#8211; Stabil och robust: 9 metallben, h\u00e5llbar metallram och st\u00f6dbalkar i metall ser till att du ligger s\u00e4kert hela natten. &#8211; Madrassen sjunker inte in: Avst\u00e5ndet mellan st\u00f6dbalkarna \u00e4r l\u00e4mpligt. Oroa dig inte f\u00f6r att madrassen sjunker in p\u00e5 grund av f\u00f6r stort avst\u00e5nd, vilket f\u00f6rl\u00e4nger madrassens livsl\u00e4ngd. &#8211; Attraktiv charm: Den eleganta svarta ytan och den enkla designen ger ditt rum en unik charm. Produktdetaljer: &#8211; F\u00e4rg: Svart &#8211; Material: Pulverlackerad metall &#8211; Storlek: 198 x 142 x 92,5 cm (L x B x H) &#8211; Vikt: 20,3 kg &#8211; Max. statisk belastningskapacitet: 240 kg Leveransomfattning: &#8211; 1 x s\u00e4ngram &#8211; 1 x tillbeh\u00f6rspaket &#8211; 1 x instruktioner VASAGLE Anm\u00e4rkningar:- Barn f\u00e5r inte sticka in huvudet i mellanrummen mellan metallr\u00f6ren. &#8211; Se till att alla delar och skruvar \u00e4r ordentligt fastsatta f\u00f6re anv\u00e4ndning. &#8211; Madrass ing\u00e5r inte i leveransen.<\/p>\n","protected":false},"excerpt":{"rendered":"<p>VASAGLE S\u00e4ngram i metall, dubbels\u00e4ngram, s\u00e4ngram, passar f\u00f6r 140 cm x 190 cm madrass, g\u00e4sts\u00e4ng, f\u00f6r vuxna, enkel montering, svart RMB073B01<\/p>\n","protected":false},"featured_media":45989,"comment_status":"open","ping_status":"closed","template":"","meta":[],"product_brand":[],"product_cat":[33],"product_tag":[],"class_list":{"0":"post-19030","1":"product","2":"type-product","3":"status-publish","4":"has-post-thumbnail","6":"product_cat-okategoriserad","8":"first","9":"instock","10":"shipping-taxable","11":"purchasable","12":"product-type-simple"},"_links":{"self":[{"href":"https:\/\/nordicmart.andreevmaster.com\/sv\/wp-json\/wp\/v2\/product\/19030","targetHints":{"allow":["GET"]}}],"collection":[{"href":"https:\/\/nordicmart.andreevmaster.com\/sv\/wp-json\/wp\/v2\/product"}],"about":[{"href":"https:\/\/nordicmart.andreevmaster.com\/sv\/wp-json\/wp\/v2\/types\/product"}],"replies":[{"embeddable":true,"href":"https:\/\/nordicmart.andreevmaster.com\/sv\/wp-json\/wp\/v2\/comments?post=19030"}],"wp:featuredmedia":[{"embeddable":true,"href":"https:\/\/nordicmart.andreevmaster.com\/sv\/wp-json\/wp\/v2\/media\/45989"}],"wp:attachment":[{"href":"https:\/\/nordicmart.andreevmaster.com\/sv\/wp-json\/wp\/v2\/media?parent=19030"}],"wp:term":[{"taxonomy":"product_brand","embeddable":true,"href":"https:\/\/nordicmart.andreevmaster.com\/sv\/wp-json\/wp\/v2\/product_brand?post=19030"},{"taxonomy":"product_cat","embeddable":true,"href":"https:\/\/nordicmart.andreevmaster.com\/sv\/wp-json\/wp\/v2\/product_cat?post=19030"},{"taxonomy":"product_tag","embeddable":true,"href":"https:\/\/nordicmart.andreevmaster.com\/sv\/wp-json\/wp\/v2\/product_tag?post=19030"}],"curies":[{"name":"wp","href":"https:\/\/api.w.org\/{rel}","templated":true}]}}