{"id":19028,"date":"2026-02-27T00:42:41","date_gmt":"2026-02-27T00:42:41","guid":{"rendered":"https:\/\/nordicmart.andreevmaster.com\/product\/vasagle-enkelbaddsram-i-metall-svart\/"},"modified":"2026-02-27T08:30:37","modified_gmt":"2026-02-27T08:30:37","slug":"vasagle-enkelbaddsram-i-metall-svart","status":"publish","type":"product","link":"https:\/\/nordicmart.andreevmaster.com\/sv\/produkt\/vasagle-enkelbaddsram-i-metall-svart\/","title":{"rendered":"VASAGLE Enkelb\u00e4ddsram i metall, svart"},"content":{"rendered":"<p>VASAGLE Enkels\u00e4ngsram, s\u00e4ngram, s\u00e4ngram i metall, passar till 90 x 190 cm madrass, g\u00e4sts\u00e4ng, f\u00f6r vuxna, barn, enkel montering, f\u00f6r sm\u00e5 rum, vit RMB061W01<br \/>\nF\u00e4rg: Svart<br \/>\nMaterial: Pulverlackerad metall<br \/>\nStorlek: 207,6 x 161,8 x 86 cm (L x B x H)<br \/>\nVikt: 23,5 kg<br \/>\nMax. statisk belastningskapacitet: 400 kg<\/p>\n","protected":false},"excerpt":{"rendered":"<p>VASAGLE Enkels\u00e4ngsram, s\u00e4ngram, s\u00e4ngram i metall, passar till 90 x 190 cm madrass, g\u00e4sts\u00e4ng, f\u00f6r vuxna, barn, enkel montering, f\u00f6r sm\u00e5 rum, vit RMB061W01<\/p>\n","protected":false},"featured_media":45987,"comment_status":"open","ping_status":"closed","template":"","meta":[],"product_brand":[],"product_cat":[33],"product_tag":[],"class_list":{"0":"post-19028","1":"product","2":"type-product","3":"status-publish","4":"has-post-thumbnail","6":"product_cat-okategoriserad","8":"first","9":"instock","10":"shipping-taxable","11":"purchasable","12":"product-type-simple"},"_links":{"self":[{"href":"https:\/\/nordicmart.andreevmaster.com\/sv\/wp-json\/wp\/v2\/product\/19028","targetHints":{"allow":["GET"]}}],"collection":[{"href":"https:\/\/nordicmart.andreevmaster.com\/sv\/wp-json\/wp\/v2\/product"}],"about":[{"href":"https:\/\/nordicmart.andreevmaster.com\/sv\/wp-json\/wp\/v2\/types\/product"}],"replies":[{"embeddable":true,"href":"https:\/\/nordicmart.andreevmaster.com\/sv\/wp-json\/wp\/v2\/comments?post=19028"}],"wp:featuredmedia":[{"embeddable":true,"href":"https:\/\/nordicmart.andreevmaster.com\/sv\/wp-json\/wp\/v2\/media\/45987"}],"wp:attachment":[{"href":"https:\/\/nordicmart.andreevmaster.com\/sv\/wp-json\/wp\/v2\/media?parent=19028"}],"wp:term":[{"taxonomy":"product_brand","embeddable":true,"href":"https:\/\/nordicmart.andreevmaster.com\/sv\/wp-json\/wp\/v2\/product_brand?post=19028"},{"taxonomy":"product_cat","embeddable":true,"href":"https:\/\/nordicmart.andreevmaster.com\/sv\/wp-json\/wp\/v2\/product_cat?post=19028"},{"taxonomy":"product_tag","embeddable":true,"href":"https:\/\/nordicmart.andreevmaster.com\/sv\/wp-json\/wp\/v2\/product_tag?post=19028"}],"curies":[{"name":"wp","href":"https:\/\/api.w.org\/{rel}","templated":true}]}}