{"id":19025,"date":"2026-02-27T00:42:41","date_gmt":"2026-02-27T00:42:41","guid":{"rendered":"https:\/\/nordicmart.andreevmaster.com\/product\/vasagle-dubbelsangsram-i-metall\/"},"modified":"2026-02-27T08:30:37","modified_gmt":"2026-02-27T08:30:37","slug":"vasagle-dubbelsangsram-i-metall","status":"publish","type":"product","link":"https:\/\/nordicmart.andreevmaster.com\/sv\/produkt\/vasagle-dubbelsangsram-i-metall\/","title":{"rendered":"VASAGLE dubbels\u00e4ngsram i metall"},"content":{"rendered":"<p>H\u00e5llbara material Den stabila, h\u00e5llbara och pulverlackerade metallramen ger s\u00e4ngen h\u00f6g stabilitet och t\u00e5l en belastning p\u00e5 upp till 225 kg. Charmigt utseende Den raffinerade matta ytan, de rena linjerna och det sv\u00e4ngda m\u00f6nstret passar perfekt till din inredningsstil och ger rummet en touch av glamour.Enkel att montera Tack vare l\u00e4ttf\u00f6rst\u00e5eliga instruktioner och tydligt m\u00e4rkta delar kan du montera denna s\u00e4ngram p\u00e5 nolltid. Halkskydd inkluderade De medf\u00f6ljande fotskydden \u00f6kar stabiliteten och skyddar samtidigt ditt golv fr\u00e5n repor. Produktdetaljer:- F\u00e4rg: Svart &#8211; Material: Pulverlackerad metall &#8211; Storlek: 198 x 141,8 x 86,4 cm (L x B x H) &#8211; Vikt: 19,8 kg &#8211; Max. statisk belastningskapacitet: 225 kg VASAGLE Anm\u00e4rkningar:- Barn f\u00e5r inte sticka in huvudet i mellanrummen mellan metallr\u00f6ren. &#8211; Se till att alla delar och skruvar \u00e4r ordentligt fastsatta f\u00f6re anv\u00e4ndning. &#8211; Madrass ing\u00e5r inte i leveransen.<\/p>\n","protected":false},"excerpt":{"rendered":"<p>VASAGLE dubbels\u00e4ngram, s\u00e4ngram, s\u00e4ngram i metall, passar f\u00f6r 140 x 190 cm madrass, g\u00e4sts\u00e4ng, f\u00f6r vuxna, barn, enkel montering, f\u00f6r sm\u00e5 rum, vit RMB063W01<\/p>\n","protected":false},"featured_media":45984,"comment_status":"open","ping_status":"closed","template":"","meta":[],"product_brand":[],"product_cat":[33],"product_tag":[],"class_list":{"0":"post-19025","1":"product","2":"type-product","3":"status-publish","4":"has-post-thumbnail","6":"product_cat-okategoriserad","8":"first","9":"instock","10":"shipping-taxable","11":"purchasable","12":"product-type-simple"},"_links":{"self":[{"href":"https:\/\/nordicmart.andreevmaster.com\/sv\/wp-json\/wp\/v2\/product\/19025","targetHints":{"allow":["GET"]}}],"collection":[{"href":"https:\/\/nordicmart.andreevmaster.com\/sv\/wp-json\/wp\/v2\/product"}],"about":[{"href":"https:\/\/nordicmart.andreevmaster.com\/sv\/wp-json\/wp\/v2\/types\/product"}],"replies":[{"embeddable":true,"href":"https:\/\/nordicmart.andreevmaster.com\/sv\/wp-json\/wp\/v2\/comments?post=19025"}],"wp:featuredmedia":[{"embeddable":true,"href":"https:\/\/nordicmart.andreevmaster.com\/sv\/wp-json\/wp\/v2\/media\/45984"}],"wp:attachment":[{"href":"https:\/\/nordicmart.andreevmaster.com\/sv\/wp-json\/wp\/v2\/media?parent=19025"}],"wp:term":[{"taxonomy":"product_brand","embeddable":true,"href":"https:\/\/nordicmart.andreevmaster.com\/sv\/wp-json\/wp\/v2\/product_brand?post=19025"},{"taxonomy":"product_cat","embeddable":true,"href":"https:\/\/nordicmart.andreevmaster.com\/sv\/wp-json\/wp\/v2\/product_cat?post=19025"},{"taxonomy":"product_tag","embeddable":true,"href":"https:\/\/nordicmart.andreevmaster.com\/sv\/wp-json\/wp\/v2\/product_tag?post=19025"}],"curies":[{"name":"wp","href":"https:\/\/api.w.org\/{rel}","templated":true}]}}