{"id":19023,"date":"2026-02-27T00:42:40","date_gmt":"2026-02-27T00:42:40","guid":{"rendered":"https:\/\/nordicmart.andreevmaster.com\/product\/vasagle-sang-90-x-200-cm-av-metall-black-svart\/"},"modified":"2026-02-27T08:30:36","modified_gmt":"2026-02-27T08:30:36","slug":"vasagle-sang-90-x-200-cm-av-metall-black-svart","status":"publish","type":"product","link":"https:\/\/nordicmart.andreevmaster.com\/sv\/produkt\/vasagle-sang-90-x-200-cm-av-metall-black-svart\/","title":{"rendered":"VASAGLE s\u00e4ng 90 x 200 cm av metall, bl\u00e4ck svart"},"content":{"rendered":"<p>VASAGLE Enkels\u00e4ngsram, s\u00e4ngram, s\u00e4ngram i metall, passar till 90 x 190 cm madrass, g\u00e4sts\u00e4ng, f\u00f6r vuxna, barn, enkel montering, f\u00f6r sm\u00e5 rum, vit RMB061W01<br \/>\nF\u00e4rg: Bl\u00e4ksvart<br \/>\nMaterial: Pulverlackerad metall<br \/>\nStorlek: 208 x 91,8 x 86,4 cm (L x B x H)<br \/>\nVikt: 14 kg<br \/>\nMax. statisk belastningskapacitet: 230 kg<\/p>\n","protected":false},"excerpt":{"rendered":"<p>VASAGLE Enkels\u00e4ngsram, s\u00e4ngram, s\u00e4ngram i metall, passar till 90 x 190 cm madrass, g\u00e4sts\u00e4ng, f\u00f6r vuxna, barn, enkel montering, f\u00f6r sm\u00e5 rum, vit RMB061W01<\/p>\n","protected":false},"featured_media":45982,"comment_status":"open","ping_status":"closed","template":"","meta":[],"product_brand":[],"product_cat":[33],"product_tag":[],"class_list":{"0":"post-19023","1":"product","2":"type-product","3":"status-publish","4":"has-post-thumbnail","6":"product_cat-okategoriserad","8":"first","9":"instock","10":"shipping-taxable","11":"purchasable","12":"product-type-simple"},"_links":{"self":[{"href":"https:\/\/nordicmart.andreevmaster.com\/sv\/wp-json\/wp\/v2\/product\/19023","targetHints":{"allow":["GET"]}}],"collection":[{"href":"https:\/\/nordicmart.andreevmaster.com\/sv\/wp-json\/wp\/v2\/product"}],"about":[{"href":"https:\/\/nordicmart.andreevmaster.com\/sv\/wp-json\/wp\/v2\/types\/product"}],"replies":[{"embeddable":true,"href":"https:\/\/nordicmart.andreevmaster.com\/sv\/wp-json\/wp\/v2\/comments?post=19023"}],"wp:featuredmedia":[{"embeddable":true,"href":"https:\/\/nordicmart.andreevmaster.com\/sv\/wp-json\/wp\/v2\/media\/45982"}],"wp:attachment":[{"href":"https:\/\/nordicmart.andreevmaster.com\/sv\/wp-json\/wp\/v2\/media?parent=19023"}],"wp:term":[{"taxonomy":"product_brand","embeddable":true,"href":"https:\/\/nordicmart.andreevmaster.com\/sv\/wp-json\/wp\/v2\/product_brand?post=19023"},{"taxonomy":"product_cat","embeddable":true,"href":"https:\/\/nordicmart.andreevmaster.com\/sv\/wp-json\/wp\/v2\/product_cat?post=19023"},{"taxonomy":"product_tag","embeddable":true,"href":"https:\/\/nordicmart.andreevmaster.com\/sv\/wp-json\/wp\/v2\/product_tag?post=19023"}],"curies":[{"name":"wp","href":"https:\/\/api.w.org\/{rel}","templated":true}]}}