{"id":19022,"date":"2026-02-27T00:42:40","date_gmt":"2026-02-27T00:42:40","guid":{"rendered":"https:\/\/nordicmart.andreevmaster.com\/product\/vasagle-enkelsangsram-i-metall-vit\/"},"modified":"2026-02-27T08:30:36","modified_gmt":"2026-02-27T08:30:36","slug":"vasagle-enkelsangsram-i-metall-vit","status":"publish","type":"product","link":"https:\/\/nordicmart.andreevmaster.com\/sv\/produkt\/vasagle-enkelsangsram-i-metall-vit\/","title":{"rendered":"VASAGLE Enkels\u00e4ngsram i metall, vit"},"content":{"rendered":"<p>Slut p\u00e5 s\u00f6mnl\u00f6shet \u2013 s\u00f6ta dr\u00f6mmar v\u00e4ntar: Skillnaden mellan en s\u00f6mnl\u00f6s natt och en natt full av s\u00f6ta dr\u00f6mmar beror ofta p\u00e5 s\u00e4ngramen och madrassen som du ligger p\u00e5 hela natten. Som man b\u00e4ddar, s\u00e5 ligger man! H\u00f6jdpunkter fr\u00e5n denna VASAGLE s\u00e4ngram i metall: &#8211; Ingen boxspring beh\u00f6vs; denna s\u00e4ngram st\u00f6der din madrass direkt. &#8211; Inga verktyg kr\u00e4vs f\u00f6r montering, allt ing\u00e5r i paketet! &#8211; En h\u00e5llbar metallram, 11 tv\u00e4rstag av metall och 6 metallben ser till att du ligger s\u00e4kert hela natten. &#8211; Den attraktiva vita ytan och den enkla designen ger ditt rum en modern charm. Produktdetaljer: &#8211; F\u00e4rg: Vit &#8211; Material: Pulverlackerad metall &#8211; Storlek: 198 x 91,8 x 86,4 cm (L x B x H) &#8211; Vikt: 14,2 kg &#8211; Max. statisk belastningskapacitet: 250 kg Leveransomfattning:- 1 x s\u00e4ngram &#8211; 1 x tillbeh\u00f6rspaket &#8211; 1 x bruksanvisning (DE, EN, ES, FR, IT) VASAGLE Anm\u00e4rkningar: &#8211; Barn f\u00e5r inte sticka huvudet i mellanrummen mellan metallr\u00f6ren. &#8211; Se till att alla delar och skruvar \u00e4r ordentligt fastsatta f\u00f6re anv\u00e4ndning. &#8211; Madrass ing\u00e5r inte i leveransen.<\/p>\n","protected":false},"excerpt":{"rendered":"<p>VASAGLE Enkels\u00e4ngsram, s\u00e4ngram, s\u00e4ngram i metall, passar till 90 x 190 cm madrass, g\u00e4sts\u00e4ng, f\u00f6r vuxna, barn, enkel montering, f\u00f6r sm\u00e5 rum, vit RMB061W01<\/p>\n","protected":false},"featured_media":45981,"comment_status":"open","ping_status":"closed","template":"","meta":[],"product_brand":[],"product_cat":[33],"product_tag":[],"class_list":{"0":"post-19022","1":"product","2":"type-product","3":"status-publish","4":"has-post-thumbnail","6":"product_cat-okategoriserad","8":"first","9":"instock","10":"shipping-taxable","11":"purchasable","12":"product-type-simple"},"_links":{"self":[{"href":"https:\/\/nordicmart.andreevmaster.com\/sv\/wp-json\/wp\/v2\/product\/19022","targetHints":{"allow":["GET"]}}],"collection":[{"href":"https:\/\/nordicmart.andreevmaster.com\/sv\/wp-json\/wp\/v2\/product"}],"about":[{"href":"https:\/\/nordicmart.andreevmaster.com\/sv\/wp-json\/wp\/v2\/types\/product"}],"replies":[{"embeddable":true,"href":"https:\/\/nordicmart.andreevmaster.com\/sv\/wp-json\/wp\/v2\/comments?post=19022"}],"wp:featuredmedia":[{"embeddable":true,"href":"https:\/\/nordicmart.andreevmaster.com\/sv\/wp-json\/wp\/v2\/media\/45981"}],"wp:attachment":[{"href":"https:\/\/nordicmart.andreevmaster.com\/sv\/wp-json\/wp\/v2\/media?parent=19022"}],"wp:term":[{"taxonomy":"product_brand","embeddable":true,"href":"https:\/\/nordicmart.andreevmaster.com\/sv\/wp-json\/wp\/v2\/product_brand?post=19022"},{"taxonomy":"product_cat","embeddable":true,"href":"https:\/\/nordicmart.andreevmaster.com\/sv\/wp-json\/wp\/v2\/product_cat?post=19022"},{"taxonomy":"product_tag","embeddable":true,"href":"https:\/\/nordicmart.andreevmaster.com\/sv\/wp-json\/wp\/v2\/product_tag?post=19022"}],"curies":[{"name":"wp","href":"https:\/\/api.w.org\/{rel}","templated":true}]}}