{"id":19019,"date":"2026-02-27T00:42:39","date_gmt":"2026-02-27T00:42:39","guid":{"rendered":"https:\/\/nordicmart.andreevmaster.com\/product\/songmics-tvattkorg-4-fack-tvattkorg-med-hjul-och-kladstang-tvattsorterare\/"},"modified":"2026-02-27T08:30:36","modified_gmt":"2026-02-27T08:30:36","slug":"songmics-tvattkorg-4-fack-tvattkorg-med-hjul-och-kladstang-tvattsorterare","status":"publish","type":"product","link":"https:\/\/nordicmart.andreevmaster.com\/sv\/produkt\/songmics-tvattkorg-4-fack-tvattkorg-med-hjul-och-kladstang-tvattsorterare\/","title":{"rendered":"SONGMICS tv\u00e4ttkorg 4 fack, tv\u00e4ttkorg med hjul och kl\u00e4dst\u00e5ng, tv\u00e4ttsorterare"},"content":{"rendered":"<p>SONGMICS tv\u00e4ttkorg med 4 fack, tv\u00e4ttsamlare, kl\u00e4dst\u00e4ll p\u00e5 hjul, tv\u00e4ttsorterare, tv\u00e4ttvagn, avtagbar tv\u00e4tts\u00e4ck, t\u00e5lig, hjul med broms, 4 x 50 liter, svart RLS44B<br \/>\nSpecifikationer:<br \/>\n&#8211; Totala m\u00e5tt: 108 x 44 x 172 cm (L x B x H)<br \/>\n&#8211; M\u00e5tt f\u00f6r varje s\u00e4ck: 40 x 23,5 x 53\/64 cm (L x B x H)<br \/>\n&#8211; Vikt: 6,9 kg<br \/>\n&#8211; Max. statisk totalbelastningskapacitet: 40 kg<br \/>\n&#8211; Max. statisk b\u00e4rf\u00f6rm\u00e5ga f\u00f6r varje s\u00e4ck: 5 kg<br \/>\n&#8211; Max. statisk b\u00e4rf\u00f6rm\u00e5ga f\u00f6r st\u00e5ngen: 20 kg<br \/>\n&#8211; Material: Pulverlackerade st\u00e5lr\u00f6r, 600D polyesterv\u00e4v, plastrullar<br \/>\n&#8211; F\u00e4rg: Svart<\/p>\n","protected":false},"excerpt":{"rendered":"<p>SONGMICS tv\u00e4ttkorg med 4 fack, tv\u00e4ttsamlare, kl\u00e4dst\u00e4ll p\u00e5 hjul, tv\u00e4ttsorterare, tv\u00e4ttvagn, avtagbar tv\u00e4tts\u00e4ck, t\u00e5lig, hjul med broms, 4 x 50 liter, svart RLS44B<\/p>\n","protected":false},"featured_media":45978,"comment_status":"open","ping_status":"closed","template":"","meta":[],"product_brand":[],"product_cat":[33],"product_tag":[],"class_list":{"0":"post-19019","1":"product","2":"type-product","3":"status-publish","4":"has-post-thumbnail","6":"product_cat-okategoriserad","8":"first","9":"instock","10":"shipping-taxable","11":"purchasable","12":"product-type-simple"},"_links":{"self":[{"href":"https:\/\/nordicmart.andreevmaster.com\/sv\/wp-json\/wp\/v2\/product\/19019","targetHints":{"allow":["GET"]}}],"collection":[{"href":"https:\/\/nordicmart.andreevmaster.com\/sv\/wp-json\/wp\/v2\/product"}],"about":[{"href":"https:\/\/nordicmart.andreevmaster.com\/sv\/wp-json\/wp\/v2\/types\/product"}],"replies":[{"embeddable":true,"href":"https:\/\/nordicmart.andreevmaster.com\/sv\/wp-json\/wp\/v2\/comments?post=19019"}],"wp:featuredmedia":[{"embeddable":true,"href":"https:\/\/nordicmart.andreevmaster.com\/sv\/wp-json\/wp\/v2\/media\/45978"}],"wp:attachment":[{"href":"https:\/\/nordicmart.andreevmaster.com\/sv\/wp-json\/wp\/v2\/media?parent=19019"}],"wp:term":[{"taxonomy":"product_brand","embeddable":true,"href":"https:\/\/nordicmart.andreevmaster.com\/sv\/wp-json\/wp\/v2\/product_brand?post=19019"},{"taxonomy":"product_cat","embeddable":true,"href":"https:\/\/nordicmart.andreevmaster.com\/sv\/wp-json\/wp\/v2\/product_cat?post=19019"},{"taxonomy":"product_tag","embeddable":true,"href":"https:\/\/nordicmart.andreevmaster.com\/sv\/wp-json\/wp\/v2\/product_tag?post=19019"}],"curies":[{"name":"wp","href":"https:\/\/api.w.org\/{rel}","templated":true}]}}