{"id":19016,"date":"2026-02-27T00:42:38","date_gmt":"2026-02-27T00:42:38","guid":{"rendered":"https:\/\/nordicmart.andreevmaster.com\/product\/vasagle-tvattkorg-tvattsorterare-med-hjul-150-l\/"},"modified":"2026-02-27T08:30:35","modified_gmt":"2026-02-27T08:30:35","slug":"vasagle-tvattkorg-tvattsorterare-med-hjul-150-l","status":"publish","type":"product","link":"https:\/\/nordicmart.andreevmaster.com\/sv\/produkt\/vasagle-tvattkorg-tvattsorterare-med-hjul-150-l\/","title":{"rendered":"VASAGLE tv\u00e4ttkorg, tv\u00e4ttsorterare med hjul, 150 l"},"content":{"rendered":"<p>VASAGLE Tv\u00e4ttsorterare, tv\u00e4ttseparator med hjul, 150 l, tv\u00e4ttkorgar, flyttbar tv\u00e4ttvagn med f\u00f6rvaringshylla, 4 avtagbara p\u00e5sar, 6 etiketter, bl\u00e4ck svart-kastanjebrun RLS100B01<br \/>\nSpecifikationer:<br \/>\n&#8211; M\u00e5tt: 72,4 x 33 x 109,1 cm (L x B x H)<br \/>\n&#8211; Vikt: 8,1 kg<br \/>\n&#8211; Max. statisk b\u00e4rf\u00f6rm\u00e5ga f\u00f6r det \u00f6vre f\u00f6rvaringsutrymmet: 15 kg<br \/>\n&#8211; Max. statisk b\u00e4rf\u00f6rm\u00e5ga f\u00f6r varje liten korg: 4 kg<br \/>\n&#8211; Max. statisk b\u00e4rf\u00f6rm\u00e5ga f\u00f6r varje stor korg: 8 kg<br \/>\n&#8211; Max. statisk b\u00e4rf\u00f6rm\u00e5ga totalt: 39 kg<br \/>\n&#8211; Material: st\u00e5l, Oxford-tyg, sp\u00e5nskiva<br \/>\n&#8211; F\u00e4rg: svartbrun<\/p>\n","protected":false},"excerpt":{"rendered":"<p>VASAGLE Tv\u00e4ttsorterare, tv\u00e4ttseparator med hjul, 150 l, tv\u00e4ttkorgar, flyttbar tv\u00e4ttvagn med f\u00f6rvaringshylla, 4 avtagbara p\u00e5sar, 6 etiketter, bl\u00e4ck svart-kastanjebrun RLS100B01<\/p>\n","protected":false},"featured_media":45975,"comment_status":"open","ping_status":"closed","template":"","meta":[],"product_brand":[],"product_cat":[33],"product_tag":[],"class_list":{"0":"post-19016","1":"product","2":"type-product","3":"status-publish","4":"has-post-thumbnail","6":"product_cat-okategoriserad","8":"first","9":"instock","10":"shipping-taxable","11":"purchasable","12":"product-type-simple"},"_links":{"self":[{"href":"https:\/\/nordicmart.andreevmaster.com\/sv\/wp-json\/wp\/v2\/product\/19016","targetHints":{"allow":["GET"]}}],"collection":[{"href":"https:\/\/nordicmart.andreevmaster.com\/sv\/wp-json\/wp\/v2\/product"}],"about":[{"href":"https:\/\/nordicmart.andreevmaster.com\/sv\/wp-json\/wp\/v2\/types\/product"}],"replies":[{"embeddable":true,"href":"https:\/\/nordicmart.andreevmaster.com\/sv\/wp-json\/wp\/v2\/comments?post=19016"}],"wp:featuredmedia":[{"embeddable":true,"href":"https:\/\/nordicmart.andreevmaster.com\/sv\/wp-json\/wp\/v2\/media\/45975"}],"wp:attachment":[{"href":"https:\/\/nordicmart.andreevmaster.com\/sv\/wp-json\/wp\/v2\/media?parent=19016"}],"wp:term":[{"taxonomy":"product_brand","embeddable":true,"href":"https:\/\/nordicmart.andreevmaster.com\/sv\/wp-json\/wp\/v2\/product_brand?post=19016"},{"taxonomy":"product_cat","embeddable":true,"href":"https:\/\/nordicmart.andreevmaster.com\/sv\/wp-json\/wp\/v2\/product_cat?post=19016"},{"taxonomy":"product_tag","embeddable":true,"href":"https:\/\/nordicmart.andreevmaster.com\/sv\/wp-json\/wp\/v2\/product_tag?post=19016"}],"curies":[{"name":"wp","href":"https:\/\/api.w.org\/{rel}","templated":true}]}}