{"id":19012,"date":"2026-02-27T00:42:37","date_gmt":"2026-02-27T00:42:37","guid":{"rendered":"https:\/\/nordicmart.andreevmaster.com\/product\/songmics-tvattkorg-med-hjul-tvattsamlare-med-2-fack-tvattvagn\/"},"modified":"2026-02-27T08:30:34","modified_gmt":"2026-02-27T08:30:34","slug":"songmics-tvattkorg-med-hjul-tvattsamlare-med-2-fack-tvattvagn","status":"publish","type":"product","link":"https:\/\/nordicmart.andreevmaster.com\/sv\/produkt\/songmics-tvattkorg-med-hjul-tvattsamlare-med-2-fack-tvattvagn\/","title":{"rendered":"SONGMICS tv\u00e4ttkorg med hjul, tv\u00e4ttsamlare med 2 fack, tv\u00e4ttvagn"},"content":{"rendered":"<p>SONGMICS tv\u00e4ttkorg, 90 liter, tv\u00e4ttsamlare med hjul, tv\u00e4ttvagn, avtagbar tv\u00e4tts\u00e4ck, st\u00e5lram, med handtag, rymlig<br \/>\nSpecifikationer:<br \/>\n&#8211; M\u00e5tt: 69 x 29 x 81 cm (L x B x H)<br \/>\n&#8211; Vikt: 4,3 kg<br \/>\n&#8211; Max. statisk b\u00e4rf\u00f6rm\u00e5ga: 10 kg<br \/>\n&#8211; Material: st\u00e5lr\u00f6r, 600D Oxford-tyg<br \/>\n&#8211; F\u00e4rg: svart<\/p>\n","protected":false},"excerpt":{"rendered":"<p>SONGMICS tv\u00e4ttkorg, 90 liter, tv\u00e4ttsamlare med hjul, tv\u00e4ttvagn, avtagbar tv\u00e4tts\u00e4ck, st\u00e5lram, med handtag, rymlig<\/p>\n","protected":false},"featured_media":45973,"comment_status":"open","ping_status":"closed","template":"","meta":[],"product_brand":[],"product_cat":[33],"product_tag":[],"class_list":{"0":"post-19012","1":"product","2":"type-product","3":"status-publish","4":"has-post-thumbnail","6":"product_cat-okategoriserad","8":"first","9":"instock","10":"shipping-taxable","11":"purchasable","12":"product-type-simple"},"_links":{"self":[{"href":"https:\/\/nordicmart.andreevmaster.com\/sv\/wp-json\/wp\/v2\/product\/19012","targetHints":{"allow":["GET"]}}],"collection":[{"href":"https:\/\/nordicmart.andreevmaster.com\/sv\/wp-json\/wp\/v2\/product"}],"about":[{"href":"https:\/\/nordicmart.andreevmaster.com\/sv\/wp-json\/wp\/v2\/types\/product"}],"replies":[{"embeddable":true,"href":"https:\/\/nordicmart.andreevmaster.com\/sv\/wp-json\/wp\/v2\/comments?post=19012"}],"wp:featuredmedia":[{"embeddable":true,"href":"https:\/\/nordicmart.andreevmaster.com\/sv\/wp-json\/wp\/v2\/media\/45973"}],"wp:attachment":[{"href":"https:\/\/nordicmart.andreevmaster.com\/sv\/wp-json\/wp\/v2\/media?parent=19012"}],"wp:term":[{"taxonomy":"product_brand","embeddable":true,"href":"https:\/\/nordicmart.andreevmaster.com\/sv\/wp-json\/wp\/v2\/product_brand?post=19012"},{"taxonomy":"product_cat","embeddable":true,"href":"https:\/\/nordicmart.andreevmaster.com\/sv\/wp-json\/wp\/v2\/product_cat?post=19012"},{"taxonomy":"product_tag","embeddable":true,"href":"https:\/\/nordicmart.andreevmaster.com\/sv\/wp-json\/wp\/v2\/product_tag?post=19012"}],"curies":[{"name":"wp","href":"https:\/\/api.w.org\/{rel}","templated":true}]}}