{"id":19011,"date":"2026-02-27T00:42:37","date_gmt":"2026-02-27T00:42:37","guid":{"rendered":"https:\/\/nordicmart.andreevmaster.com\/product\/songmics-tvattkorg-200-l-med-hjul-och-3-fack-black-svart\/"},"modified":"2026-02-27T08:30:34","modified_gmt":"2026-02-27T08:30:34","slug":"songmics-tvattkorg-200-l-med-hjul-och-3-fack-black-svart","status":"publish","type":"product","link":"https:\/\/nordicmart.andreevmaster.com\/sv\/produkt\/songmics-tvattkorg-200-l-med-hjul-och-3-fack-black-svart\/","title":{"rendered":"SONGMICS tv\u00e4ttkorg 200 L med hjul och 3 fack, bl\u00e4ck svart"},"content":{"rendered":"<p>SONGMICS tv\u00e4ttkorg med hjul, tv\u00e4ttsamlare med 2 fack, 140 l tv\u00e4ttsorterare, flyttbar tv\u00e4ttvagn, 5 etiketter, f\u00f6r tv\u00e4ttstuga, sovrum, badrum, bl\u00e4ck svart RLS210B01<br \/>\nF\u00e4rg: bl\u00e4ck svart<br \/>\nMaterial: st\u00e5l, Oxford-tyg, PU-konstl\u00e4der<br \/>\nStorlek: 79 x 40 x 91 cm (L x B x H)<br \/>\nVikt: 3,5 kg<br \/>\nMax. statisk belastningskapacitet f\u00f6r varje fack: 5 kg<br \/>\nMax. statisk belastningskapacitet totalt: 20 kg<\/p>\n","protected":false},"excerpt":{"rendered":"<p>SONGMICS tv\u00e4ttkorg med hjul, tv\u00e4ttsamlare med 2 fack, 140 l tv\u00e4ttsorterare, flyttbar tv\u00e4ttvagn, 5 etiketter, f\u00f6r tv\u00e4ttstuga, sovrum, badrum, bl\u00e4ck svart RLS210B01<\/p>\n","protected":false},"featured_media":45972,"comment_status":"open","ping_status":"closed","template":"","meta":[],"product_brand":[],"product_cat":[33],"product_tag":[],"class_list":{"0":"post-19011","1":"product","2":"type-product","3":"status-publish","4":"has-post-thumbnail","6":"product_cat-okategoriserad","8":"first","9":"instock","10":"shipping-taxable","11":"purchasable","12":"product-type-simple"},"_links":{"self":[{"href":"https:\/\/nordicmart.andreevmaster.com\/sv\/wp-json\/wp\/v2\/product\/19011","targetHints":{"allow":["GET"]}}],"collection":[{"href":"https:\/\/nordicmart.andreevmaster.com\/sv\/wp-json\/wp\/v2\/product"}],"about":[{"href":"https:\/\/nordicmart.andreevmaster.com\/sv\/wp-json\/wp\/v2\/types\/product"}],"replies":[{"embeddable":true,"href":"https:\/\/nordicmart.andreevmaster.com\/sv\/wp-json\/wp\/v2\/comments?post=19011"}],"wp:featuredmedia":[{"embeddable":true,"href":"https:\/\/nordicmart.andreevmaster.com\/sv\/wp-json\/wp\/v2\/media\/45972"}],"wp:attachment":[{"href":"https:\/\/nordicmart.andreevmaster.com\/sv\/wp-json\/wp\/v2\/media?parent=19011"}],"wp:term":[{"taxonomy":"product_brand","embeddable":true,"href":"https:\/\/nordicmart.andreevmaster.com\/sv\/wp-json\/wp\/v2\/product_brand?post=19011"},{"taxonomy":"product_cat","embeddable":true,"href":"https:\/\/nordicmart.andreevmaster.com\/sv\/wp-json\/wp\/v2\/product_cat?post=19011"},{"taxonomy":"product_tag","embeddable":true,"href":"https:\/\/nordicmart.andreevmaster.com\/sv\/wp-json\/wp\/v2\/product_tag?post=19011"}],"curies":[{"name":"wp","href":"https:\/\/api.w.org\/{rel}","templated":true}]}}