{"id":19005,"date":"2026-02-27T00:42:35","date_gmt":"2026-02-27T00:42:35","guid":{"rendered":"https:\/\/nordicmart.andreevmaster.com\/product\/songmics-tvattkorg-med-hjul-4-x-45-l-black-svart\/"},"modified":"2026-02-27T08:30:33","modified_gmt":"2026-02-27T08:30:33","slug":"songmics-tvattkorg-med-hjul-4-x-45-l-black-svart","status":"publish","type":"product","link":"https:\/\/nordicmart.andreevmaster.com\/sv\/produkt\/songmics-tvattkorg-med-hjul-4-x-45-l-black-svart\/","title":{"rendered":"SONGMICS tv\u00e4ttkorg med hjul 4 x 45 L bl\u00e4ck svart"},"content":{"rendered":"<p>SONGMICS tv\u00e4ttkorg, tv\u00e4ttsamlare med 4 avtagbara tygp\u00e5sar, tv\u00e4ttbeh\u00e5llare p\u00e5 hjul, tv\u00e4ttsorterare, stabil, 4 x 35 liter, svart LSF005<br \/>\nF\u00e4rg: Bl\u00e4ksvart<br \/>\nMaterial: Pulverlackerat st\u00e5lr\u00f6r, 600D polyesterfiberv\u00e4ska, nylonrulle<br \/>\nStorlek: 105 x 38,5 x 67\/81 cm (L x B x H)<br \/>\nStorlek p\u00e5 enskilda tv\u00e4tts\u00e4ckar: 34 x 24 x 47,5\/59,5 cm (L x B x H)<br \/>\nVikt: 4,6 kg<br \/>\nMax. statisk belastningskapacitet totalt: 40 kg<br \/>\nMax. statisk belastningskapacitet per p\u00e5se: 10 kg<\/p>\n","protected":false},"excerpt":{"rendered":"<p>SONGMICS tv\u00e4ttkorg, tv\u00e4ttsamlare med 4 avtagbara tygp\u00e5sar, tv\u00e4ttbeh\u00e5llare p\u00e5 hjul, tv\u00e4ttsorterare, stabil, 4 x 35 liter, svart LSF005<\/p>\n","protected":false},"featured_media":0,"comment_status":"open","ping_status":"closed","template":"","meta":[],"product_brand":[],"product_cat":[33],"product_tag":[],"class_list":{"0":"post-19005","1":"product","2":"type-product","3":"status-publish","5":"product_cat-okategoriserad","7":"first","8":"instock","9":"shipping-taxable","10":"purchasable","11":"product-type-simple"},"_links":{"self":[{"href":"https:\/\/nordicmart.andreevmaster.com\/sv\/wp-json\/wp\/v2\/product\/19005","targetHints":{"allow":["GET"]}}],"collection":[{"href":"https:\/\/nordicmart.andreevmaster.com\/sv\/wp-json\/wp\/v2\/product"}],"about":[{"href":"https:\/\/nordicmart.andreevmaster.com\/sv\/wp-json\/wp\/v2\/types\/product"}],"replies":[{"embeddable":true,"href":"https:\/\/nordicmart.andreevmaster.com\/sv\/wp-json\/wp\/v2\/comments?post=19005"}],"wp:attachment":[{"href":"https:\/\/nordicmart.andreevmaster.com\/sv\/wp-json\/wp\/v2\/media?parent=19005"}],"wp:term":[{"taxonomy":"product_brand","embeddable":true,"href":"https:\/\/nordicmart.andreevmaster.com\/sv\/wp-json\/wp\/v2\/product_brand?post=19005"},{"taxonomy":"product_cat","embeddable":true,"href":"https:\/\/nordicmart.andreevmaster.com\/sv\/wp-json\/wp\/v2\/product_cat?post=19005"},{"taxonomy":"product_tag","embeddable":true,"href":"https:\/\/nordicmart.andreevmaster.com\/sv\/wp-json\/wp\/v2\/product_tag?post=19005"}],"curies":[{"name":"wp","href":"https:\/\/api.w.org\/{rel}","templated":true}]}}