{"id":19003,"date":"2026-02-27T00:42:35","date_gmt":"2026-02-27T00:42:35","guid":{"rendered":"https:\/\/nordicmart.andreevmaster.com\/product\/songmics-tvattkorg-med-hjul-3-x-45-l-black-svart\/"},"modified":"2026-02-27T08:30:32","modified_gmt":"2026-02-27T08:30:32","slug":"songmics-tvattkorg-med-hjul-3-x-45-l-black-svart","status":"publish","type":"product","link":"https:\/\/nordicmart.andreevmaster.com\/sv\/produkt\/songmics-tvattkorg-med-hjul-3-x-45-l-black-svart\/","title":{"rendered":"SONGMICS tv\u00e4ttkorg med hjul 3 x 45 L bl\u00e4ck svart"},"content":{"rendered":"<p>SONGMICS tv\u00e4ttkorg, tv\u00e4ttsamlare med 4 avtagbara tygp\u00e5sar, tv\u00e4ttbeh\u00e5llare p\u00e5 hjul, tv\u00e4ttsorterare, stabil, 4 x 35 liter, svart LSF005<br \/>\nF\u00e4rg: Svart<br \/>\nMaterial: Pulverlackerat st\u00e5lr\u00f6r, 600D polyesterfiberp\u00e5se, nylonhjul<br \/>\nStorlek: 87,5 x 38,5 x 67\/81 cm (L x B x H)<br \/>\nStorlek p\u00e5 de enskilda tv\u00e4ttp\u00e5sarna: 34 x 20 x 45\/58 cm (L x B x H)<br \/>\nVikt: 4,5 kg<br \/>\nMax. statisk belastningskapacitet totalt: 40 kg<br \/>\nMax. statisk belastningskapacitet per p\u00e5se: 10 kg<\/p>\n","protected":false},"excerpt":{"rendered":"<p>SONGMICS tv\u00e4ttkorg, tv\u00e4ttsamlare med 4 avtagbara tygp\u00e5sar, tv\u00e4ttbeh\u00e5llare p\u00e5 hjul, tv\u00e4ttsorterare, stabil, 4 x 35 liter, svart LSF005<\/p>\n","protected":false},"featured_media":45967,"comment_status":"open","ping_status":"closed","template":"","meta":[],"product_brand":[],"product_cat":[33],"product_tag":[],"class_list":{"0":"post-19003","1":"product","2":"type-product","3":"status-publish","4":"has-post-thumbnail","6":"product_cat-okategoriserad","8":"first","9":"instock","10":"shipping-taxable","11":"purchasable","12":"product-type-simple"},"_links":{"self":[{"href":"https:\/\/nordicmart.andreevmaster.com\/sv\/wp-json\/wp\/v2\/product\/19003","targetHints":{"allow":["GET"]}}],"collection":[{"href":"https:\/\/nordicmart.andreevmaster.com\/sv\/wp-json\/wp\/v2\/product"}],"about":[{"href":"https:\/\/nordicmart.andreevmaster.com\/sv\/wp-json\/wp\/v2\/types\/product"}],"replies":[{"embeddable":true,"href":"https:\/\/nordicmart.andreevmaster.com\/sv\/wp-json\/wp\/v2\/comments?post=19003"}],"wp:featuredmedia":[{"embeddable":true,"href":"https:\/\/nordicmart.andreevmaster.com\/sv\/wp-json\/wp\/v2\/media\/45967"}],"wp:attachment":[{"href":"https:\/\/nordicmart.andreevmaster.com\/sv\/wp-json\/wp\/v2\/media?parent=19003"}],"wp:term":[{"taxonomy":"product_brand","embeddable":true,"href":"https:\/\/nordicmart.andreevmaster.com\/sv\/wp-json\/wp\/v2\/product_brand?post=19003"},{"taxonomy":"product_cat","embeddable":true,"href":"https:\/\/nordicmart.andreevmaster.com\/sv\/wp-json\/wp\/v2\/product_cat?post=19003"},{"taxonomy":"product_tag","embeddable":true,"href":"https:\/\/nordicmart.andreevmaster.com\/sv\/wp-json\/wp\/v2\/product_tag?post=19003"}],"curies":[{"name":"wp","href":"https:\/\/api.w.org\/{rel}","templated":true}]}}