{"id":19001,"date":"2026-02-27T00:42:34","date_gmt":"2026-02-27T00:42:34","guid":{"rendered":"https:\/\/nordicmart.andreevmaster.com\/product\/songmics-rund-tvattkorg-170-liter-med-4-hjul-kramfargad-silverfargad\/"},"modified":"2026-02-27T08:30:32","modified_gmt":"2026-02-27T08:30:32","slug":"songmics-rund-tvattkorg-170-liter-med-4-hjul-kramfargad-silverfargad","status":"publish","type":"product","link":"https:\/\/nordicmart.andreevmaster.com\/sv\/produkt\/songmics-rund-tvattkorg-170-liter-med-4-hjul-kramfargad-silverfargad\/","title":{"rendered":"SONGMICS rund tv\u00e4ttkorg 170 liter med 4 hjul, kr\u00e4mf\u00e4rgad-silverf\u00e4rgad"},"content":{"rendered":"<p>SONGMICS tv\u00e4ttkorg, tv\u00e4ttkorg med hjul, 170 liter tv\u00e4ttkorg, rund, st\u00e5lstativ, avtagbar tv\u00e4ttp\u00e5se, 4 hjul, varav 2 med bromsar, svart-silver RLS001B01<br \/>\nF\u00e4rg: Kr\u00e4mf\u00e4rgad-silver<br \/>\nMaterial: st\u00e5l, 600D polyesterv\u00e4v<br \/>\nStorlek: 60 x 81 cm (\u00d8 x H)<br \/>\nVikt: 4,6 kg<br \/>\nMax. statisk belastningskapacitet: 30 kg<\/p>\n","protected":false},"excerpt":{"rendered":"<p>SONGMICS tv\u00e4ttkorg, tv\u00e4ttkorg med hjul, 170 liter tv\u00e4ttkorg, rund, st\u00e5lstativ, avtagbar tv\u00e4ttp\u00e5se, 4 hjul, varav 2 med bromsar, svart-silver RLS001B01<\/p>\n","protected":false},"featured_media":45965,"comment_status":"open","ping_status":"closed","template":"","meta":[],"product_brand":[],"product_cat":[33],"product_tag":[],"class_list":{"0":"post-19001","1":"product","2":"type-product","3":"status-publish","4":"has-post-thumbnail","6":"product_cat-okategoriserad","8":"first","9":"instock","10":"shipping-taxable","11":"purchasable","12":"product-type-simple"},"_links":{"self":[{"href":"https:\/\/nordicmart.andreevmaster.com\/sv\/wp-json\/wp\/v2\/product\/19001","targetHints":{"allow":["GET"]}}],"collection":[{"href":"https:\/\/nordicmart.andreevmaster.com\/sv\/wp-json\/wp\/v2\/product"}],"about":[{"href":"https:\/\/nordicmart.andreevmaster.com\/sv\/wp-json\/wp\/v2\/types\/product"}],"replies":[{"embeddable":true,"href":"https:\/\/nordicmart.andreevmaster.com\/sv\/wp-json\/wp\/v2\/comments?post=19001"}],"wp:featuredmedia":[{"embeddable":true,"href":"https:\/\/nordicmart.andreevmaster.com\/sv\/wp-json\/wp\/v2\/media\/45965"}],"wp:attachment":[{"href":"https:\/\/nordicmart.andreevmaster.com\/sv\/wp-json\/wp\/v2\/media?parent=19001"}],"wp:term":[{"taxonomy":"product_brand","embeddable":true,"href":"https:\/\/nordicmart.andreevmaster.com\/sv\/wp-json\/wp\/v2\/product_brand?post=19001"},{"taxonomy":"product_cat","embeddable":true,"href":"https:\/\/nordicmart.andreevmaster.com\/sv\/wp-json\/wp\/v2\/product_cat?post=19001"},{"taxonomy":"product_tag","embeddable":true,"href":"https:\/\/nordicmart.andreevmaster.com\/sv\/wp-json\/wp\/v2\/product_tag?post=19001"}],"curies":[{"name":"wp","href":"https:\/\/api.w.org\/{rel}","templated":true}]}}