{"id":18992,"date":"2026-02-27T00:42:32","date_gmt":"2026-02-27T00:42:32","guid":{"rendered":"https:\/\/nordicmart.andreevmaster.com\/product\/songmics-tvattkorg-110-liter-med-hjul-och-tvattpase-gra-silverfargad\/"},"modified":"2026-02-27T08:30:30","modified_gmt":"2026-02-27T08:30:30","slug":"songmics-tvattkorg-110-liter-med-hjul-och-tvattpase-gra-silverfargad","status":"publish","type":"product","link":"https:\/\/nordicmart.andreevmaster.com\/sv\/produkt\/songmics-tvattkorg-110-liter-med-hjul-och-tvattpase-gra-silverfargad\/","title":{"rendered":"SONGMICS tv\u00e4ttkorg 110 liter med hjul och tv\u00e4ttp\u00e5se gr\u00e5-silverf\u00e4rgad"},"content":{"rendered":"<p>SONGMICS tv\u00e4ttkorg, tv\u00e4ttkorg med hjul, 170 liter tv\u00e4ttkorg, rund, st\u00e5lstativ, avtagbar tv\u00e4ttp\u00e5se, 4 hjul, varav 2 med bromsar, svart-silver RLS001B01<\/p>\n","protected":false},"excerpt":{"rendered":"<p>SONGMICS tv\u00e4ttkorg, tv\u00e4ttkorg med hjul, 170 liter tv\u00e4ttkorg, rund, st\u00e5lstativ, avtagbar tv\u00e4ttp\u00e5se, 4 hjul, varav 2 med bromsar, svart-silver RLS001B01<\/p>\n","protected":false},"featured_media":45956,"comment_status":"open","ping_status":"closed","template":"","meta":[],"product_brand":[],"product_cat":[33],"product_tag":[],"class_list":{"0":"post-18992","1":"product","2":"type-product","3":"status-publish","4":"has-post-thumbnail","6":"product_cat-okategoriserad","8":"first","9":"instock","10":"shipping-taxable","11":"purchasable","12":"product-type-simple"},"_links":{"self":[{"href":"https:\/\/nordicmart.andreevmaster.com\/sv\/wp-json\/wp\/v2\/product\/18992","targetHints":{"allow":["GET"]}}],"collection":[{"href":"https:\/\/nordicmart.andreevmaster.com\/sv\/wp-json\/wp\/v2\/product"}],"about":[{"href":"https:\/\/nordicmart.andreevmaster.com\/sv\/wp-json\/wp\/v2\/types\/product"}],"replies":[{"embeddable":true,"href":"https:\/\/nordicmart.andreevmaster.com\/sv\/wp-json\/wp\/v2\/comments?post=18992"}],"wp:featuredmedia":[{"embeddable":true,"href":"https:\/\/nordicmart.andreevmaster.com\/sv\/wp-json\/wp\/v2\/media\/45956"}],"wp:attachment":[{"href":"https:\/\/nordicmart.andreevmaster.com\/sv\/wp-json\/wp\/v2\/media?parent=18992"}],"wp:term":[{"taxonomy":"product_brand","embeddable":true,"href":"https:\/\/nordicmart.andreevmaster.com\/sv\/wp-json\/wp\/v2\/product_brand?post=18992"},{"taxonomy":"product_cat","embeddable":true,"href":"https:\/\/nordicmart.andreevmaster.com\/sv\/wp-json\/wp\/v2\/product_cat?post=18992"},{"taxonomy":"product_tag","embeddable":true,"href":"https:\/\/nordicmart.andreevmaster.com\/sv\/wp-json\/wp\/v2\/product_tag?post=18992"}],"curies":[{"name":"wp","href":"https:\/\/api.w.org\/{rel}","templated":true}]}}