{"id":18986,"date":"2026-02-27T00:42:30","date_gmt":"2026-02-27T00:42:30","guid":{"rendered":"https:\/\/nordicmart.andreevmaster.com\/product\/songmics-tvattkorg-med-flera-fack-och-praktiska-forvaringsutrymmen\/"},"modified":"2026-02-27T08:30:29","modified_gmt":"2026-02-27T08:30:29","slug":"songmics-tvattkorg-med-flera-fack-och-praktiska-forvaringsutrymmen","status":"publish","type":"product","link":"https:\/\/nordicmart.andreevmaster.com\/sv\/produkt\/songmics-tvattkorg-med-flera-fack-och-praktiska-forvaringsutrymmen\/","title":{"rendered":"SONGMICS tv\u00e4ttkorg med flera fack och praktiska f\u00f6rvaringsutrymmen"},"content":{"rendered":"<p>SONGMICS tv\u00e4ttkorg med 2 fack, bambu, tv\u00e4ttsamlare 100 l, tv\u00e4ttsorterare, med hyllor, tv\u00e4ttp\u00e5se, sm\u00e5 sidfickor, tv\u00e4ttst\u00e4llning, 2 x 50 l, 63 x 33 x 98 cm, kr\u00e4mvit RLH200W01<br \/>\nMaterial: bambu, oxfordtyg<br \/>\nTotal storlek: 63 x 33 x 98 cm (L x B x H)<br \/>\nStorlek p\u00e5 varje tv\u00e4ttp\u00e5se: 31 x 27 x 59 cm (L x B x H)<br \/>\nVikt: 6,6 kg<br \/>\nMax. statisk belastningskapacitet totalt: 38 kg<br \/>\nMax. statisk belastningskapacitet f\u00f6r varje tv\u00e4ttp\u00e5se: 7 kg<br \/>\nMax. statisk belastningskapacitet f\u00f6r en hylla: 10 kg<\/p>\n","protected":false},"excerpt":{"rendered":"<p>SONGMICS tv\u00e4ttkorg med 2 fack, bambu, tv\u00e4ttsamlare 100 l, tv\u00e4ttsorterare, med hyllor, tv\u00e4ttp\u00e5se, sm\u00e5 sidfickor, tv\u00e4ttst\u00e4llning, 2 x 50 l, 63 x 33 x 98 cm, kr\u00e4mvit RLH200W01<\/p>\n","protected":false},"featured_media":45950,"comment_status":"open","ping_status":"closed","template":"","meta":[],"product_brand":[],"product_cat":[33],"product_tag":[],"class_list":{"0":"post-18986","1":"product","2":"type-product","3":"status-publish","4":"has-post-thumbnail","6":"product_cat-okategoriserad","8":"first","9":"instock","10":"shipping-taxable","11":"purchasable","12":"product-type-simple"},"_links":{"self":[{"href":"https:\/\/nordicmart.andreevmaster.com\/sv\/wp-json\/wp\/v2\/product\/18986","targetHints":{"allow":["GET"]}}],"collection":[{"href":"https:\/\/nordicmart.andreevmaster.com\/sv\/wp-json\/wp\/v2\/product"}],"about":[{"href":"https:\/\/nordicmart.andreevmaster.com\/sv\/wp-json\/wp\/v2\/types\/product"}],"replies":[{"embeddable":true,"href":"https:\/\/nordicmart.andreevmaster.com\/sv\/wp-json\/wp\/v2\/comments?post=18986"}],"wp:featuredmedia":[{"embeddable":true,"href":"https:\/\/nordicmart.andreevmaster.com\/sv\/wp-json\/wp\/v2\/media\/45950"}],"wp:attachment":[{"href":"https:\/\/nordicmart.andreevmaster.com\/sv\/wp-json\/wp\/v2\/media?parent=18986"}],"wp:term":[{"taxonomy":"product_brand","embeddable":true,"href":"https:\/\/nordicmart.andreevmaster.com\/sv\/wp-json\/wp\/v2\/product_brand?post=18986"},{"taxonomy":"product_cat","embeddable":true,"href":"https:\/\/nordicmart.andreevmaster.com\/sv\/wp-json\/wp\/v2\/product_cat?post=18986"},{"taxonomy":"product_tag","embeddable":true,"href":"https:\/\/nordicmart.andreevmaster.com\/sv\/wp-json\/wp\/v2\/product_tag?post=18986"}],"curies":[{"name":"wp","href":"https:\/\/api.w.org\/{rel}","templated":true}]}}