{"id":18985,"date":"2026-02-27T00:42:30","date_gmt":"2026-02-27T00:42:30","guid":{"rendered":"https:\/\/nordicmart.andreevmaster.com\/product\/songmics-tvattkorg-4-fack-4-x-50-l-1246-x-33-x-78-cm-kramvit\/"},"modified":"2026-02-27T08:30:29","modified_gmt":"2026-02-27T08:30:29","slug":"songmics-tvattkorg-4-fack-4-x-50-l-1246-x-33-x-78-cm-kramvit","status":"publish","type":"product","link":"https:\/\/nordicmart.andreevmaster.com\/sv\/produkt\/songmics-tvattkorg-4-fack-4-x-50-l-1246-x-33-x-78-cm-kramvit\/","title":{"rendered":"SONGMICS tv\u00e4ttkorg 4 fack 4 x 50 L 124,6 x 33 x 78 cm kr\u00e4mvit"},"content":{"rendered":"<p>SONGMICS tv\u00e4ttkorg med 3 fack, bambu, tv\u00e4ttsamlare 150 l, tv\u00e4ttsorterare, med f\u00f6rvaringshylla, tv\u00e4ttp\u00e5se, sm\u00e5 sidfickor, tv\u00e4ttst\u00e4llning, 3 x 50 l, 94 x 33 x 78 cm, kr\u00e4mvit RLH115W01<br \/>\nF\u00e4rg: kr\u00e4mvit<br \/>\nMaterial: bambu, oxfordtyg<br \/>\nTotal storlek: 124,6 x 33 x 78 cm (L x B x H)<br \/>\nStorlek p\u00e5 varje tv\u00e4ttp\u00e5se: 31 x 27 x 59 cm (L x B x H)<br \/>\nVikt: 8,4 kg<br \/>\nMax. statisk belastningskapacitet totalt: 58 kg<br \/>\nMax. statisk belastningskapacitet f\u00f6r varje tv\u00e4ttp\u00e5se: 7 kg<br \/>\nMax. statisk belastningskapacitet f\u00f6r hyllan: 30 kg<\/p>\n","protected":false},"excerpt":{"rendered":"<p>SONGMICS tv\u00e4ttkorg med 3 fack, bambu, tv\u00e4ttsamlare 150 l, tv\u00e4ttsorterare, med f\u00f6rvaringshylla, tv\u00e4ttp\u00e5se, sm\u00e5 sidfickor, tv\u00e4ttst\u00e4llning, 3 x 50 l, 94 x 33 x 78 cm, kr\u00e4mvit RLH115W01<\/p>\n","protected":false},"featured_media":45949,"comment_status":"open","ping_status":"closed","template":"","meta":[],"product_brand":[],"product_cat":[33],"product_tag":[],"class_list":{"0":"post-18985","1":"product","2":"type-product","3":"status-publish","4":"has-post-thumbnail","6":"product_cat-okategoriserad","8":"first","9":"instock","10":"shipping-taxable","11":"purchasable","12":"product-type-simple"},"_links":{"self":[{"href":"https:\/\/nordicmart.andreevmaster.com\/sv\/wp-json\/wp\/v2\/product\/18985","targetHints":{"allow":["GET"]}}],"collection":[{"href":"https:\/\/nordicmart.andreevmaster.com\/sv\/wp-json\/wp\/v2\/product"}],"about":[{"href":"https:\/\/nordicmart.andreevmaster.com\/sv\/wp-json\/wp\/v2\/types\/product"}],"replies":[{"embeddable":true,"href":"https:\/\/nordicmart.andreevmaster.com\/sv\/wp-json\/wp\/v2\/comments?post=18985"}],"wp:featuredmedia":[{"embeddable":true,"href":"https:\/\/nordicmart.andreevmaster.com\/sv\/wp-json\/wp\/v2\/media\/45949"}],"wp:attachment":[{"href":"https:\/\/nordicmart.andreevmaster.com\/sv\/wp-json\/wp\/v2\/media?parent=18985"}],"wp:term":[{"taxonomy":"product_brand","embeddable":true,"href":"https:\/\/nordicmart.andreevmaster.com\/sv\/wp-json\/wp\/v2\/product_brand?post=18985"},{"taxonomy":"product_cat","embeddable":true,"href":"https:\/\/nordicmart.andreevmaster.com\/sv\/wp-json\/wp\/v2\/product_cat?post=18985"},{"taxonomy":"product_tag","embeddable":true,"href":"https:\/\/nordicmart.andreevmaster.com\/sv\/wp-json\/wp\/v2\/product_tag?post=18985"}],"curies":[{"name":"wp","href":"https:\/\/api.w.org\/{rel}","templated":true}]}}