{"id":18982,"date":"2026-02-27T00:42:29","date_gmt":"2026-02-27T00:42:29","guid":{"rendered":"https:\/\/nordicmart.andreevmaster.com\/product\/songmics-tvattkorg-med-2-fack-2-x-50-l-63-x-33-x-78-cm-kramvit\/"},"modified":"2026-02-27T08:30:28","modified_gmt":"2026-02-27T08:30:28","slug":"songmics-tvattkorg-med-2-fack-2-x-50-l-63-x-33-x-78-cm-kramvit","status":"publish","type":"product","link":"https:\/\/nordicmart.andreevmaster.com\/sv\/produkt\/songmics-tvattkorg-med-2-fack-2-x-50-l-63-x-33-x-78-cm-kramvit\/","title":{"rendered":"SONGMICS tv\u00e4ttkorg med 2 fack 2 x 50 l 63 x 33 x 78 cm kr\u00e4mvit"},"content":{"rendered":"<p>SONGMICS tv\u00e4ttkorg med 3 fack, bambu, tv\u00e4ttsamlare 150 l, tv\u00e4ttsorterare, med f\u00f6rvaringshylla, tv\u00e4ttp\u00e5se, sm\u00e5 sidfickor, tv\u00e4ttst\u00e4llning, 3 x 50 l, 94 x 33 x 78 cm, kr\u00e4mvit RLH115W01<\/p>\n","protected":false},"excerpt":{"rendered":"<p>SONGMICS tv\u00e4ttkorg med 3 fack, bambu, tv\u00e4ttsamlare 150 l, tv\u00e4ttsorterare, med f\u00f6rvaringshylla, tv\u00e4ttp\u00e5se, sm\u00e5 sidfickor, tv\u00e4ttst\u00e4llning, 3 x 50 l, 94 x 33 x 78 cm, kr\u00e4mvit RLH115W01<\/p>\n","protected":false},"featured_media":0,"comment_status":"open","ping_status":"closed","template":"","meta":[],"product_brand":[],"product_cat":[33],"product_tag":[],"class_list":{"0":"post-18982","1":"product","2":"type-product","3":"status-publish","5":"product_cat-okategoriserad","7":"first","8":"instock","9":"shipping-taxable","10":"purchasable","11":"product-type-simple"},"_links":{"self":[{"href":"https:\/\/nordicmart.andreevmaster.com\/sv\/wp-json\/wp\/v2\/product\/18982","targetHints":{"allow":["GET"]}}],"collection":[{"href":"https:\/\/nordicmart.andreevmaster.com\/sv\/wp-json\/wp\/v2\/product"}],"about":[{"href":"https:\/\/nordicmart.andreevmaster.com\/sv\/wp-json\/wp\/v2\/types\/product"}],"replies":[{"embeddable":true,"href":"https:\/\/nordicmart.andreevmaster.com\/sv\/wp-json\/wp\/v2\/comments?post=18982"}],"wp:attachment":[{"href":"https:\/\/nordicmart.andreevmaster.com\/sv\/wp-json\/wp\/v2\/media?parent=18982"}],"wp:term":[{"taxonomy":"product_brand","embeddable":true,"href":"https:\/\/nordicmart.andreevmaster.com\/sv\/wp-json\/wp\/v2\/product_brand?post=18982"},{"taxonomy":"product_cat","embeddable":true,"href":"https:\/\/nordicmart.andreevmaster.com\/sv\/wp-json\/wp\/v2\/product_cat?post=18982"},{"taxonomy":"product_tag","embeddable":true,"href":"https:\/\/nordicmart.andreevmaster.com\/sv\/wp-json\/wp\/v2\/product_tag?post=18982"}],"curies":[{"name":"wp","href":"https:\/\/api.w.org\/{rel}","templated":true}]}}