{"id":18981,"date":"2026-02-27T00:42:29","date_gmt":"2026-02-27T00:42:29","guid":{"rendered":"https:\/\/nordicmart.andreevmaster.com\/product\/songmics-tvattkorg-2-fack-2-x-50-l-63-x-33-x-78-cm-rokgra\/"},"modified":"2026-02-27T08:30:28","modified_gmt":"2026-02-27T08:30:28","slug":"songmics-tvattkorg-2-fack-2-x-50-l-63-x-33-x-78-cm-rokgra","status":"publish","type":"product","link":"https:\/\/nordicmart.andreevmaster.com\/sv\/produkt\/songmics-tvattkorg-2-fack-2-x-50-l-63-x-33-x-78-cm-rokgra\/","title":{"rendered":"SONGMICS tv\u00e4ttkorg 2 fack 2 x 50 L 63 x 33 x 78 cm r\u00f6kgr\u00e5"},"content":{"rendered":"<p>SONGMICS tv\u00e4ttkorg med 3 fack, bambu, tv\u00e4ttsamlare 150 l, tv\u00e4ttsorterare, med f\u00f6rvaringshylla, tv\u00e4ttp\u00e5se, sm\u00e5 sidfickor, tv\u00e4ttst\u00e4llning, 3 x 50 l, 94 x 33 x 78 cm, kr\u00e4mvit RLH115W01<br \/>\nF\u00e4rg: R\u00f6kgr\u00e5<br \/>\nMaterial: Bambu, Oxford-tyg<br \/>\nTotal storlek: 63 x 33 x 78 cm (L x B x H)<br \/>\nStorlek p\u00e5 varje tv\u00e4ttp\u00e5se: 31 x 27 x 59 cm (L x B x H)<br \/>\nVikt: 5 kg<br \/>\nMax. statisk belastningskapacitet totalt: 32 kg<br \/>\nMax. statisk belastningskapacitet f\u00f6r varje tv\u00e4ttp\u00e5se: 7 kg<br \/>\nMax. statisk belastningskapacitet f\u00f6r hyllan: 18 kg<\/p>\n","protected":false},"excerpt":{"rendered":"<p>SONGMICS tv\u00e4ttkorg med 3 fack, bambu, tv\u00e4ttsamlare 150 l, tv\u00e4ttsorterare, med f\u00f6rvaringshylla, tv\u00e4ttp\u00e5se, sm\u00e5 sidfickor, tv\u00e4ttst\u00e4llning, 3 x 50 l, 94 x 33 x 78 cm, kr\u00e4mvit RLH115W01<\/p>\n","protected":false},"featured_media":45948,"comment_status":"open","ping_status":"closed","template":"","meta":[],"product_brand":[],"product_cat":[33],"product_tag":[],"class_list":{"0":"post-18981","1":"product","2":"type-product","3":"status-publish","4":"has-post-thumbnail","6":"product_cat-okategoriserad","8":"first","9":"instock","10":"shipping-taxable","11":"purchasable","12":"product-type-simple"},"_links":{"self":[{"href":"https:\/\/nordicmart.andreevmaster.com\/sv\/wp-json\/wp\/v2\/product\/18981","targetHints":{"allow":["GET"]}}],"collection":[{"href":"https:\/\/nordicmart.andreevmaster.com\/sv\/wp-json\/wp\/v2\/product"}],"about":[{"href":"https:\/\/nordicmart.andreevmaster.com\/sv\/wp-json\/wp\/v2\/types\/product"}],"replies":[{"embeddable":true,"href":"https:\/\/nordicmart.andreevmaster.com\/sv\/wp-json\/wp\/v2\/comments?post=18981"}],"wp:featuredmedia":[{"embeddable":true,"href":"https:\/\/nordicmart.andreevmaster.com\/sv\/wp-json\/wp\/v2\/media\/45948"}],"wp:attachment":[{"href":"https:\/\/nordicmart.andreevmaster.com\/sv\/wp-json\/wp\/v2\/media?parent=18981"}],"wp:term":[{"taxonomy":"product_brand","embeddable":true,"href":"https:\/\/nordicmart.andreevmaster.com\/sv\/wp-json\/wp\/v2\/product_brand?post=18981"},{"taxonomy":"product_cat","embeddable":true,"href":"https:\/\/nordicmart.andreevmaster.com\/sv\/wp-json\/wp\/v2\/product_cat?post=18981"},{"taxonomy":"product_tag","embeddable":true,"href":"https:\/\/nordicmart.andreevmaster.com\/sv\/wp-json\/wp\/v2\/product_tag?post=18981"}],"curies":[{"name":"wp","href":"https:\/\/api.w.org\/{rel}","templated":true}]}}