{"id":18972,"date":"2026-02-27T00:42:26","date_gmt":"2026-02-27T00:42:26","guid":{"rendered":"https:\/\/nordicmart.andreevmaster.com\/product\/songmics-tvattkorg-med-tre-fack-lock-och-tvattbar-innerpase\/"},"modified":"2026-02-27T08:30:26","modified_gmt":"2026-02-27T08:30:26","slug":"songmics-tvattkorg-med-tre-fack-lock-och-tvattbar-innerpase","status":"publish","type":"product","link":"https:\/\/nordicmart.andreevmaster.com\/sv\/produkt\/songmics-tvattkorg-med-tre-fack-lock-och-tvattbar-innerpase\/","title":{"rendered":"SONGMICS tv\u00e4ttkorg med tre fack, lock och tv\u00e4ttbar innerp\u00e5se"},"content":{"rendered":"<p>SONGMICS tv\u00e4ttkorg med 3 fack, 160 l, med lock, 5 etiketter, avtagbar och tv\u00e4ttbar innerp\u00e5se, tv\u00e4ttstuga sovrum, bl\u00e4ck svart RLH013B01<br \/>\nF\u00e4rg: Bl\u00e4ck svart<br \/>\nMaterial: Oxford-tyg, polyester, st\u00e5l, kartong, glasfiberstavar, PU-konstl\u00e4der<br \/>\nStorlek: 64 x 33 x 75 cm (L x B x H)<br \/>\nVikt: 1,7 kg<br \/>\nMax. total statisk belastningskapacitet: 15 kg<\/p>\n","protected":false},"excerpt":{"rendered":"<p>SONGMICS tv\u00e4ttkorg med 3 fack, 160 l, med lock, 5 etiketter, avtagbar och tv\u00e4ttbar innerp\u00e5se, tv\u00e4ttstuga sovrum, bl\u00e4ck svart RLH013B01<\/p>\n","protected":false},"featured_media":45939,"comment_status":"open","ping_status":"closed","template":"","meta":[],"product_brand":[],"product_cat":[33],"product_tag":[],"class_list":{"0":"post-18972","1":"product","2":"type-product","3":"status-publish","4":"has-post-thumbnail","6":"product_cat-okategoriserad","8":"first","9":"instock","10":"shipping-taxable","11":"purchasable","12":"product-type-simple"},"_links":{"self":[{"href":"https:\/\/nordicmart.andreevmaster.com\/sv\/wp-json\/wp\/v2\/product\/18972","targetHints":{"allow":["GET"]}}],"collection":[{"href":"https:\/\/nordicmart.andreevmaster.com\/sv\/wp-json\/wp\/v2\/product"}],"about":[{"href":"https:\/\/nordicmart.andreevmaster.com\/sv\/wp-json\/wp\/v2\/types\/product"}],"replies":[{"embeddable":true,"href":"https:\/\/nordicmart.andreevmaster.com\/sv\/wp-json\/wp\/v2\/comments?post=18972"}],"wp:featuredmedia":[{"embeddable":true,"href":"https:\/\/nordicmart.andreevmaster.com\/sv\/wp-json\/wp\/v2\/media\/45939"}],"wp:attachment":[{"href":"https:\/\/nordicmart.andreevmaster.com\/sv\/wp-json\/wp\/v2\/media?parent=18972"}],"wp:term":[{"taxonomy":"product_brand","embeddable":true,"href":"https:\/\/nordicmart.andreevmaster.com\/sv\/wp-json\/wp\/v2\/product_brand?post=18972"},{"taxonomy":"product_cat","embeddable":true,"href":"https:\/\/nordicmart.andreevmaster.com\/sv\/wp-json\/wp\/v2\/product_cat?post=18972"},{"taxonomy":"product_tag","embeddable":true,"href":"https:\/\/nordicmart.andreevmaster.com\/sv\/wp-json\/wp\/v2\/product_tag?post=18972"}],"curies":[{"name":"wp","href":"https:\/\/api.w.org\/{rel}","templated":true}]}}