{"id":18970,"date":"2026-02-27T00:42:25","date_gmt":"2026-02-27T00:42:25","guid":{"rendered":"https:\/\/nordicmart.andreevmaster.com\/product\/songmics-hylla-med-4-tyglador-beige\/"},"modified":"2026-02-27T08:30:25","modified_gmt":"2026-02-27T08:30:25","slug":"songmics-hylla-med-4-tyglador-beige","status":"publish","type":"product","link":"https:\/\/nordicmart.andreevmaster.com\/sv\/produkt\/songmics-hylla-med-4-tyglador-beige\/","title":{"rendered":"SONGMICS hylla med 4 tygl\u00e5dor Beige"},"content":{"rendered":"<p>Den eleganta hopf\u00e4llbara garderoben fr\u00e5n Songmics \u00e4r den perfekta l\u00f6sningen f\u00f6r snabb och perfekt ordning!   Den best\u00e5r av ett stabilt st\u00e5lr\u00f6rsstativ och robust tyg. Den erbjuder dammfri och ren f\u00f6rvaring av kl\u00e4der. Garderoben \u00e4r mycket utrymmeseffektiv och passar  d\u00e4rf\u00f6r i varje h\u00f6rn! Denna hopf\u00e4llbara textilsk\u00e5p med 8 l\u00e5dor erbjuder gott om plats f\u00f6r dina kl\u00e4der, skor etc.  Den \u00e4r extremt l\u00e4tt och idealisk f\u00f6r transport. Sk\u00e5pet \u00e4r inte bara praktiskt f\u00f6r f\u00f6rvaring av dina kl\u00e4der och andra f\u00f6rem\u00e5l, utan fungerar ocks\u00e5 som  dekoration och skapar mode och trender. Det skapar en ordnad och st\u00e4dad atmosf\u00e4r i din l\u00e4genhet! Anvisningar: &#8211; Inte l\u00e4mpligt f\u00f6r fuktiga kl\u00e4der. &#8211; Dra inte h\u00e5rt i den. &#8211; Tv\u00e4tta inte med vatten. &#8211; \u00d6verdraget av fleece-tyg \u00e4r inte tv\u00e4ttbart med vatten. Produktdetaljer: &#8211; F\u00e4rg: beige &#8211; M\u00e5tt: 45 x 84,5 x 38 cm (B x H x D) &#8211; Material: non-woven-tyg, st\u00e5lr\u00f6r &#8211; L\u00e5dans m\u00e5tt: 41 x 16,5 x 35 cm  Leveransomfattning:  &#8211; 1 x byr\u00e5 <\/p>\n","protected":false},"excerpt":{"rendered":"<p>SONGMICS f\u00f6rvaringsbyr\u00e5 med 4 l\u00e5dor, byr\u00e5, tygsk\u00e5p, campingf\u00f6rvaring, 45 x 84,5 x 38 cm (B x H x D), beige RLG14M<\/p>\n","protected":false},"featured_media":45937,"comment_status":"open","ping_status":"closed","template":"","meta":[],"product_brand":[],"product_cat":[33],"product_tag":[],"class_list":{"0":"post-18970","1":"product","2":"type-product","3":"status-publish","4":"has-post-thumbnail","6":"product_cat-okategoriserad","8":"first","9":"instock","10":"shipping-taxable","11":"purchasable","12":"product-type-simple"},"_links":{"self":[{"href":"https:\/\/nordicmart.andreevmaster.com\/sv\/wp-json\/wp\/v2\/product\/18970","targetHints":{"allow":["GET"]}}],"collection":[{"href":"https:\/\/nordicmart.andreevmaster.com\/sv\/wp-json\/wp\/v2\/product"}],"about":[{"href":"https:\/\/nordicmart.andreevmaster.com\/sv\/wp-json\/wp\/v2\/types\/product"}],"replies":[{"embeddable":true,"href":"https:\/\/nordicmart.andreevmaster.com\/sv\/wp-json\/wp\/v2\/comments?post=18970"}],"wp:featuredmedia":[{"embeddable":true,"href":"https:\/\/nordicmart.andreevmaster.com\/sv\/wp-json\/wp\/v2\/media\/45937"}],"wp:attachment":[{"href":"https:\/\/nordicmart.andreevmaster.com\/sv\/wp-json\/wp\/v2\/media?parent=18970"}],"wp:term":[{"taxonomy":"product_brand","embeddable":true,"href":"https:\/\/nordicmart.andreevmaster.com\/sv\/wp-json\/wp\/v2\/product_brand?post=18970"},{"taxonomy":"product_cat","embeddable":true,"href":"https:\/\/nordicmart.andreevmaster.com\/sv\/wp-json\/wp\/v2\/product_cat?post=18970"},{"taxonomy":"product_tag","embeddable":true,"href":"https:\/\/nordicmart.andreevmaster.com\/sv\/wp-json\/wp\/v2\/product_tag?post=18970"}],"curies":[{"name":"wp","href":"https:\/\/api.w.org\/{rel}","templated":true}]}}