{"id":18969,"date":"2026-02-27T00:42:25","date_gmt":"2026-02-27T00:42:25","guid":{"rendered":"https:\/\/nordicmart.andreevmaster.com\/product\/hyllan-med-4-tygskap-beige\/"},"modified":"2026-02-27T08:30:25","modified_gmt":"2026-02-27T08:30:25","slug":"hyllan-med-4-tygskap-beige","status":"publish","type":"product","link":"https:\/\/nordicmart.andreevmaster.com\/sv\/produkt\/hyllan-med-4-tygskap-beige\/","title":{"rendered":"Hyllan med 4 tygsk\u00e5p Beige"},"content":{"rendered":"<p>Den stilfulde foldegarderobe fra Songmics er den ideelle l\u00f8sning til hurtig og perfekt organisering!   Den best\u00e5r af et robust st\u00e5lr\u00f8rsstel og robust fleecestof. Det giver st\u00f8vfri og ren opbevaring af t\u00f8jet. Garderoben er meget pladsbesparende, s\u00e5 den passer ind i alle hj\u00f8rner! Denna hopf\u00e4llbara textilgarderob med 8 l\u00e5dor ger massor av plats f\u00f6r dina kl\u00e4der, skor osv.  Den \u00e4r extremt l\u00e4tt och idealisk f\u00f6r transport. Sk\u00e5pet \u00e4r inte bara praktiskt f\u00f6r f\u00f6rvaring av kl\u00e4der och andra saker, utan fungerar ocks\u00e5 som dekoration och skapar mode och trender. Det skapar en snygg och st\u00e4dad atmosf\u00e4r i ditt hem! Anm\u00e4rkningar: &#8211; Inte l\u00e4mplig f\u00f6r fuktiga kl\u00e4der. &#8211; Dra inte h\u00e5rt i den. &#8211; F\u00e5r inte tv\u00e4ttas med vatten. &#8211; \u00d6verdraget av fleecetyg kan inte tv\u00e4ttas med vatten. Produktinformation: &#8211; F\u00e4rg: beige &#8211; M\u00e5tt: 45 x 84,5 x 38 cm (B x H x D) &#8211; Material: fleecetyg, st\u00e5lr\u00f6r &#8211; L\u00e5dans m\u00e5tt: 41 x 16,5 x 35 cm Leveransomfattning: &#8211; 1 x l\u00e5da<\/p>\n","protected":false},"excerpt":{"rendered":"<p>Den stilfulde foldegarderobe fra Songmics er den ideelle l\u00f8sning til hurtig og perfekt organisering! Den best\u00e5r af et robust st\u00e5lr\u00f8rsstel og robust fleecestof. Det giver st\u00f8vfri og ren opbevaring af t\u00f8jet. Garderoben er meget pladsbesparende, s\u00e5 den passer ind i alle hj\u00f8rner! Denna hopf\u00e4llbara textilgarderob med 8 l\u00e5dor ger massor av plats f\u00f6r dina kl\u00e4der, [&hellip;]<\/p>\n","protected":false},"featured_media":0,"comment_status":"open","ping_status":"closed","template":"","meta":[],"product_brand":[],"product_cat":[33],"product_tag":[],"class_list":{"0":"post-18969","1":"product","2":"type-product","3":"status-publish","5":"product_cat-okategoriserad","7":"first","8":"instock","9":"shipping-taxable","10":"product-type-simple"},"_links":{"self":[{"href":"https:\/\/nordicmart.andreevmaster.com\/sv\/wp-json\/wp\/v2\/product\/18969","targetHints":{"allow":["GET"]}}],"collection":[{"href":"https:\/\/nordicmart.andreevmaster.com\/sv\/wp-json\/wp\/v2\/product"}],"about":[{"href":"https:\/\/nordicmart.andreevmaster.com\/sv\/wp-json\/wp\/v2\/types\/product"}],"replies":[{"embeddable":true,"href":"https:\/\/nordicmart.andreevmaster.com\/sv\/wp-json\/wp\/v2\/comments?post=18969"}],"wp:attachment":[{"href":"https:\/\/nordicmart.andreevmaster.com\/sv\/wp-json\/wp\/v2\/media?parent=18969"}],"wp:term":[{"taxonomy":"product_brand","embeddable":true,"href":"https:\/\/nordicmart.andreevmaster.com\/sv\/wp-json\/wp\/v2\/product_brand?post=18969"},{"taxonomy":"product_cat","embeddable":true,"href":"https:\/\/nordicmart.andreevmaster.com\/sv\/wp-json\/wp\/v2\/product_cat?post=18969"},{"taxonomy":"product_tag","embeddable":true,"href":"https:\/\/nordicmart.andreevmaster.com\/sv\/wp-json\/wp\/v2\/product_tag?post=18969"}],"curies":[{"name":"wp","href":"https:\/\/api.w.org\/{rel}","templated":true}]}}