{"id":18968,"date":"2026-02-27T00:42:25","date_gmt":"2026-02-27T00:42:25","guid":{"rendered":"https:\/\/nordicmart.andreevmaster.com\/product\/songmics-hyllor-med-4-tyglador-svart\/"},"modified":"2026-02-27T08:30:25","modified_gmt":"2026-02-27T08:30:25","slug":"songmics-hyllor-med-4-tyglador-svart","status":"publish","type":"product","link":"https:\/\/nordicmart.andreevmaster.com\/sv\/produkt\/songmics-hyllor-med-4-tyglador-svart\/","title":{"rendered":"SONGMICS hyllor med 4 tygl\u00e5dor Svart"},"content":{"rendered":"<p>Utnyttja varje h\u00f6rn i din l\u00e4genhet till fullo. Denna byr\u00e5 fr\u00e5n SONGMICS erbjuder gott om plats f\u00f6r dina kl\u00e4der eller andra f\u00f6rem\u00e5l och \u00e4r med sina m\u00e5tt 45 x 38 x 84,5 cm (L x B x H) och en vikt p\u00e5 endast 3 kg \u00e4nd\u00e5 s\u00e5 kompakt att du kan placera den i vilket h\u00f6rn som helst i din l\u00e4genhet. Den eleganta byr\u00e5n \u00e4r dessutom ett dekorativt inslag som ger din l\u00e4genhet en fr\u00e4sch touch. Skydda dina \u00e4godelar F\u00f6rvara inte dina favoritprylar p\u00e5 en st\u00f6kig plats full av damm! Denna sidob\u00e4nk \u00e4r utrustad med ett robust metallstativ och 4 ventilerande och fuktbest\u00e4ndiga tygl\u00e5dor. Den erbjuder allts\u00e5 gott om plats f\u00f6r dina tillh\u00f6righeter och skyddar dem fr\u00e5n damm och smuts. Extremt m\u00e5ngsidig Tack vare byr\u00e5ns stora kapacitet kan du f\u00f6rvara en m\u00e4ngd olika f\u00f6rem\u00e5l som leksaker, kl\u00e4der eller skrivmaterial i de 4 l\u00e5dorna. Placera denna byr\u00e5 till exempel bredvid din s\u00e4ng i sovrummet, i vardagsrummet, i hallen, i barnrummet, p\u00e5 kontoret eller i vilket annat rum du \u00e4n kommer p\u00e5. Produktdetaljer &#8211; F\u00e4rg: Svart &#8211; Material: Textilkomposit, metallr\u00f6r, plast &#8211; Storlek: 45 x 38 x 84,5 cm (L x B x H) &#8211; Vikt: 3 kg &#8211; Max. statisk belastningskapacitet per l\u00e5da: 2 kg &#8211; Max. statisk belastningskapacitet totalt: 8 kg Leveransomfattning &#8211; 1 x byr\u00e5 &#8211; 1 x bruksanvisning SONGMICS Anm\u00e4rkningar &#8211; Anv\u00e4nd inte produkten utomhus.<\/p>\n","protected":false},"excerpt":{"rendered":"<p>SONGMICS f\u00f6rvaringsbyr\u00e5 med 4 l\u00e5dor, byr\u00e5, tygsk\u00e5p, campingf\u00f6rvaring, 45 x 84,5 x 38 cm (B x H x D), beige RLG14M<\/p>\n","protected":false},"featured_media":45936,"comment_status":"open","ping_status":"closed","template":"","meta":[],"product_brand":[],"product_cat":[33],"product_tag":[],"class_list":{"0":"post-18968","1":"product","2":"type-product","3":"status-publish","4":"has-post-thumbnail","6":"product_cat-okategoriserad","8":"first","9":"instock","10":"shipping-taxable","11":"purchasable","12":"product-type-simple"},"_links":{"self":[{"href":"https:\/\/nordicmart.andreevmaster.com\/sv\/wp-json\/wp\/v2\/product\/18968","targetHints":{"allow":["GET"]}}],"collection":[{"href":"https:\/\/nordicmart.andreevmaster.com\/sv\/wp-json\/wp\/v2\/product"}],"about":[{"href":"https:\/\/nordicmart.andreevmaster.com\/sv\/wp-json\/wp\/v2\/types\/product"}],"replies":[{"embeddable":true,"href":"https:\/\/nordicmart.andreevmaster.com\/sv\/wp-json\/wp\/v2\/comments?post=18968"}],"wp:featuredmedia":[{"embeddable":true,"href":"https:\/\/nordicmart.andreevmaster.com\/sv\/wp-json\/wp\/v2\/media\/45936"}],"wp:attachment":[{"href":"https:\/\/nordicmart.andreevmaster.com\/sv\/wp-json\/wp\/v2\/media?parent=18968"}],"wp:term":[{"taxonomy":"product_brand","embeddable":true,"href":"https:\/\/nordicmart.andreevmaster.com\/sv\/wp-json\/wp\/v2\/product_brand?post=18968"},{"taxonomy":"product_cat","embeddable":true,"href":"https:\/\/nordicmart.andreevmaster.com\/sv\/wp-json\/wp\/v2\/product_cat?post=18968"},{"taxonomy":"product_tag","embeddable":true,"href":"https:\/\/nordicmart.andreevmaster.com\/sv\/wp-json\/wp\/v2\/product_tag?post=18968"}],"curies":[{"name":"wp","href":"https:\/\/api.w.org\/{rel}","templated":true}]}}